{"id":783090,"date":"2026-02-23T13:14:01","date_gmt":"2026-02-23T10:14:01","guid":{"rendered":"https:\/\/roveyayinevi.com.tr\/index.php\/urun\/bitmeden-susan-sarkilar\/"},"modified":"2026-04-15T03:46:55","modified_gmt":"2026-04-15T00:46:55","slug":"bitmeden-susan-sarkilar","status":"publish","type":"product","link":"https:\/\/roveyayinevi.com.tr\/index.php\/urun\/bitmeden-susan-sarkilar\/","title":{"rendered":"Bitmeden Susan \u015eark\u0131lar"},"content":{"rendered":"<p>\u00dcnl\u00fc bir \u015fark\u0131c\u0131\u2026 S\u0131rlarla \u00e7evrili bir cinayet\u2026 Ve y\u0131llar sonra, adaleti ararken yeniden bulu\u015fan yar\u0131m kalm\u0131\u015f iki hayat\u2026 Bora Ayd\u0131n, \u00fclkenin en tan\u0131nan ses sanat\u00e7\u0131lar\u0131ndan biridir. Ancak ge\u00e7mi\u015finde ya\u015fad\u0131\u011f\u0131 bir trajedi, onu a\u015fktan korkan, kad\u0131nlara kar\u015f\u0131 mesafeli ve hoyrat bir adama d\u00f6n\u00fc\u015ft\u00fcrm\u00fc\u015ft\u00fcr. Ona hayranl\u0131kla yakla\u015fan gen\u00e7 bir kad\u0131nla \u2013Beste\u2019yle\u2013 ge\u00e7irdi\u011fi o tek geceden sonra ard\u0131nda yine k\u0131r\u0131lm\u0131\u015f bir kalp b\u0131rak\u0131r.Y\u0131llar sonra kader, ikisini umulmad\u0131k ko\u015fullarda yeniden kar\u015f\u0131 kar\u015f\u0131ya getirir. Bora Ayd\u0131n, kar\u0131s\u0131n\u0131 \u00f6ld\u00fcrmekle su\u00e7lanmaktad\u0131r. Onu savunan avukatlar aras\u0131nda ise, bir zamanlar kalbini parampar\u00e7a etti\u011fi Beste de vard\u0131r. Cinayetin etraf\u0131ndaki s\u0131r perdesini aralamaya \u00e7al\u0131\u015fan Beste, her duru\u015fmada yaln\u0131zca ger\u00e7e\u011fe de\u011fil, kendi ge\u00e7mi\u015fine de biraz daha yakla\u015f\u0131r ve unutuldu\u011fu d\u00fc\u015f\u00fcn\u00fclen bir a\u015fk\u0131n sessiz \u015fark\u0131s\u0131 yeniden \u00e7almaya ba\u015flar.Modern zaman masallar\u0131n\u0131n usta kalemi Ay\u015feg\u00fcl \u00c7i\u00e7eko\u011flu yeni roman\u0131nda, pi\u015fmanl\u0131klar\u0131n g\u00f6lgesinden ge\u00e7erek yeniden do\u011fmaya cesaret edebilmenin hik\u00e2yesini anlat\u0131yor.<\/p>\n","protected":false},"excerpt":{"rendered":"<p>\u00dcnl\u00fc bir \u015fark\u0131c\u0131\u2026 S\u0131rlarla \u00e7evrili bir cinayet\u2026 Ve y\u0131llar sonra, adaleti ararken yeniden bulu\u015fan yar\u0131m kalm\u0131\u015f iki hayat\u2026 Bora Ayd\u0131n, \u00fclkenin en tan\u0131nan ses sanat\u00e7\u0131lar\u0131ndan biridir.<span class=\"excerpt-hellip\"> [\u2026]<\/span><\/p>\n","protected":false},"featured_media":0,"template":"","meta":{"_monsterinsights_skip_tracking":false,"_monsterinsights_sitenote_active":false,"_monsterinsights_sitenote_note":"","_monsterinsights_sitenote_category":0},"product_brand":[],"product_cat":[141304],"product_tag":[],"class_list":{"0":"post-783090","1":"product","2":"type-product","3":"status-publish","5":"product_cat-yeni-cikanlar","6":"pa_cilt-ciltsiz","7":"pa_tur-kitap","8":"pa_yayinevi-ithaki-yayinlari","9":"pa_yazar-aysegul-cicekoglu","11":"first","12":"instock","13":"sale","14":"shipping-taxable","15":"purchasable","16":"product-type-simple"},"_links":{"self":[{"href":"https:\/\/roveyayinevi.com.tr\/index.php\/wp-json\/wp\/v2\/product\/783090","targetHints":{"allow":["GET"]}}],"collection":[{"href":"https:\/\/roveyayinevi.com.tr\/index.php\/wp-json\/wp\/v2\/product"}],"about":[{"href":"https:\/\/roveyayinevi.com.tr\/index.php\/wp-json\/wp\/v2\/types\/product"}],"wp:attachment":[{"href":"https:\/\/roveyayinevi.com.tr\/index.php\/wp-json\/wp\/v2\/media?parent=783090"}],"wp:term":[{"taxonomy":"product_brand","embeddable":true,"href":"https:\/\/roveyayinevi.com.tr\/index.php\/wp-json\/wp\/v2\/product_brand?post=783090"},{"taxonomy":"product_cat","embeddable":true,"href":"https:\/\/roveyayinevi.com.tr\/index.php\/wp-json\/wp\/v2\/product_cat?post=783090"},{"taxonomy":"product_tag","embeddable":true,"href":"https:\/\/roveyayinevi.com.tr\/index.php\/wp-json\/wp\/v2\/product_tag?post=783090"}],"curies":[{"name":"wp","href":"https:\/\/api.w.org\/{rel}","templated":true}]}}