{"id":783088,"date":"2026-02-23T13:13:55","date_gmt":"2026-02-23T10:13:55","guid":{"rendered":"https:\/\/roveyayinevi.com.tr\/index.php\/urun\/sistem-cokusu-katilbot-gunlukleri-7\/"},"modified":"2026-04-15T03:46:55","modified_gmt":"2026-04-15T00:46:55","slug":"sistem-cokusu-katilbot-gunlukleri-7","status":"publish","type":"product","link":"https:\/\/roveyayinevi.com.tr\/index.php\/urun\/sistem-cokusu-katilbot-gunlukleri-7\/","title":{"rendered":"Sistem \u00c7\u00f6k\u00fc\u015f\u00fc \/ Katilbot G\u00fcnl\u00fckleri 7"},"content":{"rendered":"<p>\u201cDurumun daha k\u00f6t\u00fcye gidemeyece\u011fini d\u00fc\u015f\u00fcn\u00fcrken bir de bak\u0131yorsun ki gidiveriyor.\u201dHerkesin favori \u00f6l\u00fcmc\u00fcl G\u00fcvBirim\u2019i geri d\u00f6nd\u00fc.BarishEstranza, tehlikedeki bir koloniye kurtarma gemileri ve ek G\u00fcvBirimler g\u00f6nderiyor. Eli bo\u015f d\u00f6nmemeye kararl\u0131. Hatta ele ge\u00e7irece\u011fi o \u201c\u015fey\u201d koca bir insan kolonisi olsa bile\u2026 Sonu\u00e7ta bedava i\u015fg\u00fcc\u00fc de makul bir teselli ikramiyesi say\u0131l\u0131r.Ancak Katilbot i\u00e7in i\u015fler pek de yolunda gitmiyor; normal parametrelerinin d\u0131\u015f\u0131na \u00e7\u0131km\u0131\u015f durumda. GAT ve Preservation ekibi, kolonistleri korumak ad\u0131na \u00e7\u0131rp\u0131nsa da a\u011f\u0131r silahl\u0131 \u201cikna\u201d g\u00fc\u00e7leri kar\u015f\u0131s\u0131nda \u00e7aresiz. Tek umutlar\u0131, Katilbot\u2019un kendi i\u00e7indeki sorunu \u00e7\u00f6zmesi. Hem de bir an \u00f6nce.Evet, bu plan\u2026 kesinlikle i\u015fe yaramayacak!\u201cKatilbot\u2019a bay\u0131l\u0131yorum.\u201d \u2013 Ann Leckie\u201cDaha \u00f6nce hi\u00e7bir kitab\u0131n ana karakterine b\u00f6ylesine ba\u011flanmam\u0131\u015ft\u0131m.\u201d \u2013 Patrick Rothfuss<\/p>\n","protected":false},"excerpt":{"rendered":"<p>\u201cDurumun daha k\u00f6t\u00fcye gidemeyece\u011fini d\u00fc\u015f\u00fcn\u00fcrken bir de bak\u0131yorsun ki gidiveriyor.\u201dHerkesin favori \u00f6l\u00fcmc\u00fcl G\u00fcvBirim\u2019i geri d\u00f6nd\u00fc.BarishEstranza, tehlikedeki bir koloniye kurtarma gemileri ve ek G\u00fcvBirimler g\u00f6nderiyor. Eli bo\u015f<span class=\"excerpt-hellip\"> [\u2026]<\/span><\/p>\n","protected":false},"featured_media":0,"template":"","meta":{"_monsterinsights_skip_tracking":false,"_monsterinsights_sitenote_active":false,"_monsterinsights_sitenote_note":"","_monsterinsights_sitenote_category":0},"product_brand":[],"product_cat":[12540,12291],"product_tag":[],"class_list":{"0":"post-783088","1":"product","2":"type-product","3":"status-publish","5":"product_cat-bilim-kurgu","6":"product_cat-edebiyat","7":"pa_cilt-ciltsiz","8":"pa_tur-kitap","9":"pa_yayinevi-ithaki-yayinlari","10":"pa_yazar-martha-wells","12":"first","13":"instock","14":"sale","15":"shipping-taxable","16":"purchasable","17":"product-type-simple"},"_links":{"self":[{"href":"https:\/\/roveyayinevi.com.tr\/index.php\/wp-json\/wp\/v2\/product\/783088","targetHints":{"allow":["GET"]}}],"collection":[{"href":"https:\/\/roveyayinevi.com.tr\/index.php\/wp-json\/wp\/v2\/product"}],"about":[{"href":"https:\/\/roveyayinevi.com.tr\/index.php\/wp-json\/wp\/v2\/types\/product"}],"wp:attachment":[{"href":"https:\/\/roveyayinevi.com.tr\/index.php\/wp-json\/wp\/v2\/media?parent=783088"}],"wp:term":[{"taxonomy":"product_brand","embeddable":true,"href":"https:\/\/roveyayinevi.com.tr\/index.php\/wp-json\/wp\/v2\/product_brand?post=783088"},{"taxonomy":"product_cat","embeddable":true,"href":"https:\/\/roveyayinevi.com.tr\/index.php\/wp-json\/wp\/v2\/product_cat?post=783088"},{"taxonomy":"product_tag","embeddable":true,"href":"https:\/\/roveyayinevi.com.tr\/index.php\/wp-json\/wp\/v2\/product_tag?post=783088"}],"curies":[{"name":"wp","href":"https:\/\/api.w.org\/{rel}","templated":true}]}}