{"id":783086,"date":"2026-02-23T13:13:51","date_gmt":"2026-02-23T10:13:51","guid":{"rendered":"https:\/\/roveyayinevi.com.tr\/index.php\/urun\/karanlik-yolun-efendisi-4\/"},"modified":"2026-04-15T03:46:55","modified_gmt":"2026-04-15T00:46:55","slug":"karanlik-yolun-efendisi-4","status":"publish","type":"product","link":"https:\/\/roveyayinevi.com.tr\/index.php\/urun\/karanlik-yolun-efendisi-4\/","title":{"rendered":"Karanl\u0131k Yolun Efendisi 4"},"content":{"rendered":"<p>WE\u0130 WUX\u0130AN VE LAN WANGJ\u0130, \u0130ZLER\u0130 TAK\u0130P EDEREK B\u0130LMED\u0130KLER\u0130 B\u0130R KASABAYA VARIR. ANCAK OLAYLAR KONTROLDEN \u00c7IKAR VE HAYALETLER AKIN AKIN \u00dcSTLER\u0130NE GEL\u0130R. ONLARI K\u0130M\u0130N Y\u00d6NETT\u0130\u011e\u0130 VE KARANLIK YOLUN EFEND\u0130S\u0130\u2019NE NEDEN \u0130TAAT ETMED\u0130KLER\u0130 \u0130SE BEL\u0130RS\u0130ZD\u0130R. KASABADA BULUNAN G\u0130ZEML\u0130 MEZARLIKTA B\u0130R ZAMANLAR SOYLU A\u0130LELER\u0130 DER\u0130NDEN SARSAN B\u0130R OLAY YA\u015eANMI\u015eTIR. BU OLAYDAN SONRA, ESK\u0130 SAVA\u015e H\u0130K\u00c2YERLER\u0130NDE ANLATILAN PARLAK AY I\u015eI\u011eI VE SER\u0130N R\u00dcZG\u00c2RLARIN YER\u0130N\u0130 KEDERL\u0130 B\u0130R \u0130\u00c7 \u00c7EK\u0130\u015e KAPLAR&#8230; PEK\u0130, DEH\u015eETE SEBEP OLAN KAT\u0130L CEZASINI ALDI MI YOKSA H\u00c2L\u00c2 SERBEST M\u0130 DOLA\u015eMAKTA? KASABAYI KARANLI\u011eA BO\u011eAN OLAYIN, WE\u0130 WUX\u0130AN VE LAN WANGJ\u0130\u2019N\u0130N ARADI\u011eI HAYALETLE NASIL B\u0130R \u0130L\u0130\u015eK\u0130S\u0130 VAR? BU SORULARIN CEVABINI BULANA DEK SESLER, ONLARI B\u0130R G\u00d6LGE G\u0130B\u0130 TAK\u0130P EDECEK. KAR\u015eILA\u015eTIKLARI K\u00d6R VE SA\u011eIR KADIN GER\u00c7E\u011e\u0130 B\u0130LSE B\u0130LE ONU ANLAMAK H\u0130\u00c7 KOLAY OLMAYACAKTIR&#8230;<\/p>\n","protected":false},"excerpt":{"rendered":"<p>WE\u0130 WUX\u0130AN VE LAN WANGJ\u0130, \u0130ZLER\u0130 TAK\u0130P EDEREK B\u0130LMED\u0130KLER\u0130 B\u0130R KASABAYA VARIR. ANCAK OLAYLAR KONTROLDEN \u00c7IKAR VE HAYALETLER AKIN AKIN \u00dcSTLER\u0130NE GEL\u0130R. ONLARI K\u0130M\u0130N Y\u00d6NETT\u0130\u011e\u0130 VE<span class=\"excerpt-hellip\"> [\u2026]<\/span><\/p>\n","protected":false},"featured_media":0,"template":"","meta":{"_monsterinsights_skip_tracking":false,"_monsterinsights_sitenote_active":false,"_monsterinsights_sitenote_note":"","_monsterinsights_sitenote_category":0},"product_brand":[],"product_cat":[12416,12291],"product_tag":[],"class_list":{"0":"post-783086","1":"product","2":"type-product","3":"status-publish","5":"product_cat-cizgi-roman","6":"product_cat-edebiyat","7":"pa_cilt-ciltsiz","8":"pa_tur-kitap","9":"pa_yayinevi-athica-yayinlari","10":"pa_yazar-mo-xiang-tong-xiu","12":"first","13":"instock","14":"sale","15":"shipping-taxable","16":"purchasable","17":"product-type-simple"},"_links":{"self":[{"href":"https:\/\/roveyayinevi.com.tr\/index.php\/wp-json\/wp\/v2\/product\/783086","targetHints":{"allow":["GET"]}}],"collection":[{"href":"https:\/\/roveyayinevi.com.tr\/index.php\/wp-json\/wp\/v2\/product"}],"about":[{"href":"https:\/\/roveyayinevi.com.tr\/index.php\/wp-json\/wp\/v2\/types\/product"}],"wp:attachment":[{"href":"https:\/\/roveyayinevi.com.tr\/index.php\/wp-json\/wp\/v2\/media?parent=783086"}],"wp:term":[{"taxonomy":"product_brand","embeddable":true,"href":"https:\/\/roveyayinevi.com.tr\/index.php\/wp-json\/wp\/v2\/product_brand?post=783086"},{"taxonomy":"product_cat","embeddable":true,"href":"https:\/\/roveyayinevi.com.tr\/index.php\/wp-json\/wp\/v2\/product_cat?post=783086"},{"taxonomy":"product_tag","embeddable":true,"href":"https:\/\/roveyayinevi.com.tr\/index.php\/wp-json\/wp\/v2\/product_tag?post=783086"}],"curies":[{"name":"wp","href":"https:\/\/api.w.org\/{rel}","templated":true}]}}