{"id":783073,"date":"2026-02-23T13:13:22","date_gmt":"2026-02-23T10:13:22","guid":{"rendered":"https:\/\/roveyayinevi.com.tr\/index.php\/urun\/annem-sefika\/"},"modified":"2026-04-08T03:44:26","modified_gmt":"2026-04-08T00:44:26","slug":"annem-sefika","status":"publish","type":"product","link":"https:\/\/roveyayinevi.com.tr\/index.php\/urun\/annem-sefika\/","title":{"rendered":"Annem \u015eefika"},"content":{"rendered":"<p>1917\u2019de do\u011fan; hayat\u0131 K\u0131r\u0131m\u2019dan Stalingrad\u2019a, Nazi kamplar\u0131ndan Ankara\u2019da Dil ve Tarih-Co\u011frafya Fak\u00fcltesi\u2019nde Rus Dili hocal\u0131\u011f\u0131na uzanan, yoksulluk, bask\u0131 ve vatans\u0131zl\u0131kla s\u0131nanan bir hayat. Atlatt\u0131\u011f\u0131 onca badireye ra\u011fmen insani de\u011ferleri, merhameti ve umudu kaybetmemi\u015f bir ki\u015filik \u015eefika Kara\u015fay Ortayl\u0131. \u015eefika Ortayl\u0131, 20. y\u00fczy\u0131l\u0131n en sert k\u0131r\u0131lmalar\u0131n\u0131 ya\u015fam\u0131\u015f bir ku\u015faktan. \u00c7ocuklu\u011funu ve gen\u00e7li\u011fini sava\u015flar\u0131n ve ideolojik bask\u0131lar\u0131n g\u00f6lgesinde ge\u00e7irdi; T\u00fcrkiye\u2019de ise y\u00fczlerce \u00f6\u011frenci yeti\u015ftirdi. Bu sayfalarda \u015fekillenen yaln\u0131zca bir \u00f6\u011fretmen ya da akademisyen de\u011fil; anlatmay\u0131 seven, dinlemeyi bilen, insanlar\u0131 k\u00f6kenlerine, inan\u00e7lar\u0131na ya da siyasi tercihlerine g\u00f6re ay\u0131rmay\u0131 reddeden g\u00fc\u00e7l\u00fc bir vicdan\u0131n portresi. Nuriye Ortayl\u0131, annesinin y\u0131llar boyunca g\u00fcnl\u00fck sohbetler s\u0131ras\u0131nda aktard\u0131\u011f\u0131 an\u0131lar\u0131 bir araya getirirken ki\u015fisel bir haf\u0131za kayd\u0131 tutuyor. B\u00fcy\u00fck tarih anlat\u0131lar\u0131n\u0131n d\u0131\u015f\u0131nda kalan, \u00e7o\u011fu zaman g\u00f6r\u00fcnmeyen insan hik\u00e2yelerini g\u00f6r\u00fcn\u00fcr k\u0131l\u0131yor. S\u00fcrg\u00fcnlerin, sava\u015flar\u0131n ve sessiz direni\u015flerin i\u00e7inden ge\u00e7en bu anlat\u0131, insan\u0131n her ko\u015fulda nas\u0131l insan kalabildi\u011fini hat\u0131rlat\u0131yor. Annem \u015eefika, \u201centeresan zamanlarda\u201d ya\u015fam\u0131\u015f bir kad\u0131n\u0131n hayat\u0131ndan s\u00fcz\u00fclen tan\u0131kl\u0131klarla, bug\u00fcn\u00fcn d\u00fcnyas\u0131na do\u011frudan seslenen bir haf\u0131za kitab\u0131.<\/p>\n","protected":false},"excerpt":{"rendered":"<p>1917\u2019de do\u011fan; hayat\u0131 K\u0131r\u0131m\u2019dan Stalingrad\u2019a, Nazi kamplar\u0131ndan Ankara\u2019da Dil ve Tarih-Co\u011frafya Fak\u00fcltesi\u2019nde Rus Dili hocal\u0131\u011f\u0131na uzanan, yoksulluk, bask\u0131 ve vatans\u0131zl\u0131kla s\u0131nanan bir hayat. Atlatt\u0131\u011f\u0131 onca badireye<span class=\"excerpt-hellip\"> [\u2026]<\/span><\/p>\n","protected":false},"featured_media":0,"template":"","meta":{"_monsterinsights_skip_tracking":false,"_monsterinsights_sitenote_active":false,"_monsterinsights_sitenote_note":"","_monsterinsights_sitenote_category":0},"product_brand":[],"product_cat":[141304],"product_tag":[],"class_list":{"0":"post-783073","1":"product","2":"type-product","3":"status-publish","5":"product_cat-yeni-cikanlar","6":"pa_cilt-ciltsiz","7":"pa_tur-kitap","8":"pa_yayinevi-kronik-kitap","9":"pa_yazar-nuriye-ortayli","11":"first","12":"instock","13":"sale","14":"shipping-taxable","15":"purchasable","16":"product-type-simple"},"_links":{"self":[{"href":"https:\/\/roveyayinevi.com.tr\/index.php\/wp-json\/wp\/v2\/product\/783073","targetHints":{"allow":["GET"]}}],"collection":[{"href":"https:\/\/roveyayinevi.com.tr\/index.php\/wp-json\/wp\/v2\/product"}],"about":[{"href":"https:\/\/roveyayinevi.com.tr\/index.php\/wp-json\/wp\/v2\/types\/product"}],"wp:attachment":[{"href":"https:\/\/roveyayinevi.com.tr\/index.php\/wp-json\/wp\/v2\/media?parent=783073"}],"wp:term":[{"taxonomy":"product_brand","embeddable":true,"href":"https:\/\/roveyayinevi.com.tr\/index.php\/wp-json\/wp\/v2\/product_brand?post=783073"},{"taxonomy":"product_cat","embeddable":true,"href":"https:\/\/roveyayinevi.com.tr\/index.php\/wp-json\/wp\/v2\/product_cat?post=783073"},{"taxonomy":"product_tag","embeddable":true,"href":"https:\/\/roveyayinevi.com.tr\/index.php\/wp-json\/wp\/v2\/product_tag?post=783073"}],"curies":[{"name":"wp","href":"https:\/\/api.w.org\/{rel}","templated":true}]}}