{"id":783068,"date":"2026-02-23T13:13:11","date_gmt":"2026-02-23T10:13:11","guid":{"rendered":"https:\/\/roveyayinevi.com.tr\/index.php\/urun\/bir-donum-noktasi-olarak-tutunamayanlar-ve-oguz-atay\/"},"modified":"2026-04-15T03:46:55","modified_gmt":"2026-04-15T00:46:55","slug":"bir-donum-noktasi-olarak-tutunamayanlar-ve-oguz-atay","status":"publish","type":"product","link":"https:\/\/roveyayinevi.com.tr\/index.php\/urun\/bir-donum-noktasi-olarak-tutunamayanlar-ve-oguz-atay\/","title":{"rendered":"Bir D\u00f6n\u00fcm Noktas\u0131 Olarak Tutunamayanlar ve O\u011fuz Atay"},"content":{"rendered":"<p>Tutunamayanlar ve O\u011fuz Atay \u201cTutunamayanlar \u00fczerine yeni ne s\u00f6ylenebilir?\u201d sorusuna kuvvetli bir cevap verirken, bir yandan da roman\u0131n \u201ctaze\u201d okurlar\u0131na yol g\u00f6steriyor, bu b\u00fcy\u00fck roman\u0131n edebiyat\u0131m\u0131zdaki yerini ikna edici bir bi\u00e7imde ortaya koyuyor.Murat Belge, \u201cT\u00fcrkiye\u2019de yaz\u0131lagelmi\u015f en b\u00fcy\u00fck roman\u201d olarak nitelendirdi\u011fi Tutunamayanlar\u2019\u0131 \u00e7etrefilli yay\u0131mlanma maceras\u0131ndan, y\u0131llar sonra kavu\u015ftu\u011fu b\u00fcy\u00fck \u00fcne; anlat\u0131 tekniklerinden, metinleraras\u0131 ili\u015fkilere; parodi ve ironiden, siyasal ve teolojik alegorilere, edebiyat tarihinin ba\u015fat metinleriyle kurulan ba\u011flara varan geni\u015f bir alanda inceliyor.<\/p>\n","protected":false},"excerpt":{"rendered":"<p>Tutunamayanlar ve O\u011fuz Atay \u201cTutunamayanlar \u00fczerine yeni ne s\u00f6ylenebilir?\u201d sorusuna kuvvetli bir cevap verirken, bir yandan da roman\u0131n \u201ctaze\u201d okurlar\u0131na yol g\u00f6steriyor, bu b\u00fcy\u00fck roman\u0131n edebiyat\u0131m\u0131zdaki<span class=\"excerpt-hellip\"> [\u2026]<\/span><\/p>\n","protected":false},"featured_media":0,"template":"","meta":{"_monsterinsights_skip_tracking":false,"_monsterinsights_sitenote_active":false,"_monsterinsights_sitenote_note":"","_monsterinsights_sitenote_category":0},"product_brand":[],"product_cat":[13072,12291],"product_tag":[],"class_list":{"0":"post-783068","1":"product","2":"type-product","3":"status-publish","5":"product_cat-arastirma-inceleme-referans","6":"product_cat-edebiyat","7":"pa_cilt-ciltsiz","8":"pa_tur-kitap","9":"pa_yayinevi-iletisim-yayinlari","10":"pa_yazar-murat-belge","12":"first","13":"instock","14":"sale","15":"shipping-taxable","16":"purchasable","17":"product-type-simple"},"_links":{"self":[{"href":"https:\/\/roveyayinevi.com.tr\/index.php\/wp-json\/wp\/v2\/product\/783068","targetHints":{"allow":["GET"]}}],"collection":[{"href":"https:\/\/roveyayinevi.com.tr\/index.php\/wp-json\/wp\/v2\/product"}],"about":[{"href":"https:\/\/roveyayinevi.com.tr\/index.php\/wp-json\/wp\/v2\/types\/product"}],"wp:attachment":[{"href":"https:\/\/roveyayinevi.com.tr\/index.php\/wp-json\/wp\/v2\/media?parent=783068"}],"wp:term":[{"taxonomy":"product_brand","embeddable":true,"href":"https:\/\/roveyayinevi.com.tr\/index.php\/wp-json\/wp\/v2\/product_brand?post=783068"},{"taxonomy":"product_cat","embeddable":true,"href":"https:\/\/roveyayinevi.com.tr\/index.php\/wp-json\/wp\/v2\/product_cat?post=783068"},{"taxonomy":"product_tag","embeddable":true,"href":"https:\/\/roveyayinevi.com.tr\/index.php\/wp-json\/wp\/v2\/product_tag?post=783068"}],"curies":[{"name":"wp","href":"https:\/\/api.w.org\/{rel}","templated":true}]}}