{"id":783067,"date":"2026-02-23T13:13:08","date_gmt":"2026-02-23T10:13:08","guid":{"rendered":"https:\/\/roveyayinevi.com.tr\/index.php\/urun\/mualla\/"},"modified":"2026-04-15T03:46:55","modified_gmt":"2026-04-15T00:46:55","slug":"mualla","status":"publish","type":"product","link":"https:\/\/roveyayinevi.com.tr\/index.php\/urun\/mualla\/","title":{"rendered":"Mualla"},"content":{"rendered":"<p>\u201cMualla bir yeti\u015fkin, gelmek isterse gelir, kalmak isterse kal\u0131r, \u00f6lmek isterse \u00f6l\u00fcr, dirilir dirilir gelir, mah\u015fer g\u00fcn\u00fcnde hesap verir.\u201dG\u00fcnay \u00c7etao K\u0131z\u0131l\u0131rmak, bir yas\u0131n izini s\u00fcrerken hayat ile \u00f6l\u00fcm aras\u0131ndaki \u00e7izginin ne kadar silik oldu\u011funu hat\u0131rlat\u0131yor.Kahraman\u0131m\u0131z, \u00f6l\u00fcme bir ba\u015flang\u0131\u00e7 ya da bir son anlam\u0131 y\u00fcklemeden; ablas\u0131 Mualla\u2019n\u0131n \u00e7ocukluk, gen\u00e7lik ve evlilik y\u0131llar\u0131n\u0131, ko\u015far ad\u0131m intihara s\u00fcr\u00fcklendi\u011fi g\u00fcnleri ve ard\u0131ndan tutulan yas\u0131n a\u011f\u0131r zamanlar\u0131n\u0131, bir b\u00fct\u00fcn\u00fcn par\u00e7alar\u0131 gibi g\u00f6r\u00fcp yan yana getiriyor. Hissetmenin de anlamak kadar \u00f6nemli oldu\u011funun her an fark\u0131nda&#8230;Bir r\u00fcyan\u0131n, bir hayalin ad\u0131 Mualla.<\/p>\n","protected":false},"excerpt":{"rendered":"<p>\u201cMualla bir yeti\u015fkin, gelmek isterse gelir, kalmak isterse kal\u0131r, \u00f6lmek isterse \u00f6l\u00fcr, dirilir dirilir gelir, mah\u015fer g\u00fcn\u00fcnde hesap verir.\u201dG\u00fcnay \u00c7etao K\u0131z\u0131l\u0131rmak, bir yas\u0131n izini s\u00fcrerken hayat<span class=\"excerpt-hellip\"> [\u2026]<\/span><\/p>\n","protected":false},"featured_media":0,"template":"","meta":{"_monsterinsights_skip_tracking":false,"_monsterinsights_sitenote_active":false,"_monsterinsights_sitenote_note":"","_monsterinsights_sitenote_category":0},"product_brand":[],"product_cat":[12291,12711],"product_tag":[],"class_list":{"0":"post-783067","1":"product","2":"type-product","3":"status-publish","5":"product_cat-edebiyat","6":"product_cat-roman-oyku","7":"pa_cilt-ciltsiz","8":"pa_tur-kitap","9":"pa_yayinevi-iletisim-yayinlari","10":"pa_yazar-gunay-cetao-kizilirmak","12":"first","13":"instock","14":"sale","15":"shipping-taxable","16":"purchasable","17":"product-type-simple"},"_links":{"self":[{"href":"https:\/\/roveyayinevi.com.tr\/index.php\/wp-json\/wp\/v2\/product\/783067","targetHints":{"allow":["GET"]}}],"collection":[{"href":"https:\/\/roveyayinevi.com.tr\/index.php\/wp-json\/wp\/v2\/product"}],"about":[{"href":"https:\/\/roveyayinevi.com.tr\/index.php\/wp-json\/wp\/v2\/types\/product"}],"wp:attachment":[{"href":"https:\/\/roveyayinevi.com.tr\/index.php\/wp-json\/wp\/v2\/media?parent=783067"}],"wp:term":[{"taxonomy":"product_brand","embeddable":true,"href":"https:\/\/roveyayinevi.com.tr\/index.php\/wp-json\/wp\/v2\/product_brand?post=783067"},{"taxonomy":"product_cat","embeddable":true,"href":"https:\/\/roveyayinevi.com.tr\/index.php\/wp-json\/wp\/v2\/product_cat?post=783067"},{"taxonomy":"product_tag","embeddable":true,"href":"https:\/\/roveyayinevi.com.tr\/index.php\/wp-json\/wp\/v2\/product_tag?post=783067"}],"curies":[{"name":"wp","href":"https:\/\/api.w.org\/{rel}","templated":true}]}}