{"id":783065,"date":"2026-02-23T13:13:02","date_gmt":"2026-02-23T10:13:02","guid":{"rendered":"https:\/\/roveyayinevi.com.tr\/index.php\/urun\/kirkikindiler-bittiginde\/"},"modified":"2026-04-15T03:46:55","modified_gmt":"2026-04-15T00:46:55","slug":"kirkikindiler-bittiginde","status":"publish","type":"product","link":"https:\/\/roveyayinevi.com.tr\/index.php\/urun\/kirkikindiler-bittiginde\/","title":{"rendered":"K\u0131rkikindiler Bitti\u011finde"},"content":{"rendered":"<p>\u201cBu bir masal de\u011fildi. \u00c7\u00fcnk\u00fc masallar, ger\u00e7eklerle \u00e7o\u011fu zaman \u00f6rt\u00fc\u015fmezdi. Bir masal\u0131n i\u00e7 y\u00fcz\u00fcyd\u00fc kaleme ald\u0131klar\u0131. Sevdi\u011fi i\u00e7in delice kavgalar veren, d\u00fcnyadan dev\u015firebildi\u011fi b\u00fct\u00fcn g\u00fczellikleri sevdi\u011fine sunan birisi vard\u0131 bu masal olmayan masalda. S\u0131rf sevdi\u011fi mutlu olsun diye onun doyumsuz heveslerine g\u00f6z yuman; ekme\u011fini, be\u015f kuru\u015funu bir \u00e7ocuk sevinciyle payla\u015fan, yedi\u011fi nice darbe sonras\u0131nda bile gururunu hi\u00e7e say\u0131p g\u00f6zya\u015flar\u0131n\u0131 saklayarak ayakta durmaya \u00e7al\u0131\u015fan biri&#8230;\u201dK\u0131rkikindiler Bitti\u011finde, sevgiye a\u00e7 bir adam\u0131n umars\u0131z yaln\u0131zl\u0131\u011f\u0131n\u0131n, h\u00fcsranla biten a\u015fklar\u0131n\u0131n, babas\u0131yla bir \u00f6m\u00fcr s\u00fcren husumetinin, edebiyata olan tutkusunun, evini payla\u015ft\u0131\u011f\u0131 kedilerinin anlat\u0131ld\u0131\u011f\u0131, y\u00fckte hafif pahada a\u011f\u0131r bir roman.Ethem Baran, yaln\u0131zca bir g\u00fcn i\u00e7erisinde ge\u00e7en, hat\u0131rlay\u0131\u015flarla ve geriye d\u00f6n\u00fc\u015flerle geni\u015fleyip b\u00fcy\u00fcyen, fonda Ankara\u2019n\u0131n ak\u0131p giden kent manzaralar\u0131yla ve seksenli-doksanl\u0131 y\u0131llar\u0131n kendine \u00f6zg\u00fc atmosferiyle derinle\u015fen h\u00fcz\u00fcnl\u00fc bir hik\u00e2ye anlat\u0131yor.<\/p>\n","protected":false},"excerpt":{"rendered":"<p>\u201cBu bir masal de\u011fildi. \u00c7\u00fcnk\u00fc masallar, ger\u00e7eklerle \u00e7o\u011fu zaman \u00f6rt\u00fc\u015fmezdi. Bir masal\u0131n i\u00e7 y\u00fcz\u00fcyd\u00fc kaleme ald\u0131klar\u0131. Sevdi\u011fi i\u00e7in delice kavgalar veren, d\u00fcnyadan dev\u015firebildi\u011fi b\u00fct\u00fcn g\u00fczellikleri sevdi\u011fine<span class=\"excerpt-hellip\"> [\u2026]<\/span><\/p>\n","protected":false},"featured_media":0,"template":"","meta":{"_monsterinsights_skip_tracking":false,"_monsterinsights_sitenote_active":false,"_monsterinsights_sitenote_note":"","_monsterinsights_sitenote_category":0},"product_brand":[],"product_cat":[12291,12711],"product_tag":[],"class_list":{"0":"post-783065","1":"product","2":"type-product","3":"status-publish","5":"product_cat-edebiyat","6":"product_cat-roman-oyku","7":"pa_cilt-ciltsiz","8":"pa_tur-kitap","9":"pa_yayinevi-iletisim-yayinlari","10":"pa_yazar-ethem-baran","12":"first","13":"instock","14":"sale","15":"shipping-taxable","16":"purchasable","17":"product-type-simple"},"_links":{"self":[{"href":"https:\/\/roveyayinevi.com.tr\/index.php\/wp-json\/wp\/v2\/product\/783065","targetHints":{"allow":["GET"]}}],"collection":[{"href":"https:\/\/roveyayinevi.com.tr\/index.php\/wp-json\/wp\/v2\/product"}],"about":[{"href":"https:\/\/roveyayinevi.com.tr\/index.php\/wp-json\/wp\/v2\/types\/product"}],"wp:attachment":[{"href":"https:\/\/roveyayinevi.com.tr\/index.php\/wp-json\/wp\/v2\/media?parent=783065"}],"wp:term":[{"taxonomy":"product_brand","embeddable":true,"href":"https:\/\/roveyayinevi.com.tr\/index.php\/wp-json\/wp\/v2\/product_brand?post=783065"},{"taxonomy":"product_cat","embeddable":true,"href":"https:\/\/roveyayinevi.com.tr\/index.php\/wp-json\/wp\/v2\/product_cat?post=783065"},{"taxonomy":"product_tag","embeddable":true,"href":"https:\/\/roveyayinevi.com.tr\/index.php\/wp-json\/wp\/v2\/product_tag?post=783065"}],"curies":[{"name":"wp","href":"https:\/\/api.w.org\/{rel}","templated":true}]}}