{"id":783064,"date":"2026-02-23T13:12:59","date_gmt":"2026-02-23T10:12:59","guid":{"rendered":"https:\/\/roveyayinevi.com.tr\/index.php\/urun\/dersim-kirim-envanteri\/"},"modified":"2026-04-15T03:46:54","modified_gmt":"2026-04-15T00:46:54","slug":"dersim-kirim-envanteri","status":"publish","type":"product","link":"https:\/\/roveyayinevi.com.tr\/index.php\/urun\/dersim-kirim-envanteri\/","title":{"rendered":"Dersim K\u0131r\u0131m Envanteri"},"content":{"rendered":"<p>Dersim\u2019de 1937-1938\u2019de ya\u015fanan, resm\u00ee tarihin \u201cisyan\u201d, yerel haf\u0131zan\u0131n \u201cTertele\u201d olarak adland\u0131rd\u0131\u011f\u0131 b\u00fcy\u00fck toplumsal travman\u0131n k\u00fc\u00e7\u00fck bir bilan\u00e7osunu ortaya seriyor Dersim K\u0131r\u0131m\u0131 Envanteri. Ya\u015fananlar\u0131 dokuz \u00f6rnek vaka ve mek\u00e2n \u00fczerinden ele alan kitap, genellemeci yakla\u015f\u0131mlar\u0131n, afaki bilgilerin ve hamasi s\u00f6ylemlerin \u00f6tesine ge\u00e7meyi hedefleyerek Dersim \u201938 \u00e7al\u0131\u015fmalar\u0131ndaki somut ve spesifik bilgilere dayal\u0131 envanter \u00e7al\u0131\u015fmalar\u0131n\u0131n eksikli\u011fini bir nebze olsun gidermeyi ama\u00e7l\u0131yor. B\u00fclent Bilmez ve Cemal Ta\u015f, \u201cmikro tarihe\u201d, olay mahalline, ma\u011fdurlara ve saha ara\u015ft\u0131rmalar\u0131na dayal\u0131 \u201csomut olgusal bilgi\u201dyle Dersim\u2019de ya\u015fananlara dair g\u00fcvenilir bir zemin in\u015fa ediyorlar.Sadece tan\u0131kl\u0131klar\u0131 de\u011fil, a\u011f\u0131tlar\u0131, eski ve g\u00fcncel g\u00f6rselleri, isimleri tespit edilebilen ma\u011fdurlar\u0131 ve resm\u00ee g\u00f6revlileri de i\u00e7eren Dersim K\u0131r\u0131m\u0131 Envanteri tarihle y\u00fczle\u015fmek, hesapla\u015fmak ve onar\u0131c\u0131 adalet aray\u0131\u015f\u0131na katk\u0131 sunmak isteyen herkes i\u00e7in sars\u0131c\u0131 bir ba\u015fvuru kayna\u011f\u0131.\u201cAs\u0131l mesele \u2018Velev ki isyan olmu\u015f olsun\u2019 diyebilmek, isyan\u0131n devletin uygulad\u0131\u011f\u0131 asker\u00ee \u015fiddeti hakl\u0131 \u00e7\u0131karmayaca\u011f\u0131n\u0131 g\u00f6rmek ve g\u00f6stermektir. Sivillerin kitlesel olarak hedef al\u0131nmas\u0131 (&#8230;) uluslararas\u0131 hukukun soyk\u0131r\u0131m olarak adland\u0131rd\u0131\u011f\u0131 eylem repertuar\u0131na i\u015faret eder.\u201d B. B\u0130LMEZ &#8211; C. TA\u015e<\/p>\n","protected":false},"excerpt":{"rendered":"<p>Dersim\u2019de 1937-1938\u2019de ya\u015fanan, resm\u00ee tarihin \u201cisyan\u201d, yerel haf\u0131zan\u0131n \u201cTertele\u201d olarak adland\u0131rd\u0131\u011f\u0131 b\u00fcy\u00fck toplumsal travman\u0131n k\u00fc\u00e7\u00fck bir bilan\u00e7osunu ortaya seriyor Dersim K\u0131r\u0131m\u0131 Envanteri. Ya\u015fananlar\u0131 dokuz \u00f6rnek vaka<span class=\"excerpt-hellip\"> [\u2026]<\/span><\/p>\n","protected":false},"featured_media":0,"template":"","meta":{"_monsterinsights_skip_tracking":false,"_monsterinsights_sitenote_active":false,"_monsterinsights_sitenote_note":"","_monsterinsights_sitenote_category":0},"product_brand":[],"product_cat":[12370,12304],"product_tag":[],"class_list":{"0":"post-783064","1":"product","2":"type-product","3":"status-publish","5":"product_cat-arastirma-inceleme","6":"product_cat-tarih","7":"pa_cilt-ciltsiz","8":"pa_tur-kitap","9":"pa_yayinevi-iletisim-yayinlari","10":"pa_yazar-bulent-bilmez","11":"pa_yazar-cemal-tas","13":"first","14":"instock","15":"sale","16":"shipping-taxable","17":"purchasable","18":"product-type-simple"},"_links":{"self":[{"href":"https:\/\/roveyayinevi.com.tr\/index.php\/wp-json\/wp\/v2\/product\/783064","targetHints":{"allow":["GET"]}}],"collection":[{"href":"https:\/\/roveyayinevi.com.tr\/index.php\/wp-json\/wp\/v2\/product"}],"about":[{"href":"https:\/\/roveyayinevi.com.tr\/index.php\/wp-json\/wp\/v2\/types\/product"}],"wp:attachment":[{"href":"https:\/\/roveyayinevi.com.tr\/index.php\/wp-json\/wp\/v2\/media?parent=783064"}],"wp:term":[{"taxonomy":"product_brand","embeddable":true,"href":"https:\/\/roveyayinevi.com.tr\/index.php\/wp-json\/wp\/v2\/product_brand?post=783064"},{"taxonomy":"product_cat","embeddable":true,"href":"https:\/\/roveyayinevi.com.tr\/index.php\/wp-json\/wp\/v2\/product_cat?post=783064"},{"taxonomy":"product_tag","embeddable":true,"href":"https:\/\/roveyayinevi.com.tr\/index.php\/wp-json\/wp\/v2\/product_tag?post=783064"}],"curies":[{"name":"wp","href":"https:\/\/api.w.org\/{rel}","templated":true}]}}