{"id":783063,"date":"2026-02-23T13:12:56","date_gmt":"2026-02-23T10:12:56","guid":{"rendered":"https:\/\/roveyayinevi.com.tr\/index.php\/urun\/cinler\/"},"modified":"2026-04-03T03:38:52","modified_gmt":"2026-04-03T00:38:52","slug":"cinler","status":"publish","type":"product","link":"https:\/\/roveyayinevi.com.tr\/index.php\/urun\/cinler\/","title":{"rendered":"Cinler"},"content":{"rendered":"<p>Der Spiegel dergisinin son 100 y\u0131lda Almanca yaz\u0131lm\u0131\u015f en iyi 100 roman se\u00e7kisinde yer alan Cinler \u00f6zlemlerin, beklentilerin ve hayal k\u0131r\u0131kl\u0131klar\u0131n\u0131n i\u00e7 i\u00e7e ge\u00e7ti\u011fi g\u00fc\u00e7l\u00fc bir aile hik\u00e2yesi.Her biri farkl\u0131 duygusal y\u00fckler omuzlam\u0131\u015f, s\u0131rlar\u0131n ve sessizli\u011fin ay\u0131rd\u0131\u011f\u0131 alt\u0131 ki\u015filik bir aile. Emine, H\u00fcseyin, Sevda, Hakan, Peri ve \u00dcmit\u2019i birle\u015ftiren tek \u015fey, belki de birbirleri taraf\u0131ndan anla\u015f\u0131lma ihtiyac\u0131. Aile olmak, biraz da bu demek de\u011fil mi zaten? Fatma Aydemir gerilim ile \u015fefkati \u015fiirsel bir \u00fcslupla bulu\u015ftururken, ak\u0131llardan ve kalplerden silinmeyecek bir b\u00fcy\u00fck romana imza at\u0131yor. \u201cBelki de aile bundan ba\u015fka bir \u015fey de\u011fildir; hik\u00e2yelerden, hik\u00e2yelerden ve yine hik\u00e2yelerden olu\u015fan bir yap\u0131. Ama i\u00e7lerindeki bo\u015fluklar, sessizlikler ne anlama geliyor? Sonunda t\u00fcm yap\u0131n\u0131n \u00e7\u00f6kmesine neden olacak olan bu bo\u015fluklar m\u0131d\u0131r? Yoksa ger\u00e7ek, t\u00fcm ger\u00e7ek katlan\u0131lmaz olaca\u011f\u0131 i\u00e7in bu bo\u015fluklar, solumam\u0131z gereken hava m\u0131d\u0131r?\u201d<\/p>\n","protected":false},"excerpt":{"rendered":"<p>Der Spiegel dergisinin son 100 y\u0131lda Almanca yaz\u0131lm\u0131\u015f en iyi 100 roman se\u00e7kisinde yer alan Cinler \u00f6zlemlerin, beklentilerin ve hayal k\u0131r\u0131kl\u0131klar\u0131n\u0131n i\u00e7 i\u00e7e ge\u00e7ti\u011fi g\u00fc\u00e7l\u00fc bir<span class=\"excerpt-hellip\"> [\u2026]<\/span><\/p>\n","protected":false},"featured_media":0,"template":"","meta":{"_monsterinsights_skip_tracking":false,"_monsterinsights_sitenote_active":false,"_monsterinsights_sitenote_note":"","_monsterinsights_sitenote_category":0},"product_brand":[],"product_cat":[12291,12711],"product_tag":[],"class_list":{"0":"post-783063","1":"product","2":"type-product","3":"status-publish","5":"product_cat-edebiyat","6":"product_cat-roman-oyku","7":"pa_cilt-ciltsiz","8":"pa_tur-kitap","9":"pa_yayinevi-iletisim-yayinlari","10":"pa_yazar-fatma-aydemir","12":"first","13":"instock","14":"sale","15":"shipping-taxable","16":"purchasable","17":"product-type-simple"},"_links":{"self":[{"href":"https:\/\/roveyayinevi.com.tr\/index.php\/wp-json\/wp\/v2\/product\/783063","targetHints":{"allow":["GET"]}}],"collection":[{"href":"https:\/\/roveyayinevi.com.tr\/index.php\/wp-json\/wp\/v2\/product"}],"about":[{"href":"https:\/\/roveyayinevi.com.tr\/index.php\/wp-json\/wp\/v2\/types\/product"}],"wp:attachment":[{"href":"https:\/\/roveyayinevi.com.tr\/index.php\/wp-json\/wp\/v2\/media?parent=783063"}],"wp:term":[{"taxonomy":"product_brand","embeddable":true,"href":"https:\/\/roveyayinevi.com.tr\/index.php\/wp-json\/wp\/v2\/product_brand?post=783063"},{"taxonomy":"product_cat","embeddable":true,"href":"https:\/\/roveyayinevi.com.tr\/index.php\/wp-json\/wp\/v2\/product_cat?post=783063"},{"taxonomy":"product_tag","embeddable":true,"href":"https:\/\/roveyayinevi.com.tr\/index.php\/wp-json\/wp\/v2\/product_tag?post=783063"}],"curies":[{"name":"wp","href":"https:\/\/api.w.org\/{rel}","templated":true}]}}