{"id":783060,"date":"2026-02-23T13:12:49","date_gmt":"2026-02-23T10:12:49","guid":{"rendered":"https:\/\/roveyayinevi.com.tr\/index.php\/urun\/mikrobiyom\/"},"modified":"2026-04-15T03:46:54","modified_gmt":"2026-04-15T00:46:54","slug":"mikrobiyom","status":"publish","type":"product","link":"https:\/\/roveyayinevi.com.tr\/index.php\/urun\/mikrobiyom\/","title":{"rendered":"Mikrobiyom"},"content":{"rendered":"<p>\u0130\u00e7imizde koca bir evren var: trilyonlarca bakterinin yan\u0131 s\u0131ra arkeler, mantarlar, vir\u00fcsler gibi di\u011fer \u201cmikroplardan\u201d olu\u015fan k\u0131p\u0131r k\u0131p\u0131r bir evren. Ve biz bu evrenin sa\u011fl\u0131\u011f\u0131m\u0131z\u0131n her y\u00f6n\u00fc i\u00e7in ne kadar \u00f6nemli oldu\u011funu daha yeni yeni anl\u0131yoruz. Tecr\u00fcbeli cerrah ve mikrobiyom bilimcisi James Kinross bu kitab\u0131nda bizi i\u00e7imizdeki hassas ekosistemi daha iyi tan\u0131maya davet ediyor. Evrimsel ge\u00e7mi\u015fimizde mikroplar biyolojimizi nas\u0131l \u015fekillendirdi? \u00c7ok say\u0131da mikroskobik ya\u015fam formu taraf\u0131ndan ilk kez kolonize edildi\u011fimiz do\u011fum \u00e2n\u0131m\u0131zdan \u00f6l\u00fcm\u00fcm\u00fcze dek mikrobiyomumuz nas\u0131l de\u011fi\u015fiyor? Mikroplar\u0131m\u0131z ba\u011f\u0131\u015f\u0131kl\u0131k sistemimizi, bili\u015fsel faaliyetlerimizi, ruh halimizi, i\u015ftah\u0131m\u0131z\u0131, cildimizi, cinselli\u011fimizi, ald\u0131\u011f\u0131m\u0131z ila\u00e7lar\u0131n tesir g\u00fcc\u00fcn\u00fc ve nihayetinde ya\u015fam s\u00fcremizi nas\u0131l etkiliyor? 21. y\u00fczy\u0131ldaki hayat tarz\u0131m\u0131z ve beslenme bi\u00e7imimiz mikrobiyomumuza neden zarar veriyor ve bunu telafi etmek i\u00e7in neler yapabiliriz? Mikrobiyom biliminde son y\u0131llarda ne gibi geli\u015fmeler oluyor? Mikrobiyom sa\u011fl\u0131\u011f\u0131n\u0131 iyile\u015ftirmek i\u00e7in halihaz\u0131rda kullan\u0131lan ve gelecekte kullan\u0131lmas\u0131 beklenen y\u00f6ntemler neler?Unutmayal\u0131m ki bizden \u00e7ok \u00f6nce d\u00fcnyada mikroplar vard\u0131; gezegenimizin kendisi ve di\u011fer b\u00fct\u00fcn canl\u0131lar gibi biz de mikroplar\u0131m\u0131zla birlikte evrim ge\u00e7irdik, onlarla hayati bir i\u015fbirli\u011fi i\u00e7ine girdik. Dolay\u0131s\u0131yla beden dedi\u011fimiz o muazzam yapbozu \u00e7\u00f6zmenin, hastal\u0131klar\u0131 tedavi etmenin \u2013hatta en ba\u015ftan \u00f6nlemenin\u2013 ve bir b\u00fct\u00fcn olarak k\u00fcresel sa\u011fl\u0131\u011f\u0131 koruman\u0131n yolu mikrobiyomu anlamaktan ge\u00e7iyor.<\/p>\n","protected":false},"excerpt":{"rendered":"<p>\u0130\u00e7imizde koca bir evren var: trilyonlarca bakterinin yan\u0131 s\u0131ra arkeler, mantarlar, vir\u00fcsler gibi di\u011fer \u201cmikroplardan\u201d olu\u015fan k\u0131p\u0131r k\u0131p\u0131r bir evren. Ve biz bu evrenin sa\u011fl\u0131\u011f\u0131m\u0131z\u0131n her<span class=\"excerpt-hellip\"> [\u2026]<\/span><\/p>\n","protected":false},"featured_media":0,"template":"","meta":{"_monsterinsights_skip_tracking":false,"_monsterinsights_sitenote_active":false,"_monsterinsights_sitenote_note":"","_monsterinsights_sitenote_category":0},"product_brand":[],"product_cat":[13005,37328],"product_tag":[],"class_list":{"0":"post-783060","1":"product","2":"type-product","3":"status-publish","5":"product_cat-bilim-muhendislik","6":"product_cat-diger-bilim-muhendislik","7":"pa_cilt-ciltsiz","8":"pa_tur-kitap","9":"pa_yayinevi-metis-yayinlari","10":"pa_yazar-james-kinross","12":"first","13":"instock","14":"sale","15":"shipping-taxable","16":"purchasable","17":"product-type-simple"},"_links":{"self":[{"href":"https:\/\/roveyayinevi.com.tr\/index.php\/wp-json\/wp\/v2\/product\/783060","targetHints":{"allow":["GET"]}}],"collection":[{"href":"https:\/\/roveyayinevi.com.tr\/index.php\/wp-json\/wp\/v2\/product"}],"about":[{"href":"https:\/\/roveyayinevi.com.tr\/index.php\/wp-json\/wp\/v2\/types\/product"}],"wp:attachment":[{"href":"https:\/\/roveyayinevi.com.tr\/index.php\/wp-json\/wp\/v2\/media?parent=783060"}],"wp:term":[{"taxonomy":"product_brand","embeddable":true,"href":"https:\/\/roveyayinevi.com.tr\/index.php\/wp-json\/wp\/v2\/product_brand?post=783060"},{"taxonomy":"product_cat","embeddable":true,"href":"https:\/\/roveyayinevi.com.tr\/index.php\/wp-json\/wp\/v2\/product_cat?post=783060"},{"taxonomy":"product_tag","embeddable":true,"href":"https:\/\/roveyayinevi.com.tr\/index.php\/wp-json\/wp\/v2\/product_tag?post=783060"}],"curies":[{"name":"wp","href":"https:\/\/api.w.org\/{rel}","templated":true}]}}