{"id":783059,"date":"2026-02-23T13:12:47","date_gmt":"2026-02-23T10:12:47","guid":{"rendered":"https:\/\/roveyayinevi.com.tr\/index.php\/urun\/atlasin-kaleminden-paylasilamayan-simit\/"},"modified":"2026-04-15T03:46:54","modified_gmt":"2026-04-15T00:46:54","slug":"atlasin-kaleminden-paylasilamayan-simit","status":"publish","type":"product","link":"https:\/\/roveyayinevi.com.tr\/index.php\/urun\/atlasin-kaleminden-paylasilamayan-simit\/","title":{"rendered":"Atlas&#8217;\u0131n Kaleminden Payla\u015f\u0131lamayan Simit"},"content":{"rendered":"<p>Dikkat, okurken can\u0131n\u0131z \u00e7\u0131t\u0131r \u00e7\u0131t\u0131r bir simit \u00e7ekebilir!Day\u0131s\u0131n\u0131 \u00e7ok seven Atlas bir g\u00fcn onunla k\u0131sa bir vapur yolculu\u011fu yapar. Vapura binerken can\u0131 simit \u00e7eker ve al\u0131rlar. Vapur hareket edince i\u015fler pek de d\u00fc\u015f\u00fcnd\u00fc\u011f\u00fc gibi gitmez. Beklenmedik olaylardan g\u00fczel bir hik\u00e2ye \u00e7\u0131kar.Burcu Ural Kopan\u2019\u0131n yazd\u0131\u011f\u0131, Zeynep Da\u011fg\u00fcden\u2019in resimledi\u011fi kitap 7 ya\u015f ve \u00fcst\u00fc \u00e7ocuklara hitap ediyor.<\/p>\n","protected":false},"excerpt":{"rendered":"<p>Dikkat, okurken can\u0131n\u0131z \u00e7\u0131t\u0131r \u00e7\u0131t\u0131r bir simit \u00e7ekebilir!Day\u0131s\u0131n\u0131 \u00e7ok seven Atlas bir g\u00fcn onunla k\u0131sa bir vapur yolculu\u011fu yapar. Vapura binerken can\u0131 simit \u00e7eker ve al\u0131rlar.<span class=\"excerpt-hellip\"> [\u2026]<\/span><\/p>\n","protected":false},"featured_media":0,"template":"","meta":{"_monsterinsights_skip_tracking":false,"_monsterinsights_sitenote_active":false,"_monsterinsights_sitenote_note":"","_monsterinsights_sitenote_category":0},"product_brand":[],"product_cat":[12274,12284],"product_tag":[],"class_list":{"0":"post-783059","1":"product","2":"type-product","3":"status-publish","5":"product_cat-cocuk-ve-genclik-kitaplari","6":"product_cat-hikayeler","7":"pa_cilt-ciltsiz","8":"pa_tur-kitap","9":"pa_yayinevi-literatur-yayinevi","10":"pa_yazar-burcu-ural-kopan","12":"first","13":"instock","14":"sale","15":"shipping-taxable","16":"purchasable","17":"product-type-simple"},"_links":{"self":[{"href":"https:\/\/roveyayinevi.com.tr\/index.php\/wp-json\/wp\/v2\/product\/783059","targetHints":{"allow":["GET"]}}],"collection":[{"href":"https:\/\/roveyayinevi.com.tr\/index.php\/wp-json\/wp\/v2\/product"}],"about":[{"href":"https:\/\/roveyayinevi.com.tr\/index.php\/wp-json\/wp\/v2\/types\/product"}],"wp:attachment":[{"href":"https:\/\/roveyayinevi.com.tr\/index.php\/wp-json\/wp\/v2\/media?parent=783059"}],"wp:term":[{"taxonomy":"product_brand","embeddable":true,"href":"https:\/\/roveyayinevi.com.tr\/index.php\/wp-json\/wp\/v2\/product_brand?post=783059"},{"taxonomy":"product_cat","embeddable":true,"href":"https:\/\/roveyayinevi.com.tr\/index.php\/wp-json\/wp\/v2\/product_cat?post=783059"},{"taxonomy":"product_tag","embeddable":true,"href":"https:\/\/roveyayinevi.com.tr\/index.php\/wp-json\/wp\/v2\/product_tag?post=783059"}],"curies":[{"name":"wp","href":"https:\/\/api.w.org\/{rel}","templated":true}]}}