{"id":783057,"date":"2026-02-23T13:12:43","date_gmt":"2026-02-23T10:12:43","guid":{"rendered":"https:\/\/roveyayinevi.com.tr\/index.php\/urun\/annem-keloglan-oldu\/"},"modified":"2026-04-15T03:46:54","modified_gmt":"2026-04-15T00:46:54","slug":"annem-keloglan-oldu","status":"publish","type":"product","link":"https:\/\/roveyayinevi.com.tr\/index.php\/urun\/annem-keloglan-oldu\/","title":{"rendered":"Annem Kelo\u011flan Oldu"},"content":{"rendered":"<p>Bir annenin en zorland\u0131\u011f\u0131 anlardan biri, kendisi kanser tan\u0131s\u0131 ald\u0131\u011f\u0131nda bunu \u00e7ocu\u011funa nas\u0131l anlataca\u011f\u0131n\u0131 bilememesidir. \u00dcz\u00fclmesin, korkmas\u0131n, zarar g\u00f6rmesin ister\u2026Ama kelimelerin nereden ba\u015flayaca\u011f\u0131n\u0131, neyin ne kadar s\u00f6ylenece\u011fini kestirmek her zaman kolay de\u011fildir.Annem Kelo\u011flan Oldu, psikolog Dr. Esra Sava\u015f taraf\u0131ndan tam da bu ihtiyac\u0131 g\u00f6zeterek yaz\u0131ld\u0131. Bu kitapta annelere, \u00e7ocuklar\u0131na bu s\u00fcreci nas\u0131l anlatabileceklerine dair yol g\u00f6sterici bir dil sunulurken; anlat\u0131m Bili\u015fsel Davran\u0131\u015f\u00e7\u0131 Terapi temeline dayanan, \u00e7ocuklar\u0131n d\u00fcnyas\u0131na uygun metaforlar ve hik\u00e2yele\u015ftirilmi\u015f bir yap\u0131 ile destekleniyor.Kanser, tedaviler ve belirsizlik; korkutucu kavramlar olmaktan \u00e7\u0131kar\u0131larak \u00e7ocu\u011fun anlayabilece\u011fi bir \u00e7er\u00e7evede yap\u0131land\u0131r\u0131l\u0131yor. Sorulara alan a\u00e7\u0131l\u0131yor, duygular bast\u0131r\u0131lmadan ama g\u00fcvenli bir \u015fekilde ele al\u0131n\u0131yor. Kitab\u0131n i\u00e7inde; \u00e7ocu\u011fun ihtiya\u00e7 duydu\u011fu g\u00fcvenli yer, rahatlama, deneyimleme ve ba\u015f etme egzersizleri, e\u011flenceli ve renkli bir dille yer al\u0131yor. Bu y\u00f6n\u00fcyle Annem Kelo\u011flan Oldu, sadece okunacak bir kitap de\u011fil; ebeveyn ve \u00e7ocuk i\u00e7in birlikte ya\u015fanan \u00f6zel bir deneyim vadediyor.<\/p>\n","protected":false},"excerpt":{"rendered":"<p>Bir annenin en zorland\u0131\u011f\u0131 anlardan biri, kendisi kanser tan\u0131s\u0131 ald\u0131\u011f\u0131nda bunu \u00e7ocu\u011funa nas\u0131l anlataca\u011f\u0131n\u0131 bilememesidir. \u00dcz\u00fclmesin, korkmas\u0131n, zarar g\u00f6rmesin ister\u2026Ama kelimelerin nereden ba\u015flayaca\u011f\u0131n\u0131, neyin ne kadar<span class=\"excerpt-hellip\"> [\u2026]<\/span><\/p>\n","protected":false},"featured_media":0,"template":"","meta":{"_monsterinsights_skip_tracking":false,"_monsterinsights_sitenote_active":false,"_monsterinsights_sitenote_note":"","_monsterinsights_sitenote_category":0},"product_brand":[],"product_cat":[141304],"product_tag":[],"class_list":{"0":"post-783057","1":"product","2":"type-product","3":"status-publish","5":"product_cat-yeni-cikanlar","6":"pa_cilt-ciltsiz","7":"pa_tur-kitap","8":"pa_yayinevi-gunce-yayinlari","9":"pa_yazar-esra-savas","11":"first","12":"instock","13":"sale","14":"shipping-taxable","15":"purchasable","16":"product-type-simple"},"_links":{"self":[{"href":"https:\/\/roveyayinevi.com.tr\/index.php\/wp-json\/wp\/v2\/product\/783057","targetHints":{"allow":["GET"]}}],"collection":[{"href":"https:\/\/roveyayinevi.com.tr\/index.php\/wp-json\/wp\/v2\/product"}],"about":[{"href":"https:\/\/roveyayinevi.com.tr\/index.php\/wp-json\/wp\/v2\/types\/product"}],"wp:attachment":[{"href":"https:\/\/roveyayinevi.com.tr\/index.php\/wp-json\/wp\/v2\/media?parent=783057"}],"wp:term":[{"taxonomy":"product_brand","embeddable":true,"href":"https:\/\/roveyayinevi.com.tr\/index.php\/wp-json\/wp\/v2\/product_brand?post=783057"},{"taxonomy":"product_cat","embeddable":true,"href":"https:\/\/roveyayinevi.com.tr\/index.php\/wp-json\/wp\/v2\/product_cat?post=783057"},{"taxonomy":"product_tag","embeddable":true,"href":"https:\/\/roveyayinevi.com.tr\/index.php\/wp-json\/wp\/v2\/product_tag?post=783057"}],"curies":[{"name":"wp","href":"https:\/\/api.w.org\/{rel}","templated":true}]}}