{"id":783056,"date":"2026-02-23T13:12:41","date_gmt":"2026-02-23T10:12:41","guid":{"rendered":"https:\/\/roveyayinevi.com.tr\/index.php\/urun\/hesap-sorulmaliakp-donemi-ibb-yolsuzluklari\/"},"modified":"2026-04-15T03:46:54","modified_gmt":"2026-04-15T00:46:54","slug":"hesap-sorulmaliakp-donemi-ibb-yolsuzluklari","status":"publish","type":"product","link":"https:\/\/roveyayinevi.com.tr\/index.php\/urun\/hesap-sorulmaliakp-donemi-ibb-yolsuzluklari\/","title":{"rendered":"Hesap Sorulmal\u0131;AKP D\u00f6nemi \u0130BB Yolsuzluklar\u0131"},"content":{"rendered":"<p>Bu kitap bir h\u00fck\u00fcm da\u011f\u0131tmaz.Bir \u00e7a\u011fr\u0131 ya da tehdit i\u00e7ermez.Bu kitap, yap\u0131lm\u0131\u015f denetimlerin, yaz\u0131lm\u0131\u015f raporlar\u0131n, olu\u015fturulmu\u015f tablolar\u0131n ve resm\u00ee kay\u0131tlar\u0131n bir araya getirilmi\u015f h\u00e2lidir.Ba\u015fka bir ifadeyle: Tutulmu\u015f bir hesap defteridir.Bug\u00fcn bu deftere bak\u0131lmam\u0131\u015f olabilir.Bug\u00fcn bu dosyalar i\u015flem g\u00f6rmemi\u015f olabilir.Bug\u00fcn adalet ertelenmi\u015f olabilir.Ama ertelenen adalet, iptal edilmi\u015f say\u0131lmaz.O g\u00fcn geldi\u011finde, bug\u00fcn kitap olarak okunan bu sayfalar, hesab\u0131 verilecek bir dosya olarak masaya konacakt\u0131r.\u00c7\u00fcnk\u00fc hesap defteri kapanmaz.Ne siyasetin g\u00fcc\u00fcyle ne zaman\u0131n tozuyla ne de suskunlu\u011fun konforuyla.Hesap defteri kapanmaz.Ve hi\u00e7bir iktidar, bu ger\u00e7e\u011fi de\u011fi\u015ftirecek kadar b\u00fcy\u00fck de\u011fildir.<\/p>\n","protected":false},"excerpt":{"rendered":"<p>Bu kitap bir h\u00fck\u00fcm da\u011f\u0131tmaz.Bir \u00e7a\u011fr\u0131 ya da tehdit i\u00e7ermez.Bu kitap, yap\u0131lm\u0131\u015f denetimlerin, yaz\u0131lm\u0131\u015f raporlar\u0131n, olu\u015fturulmu\u015f tablolar\u0131n ve resm\u00ee kay\u0131tlar\u0131n bir araya getirilmi\u015f h\u00e2lidir.Ba\u015fka bir ifadeyle:<span class=\"excerpt-hellip\"> [\u2026]<\/span><\/p>\n","protected":false},"featured_media":0,"template":"","meta":{"_monsterinsights_skip_tracking":false,"_monsterinsights_sitenote_active":false,"_monsterinsights_sitenote_note":"","_monsterinsights_sitenote_category":0},"product_brand":[],"product_cat":[12337,14543],"product_tag":[],"class_list":{"0":"post-783056","1":"product","2":"type-product","3":"status-publish","5":"product_cat-politika-siyaset","6":"product_cat-turkiye-siyaseti-ve-politikasi","7":"pa_cilt-ciltsiz","8":"pa_tur-kitap","9":"pa_yayinevi-tekin-yayinevi","10":"pa_yazar-s-tarik-balyali","12":"first","13":"instock","14":"sale","15":"shipping-taxable","16":"purchasable","17":"product-type-simple"},"_links":{"self":[{"href":"https:\/\/roveyayinevi.com.tr\/index.php\/wp-json\/wp\/v2\/product\/783056","targetHints":{"allow":["GET"]}}],"collection":[{"href":"https:\/\/roveyayinevi.com.tr\/index.php\/wp-json\/wp\/v2\/product"}],"about":[{"href":"https:\/\/roveyayinevi.com.tr\/index.php\/wp-json\/wp\/v2\/types\/product"}],"wp:attachment":[{"href":"https:\/\/roveyayinevi.com.tr\/index.php\/wp-json\/wp\/v2\/media?parent=783056"}],"wp:term":[{"taxonomy":"product_brand","embeddable":true,"href":"https:\/\/roveyayinevi.com.tr\/index.php\/wp-json\/wp\/v2\/product_brand?post=783056"},{"taxonomy":"product_cat","embeddable":true,"href":"https:\/\/roveyayinevi.com.tr\/index.php\/wp-json\/wp\/v2\/product_cat?post=783056"},{"taxonomy":"product_tag","embeddable":true,"href":"https:\/\/roveyayinevi.com.tr\/index.php\/wp-json\/wp\/v2\/product_tag?post=783056"}],"curies":[{"name":"wp","href":"https:\/\/api.w.org\/{rel}","templated":true}]}}