{"id":783055,"date":"2026-02-23T13:12:38","date_gmt":"2026-02-23T10:12:38","guid":{"rendered":"https:\/\/roveyayinevi.com.tr\/index.php\/urun\/buyuk-yolculuk-ciltli\/"},"modified":"2026-04-08T03:44:26","modified_gmt":"2026-04-08T00:44:26","slug":"buyuk-yolculuk-ciltli","status":"publish","type":"product","link":"https:\/\/roveyayinevi.com.tr\/index.php\/urun\/buyuk-yolculuk-ciltli\/","title":{"rendered":"B\u00fcy\u00fck  Yolculuk (Ciltli)"},"content":{"rendered":"<p>B\u00fcy\u00fck Ay\u0131 ve K\u00fc\u00e7\u00fck Ay\u0131,  kendilerine yeni bir yuva bulmak i\u00e7in B\u00fcy\u00fck Yolculuk\u2019a \u00e7\u0131k\u0131yor. B\u00f6ylece iki ay\u0131n\u0131n da\u011flar\u0131 a\u015fan; korkunun, \u00f6zlemin ve umudun i\u00e7inden ge\u00e7en kocaman maceras\u0131 ba\u015fl\u0131yor . Cesaretlerini ve dayan\u0131kl\u0131l\u0131klar\u0131n\u0131 sevgiden alarak yeni yuvalar\u0131na do\u011fru ilerliyorlar. Usta anlat\u0131c\u0131 Michael Rosen ve \u00f6d\u00fcll\u00fc \u00e7izer Daniel Egn\u00e9us\u2019tan, umutla \u0131\u015f\u0131ldayan, \u201cyuvan\u0131n\u201d ne anlama geldi\u011fini hat\u0131rlatan, s\u0131cak, sakin ve b\u00fcy\u00fcl\u00fc bir hik\u00e2ye\u2026<\/p>\n","protected":false},"excerpt":{"rendered":"<p>B\u00fcy\u00fck Ay\u0131 ve K\u00fc\u00e7\u00fck Ay\u0131, kendilerine yeni bir yuva bulmak i\u00e7in B\u00fcy\u00fck Yolculuk\u2019a \u00e7\u0131k\u0131yor. B\u00f6ylece iki ay\u0131n\u0131n da\u011flar\u0131 a\u015fan; korkunun, \u00f6zlemin ve umudun i\u00e7inden ge\u00e7en kocaman<span class=\"excerpt-hellip\"> [\u2026]<\/span><\/p>\n","protected":false},"featured_media":0,"template":"","meta":{"_monsterinsights_skip_tracking":false,"_monsterinsights_sitenote_active":false,"_monsterinsights_sitenote_note":"","_monsterinsights_sitenote_category":0},"product_brand":[],"product_cat":[12274,12284],"product_tag":[],"class_list":{"0":"post-783055","1":"product","2":"type-product","3":"status-publish","5":"product_cat-cocuk-ve-genclik-kitaplari","6":"product_cat-hikayeler","7":"pa_cilt-ciltsiz","8":"pa_tur-kitap","9":"pa_yayinevi-buyulu-fener-yayinlari","10":"pa_yazar-michael-rosen","12":"first","13":"instock","14":"sale","15":"shipping-taxable","16":"purchasable","17":"product-type-simple"},"_links":{"self":[{"href":"https:\/\/roveyayinevi.com.tr\/index.php\/wp-json\/wp\/v2\/product\/783055","targetHints":{"allow":["GET"]}}],"collection":[{"href":"https:\/\/roveyayinevi.com.tr\/index.php\/wp-json\/wp\/v2\/product"}],"about":[{"href":"https:\/\/roveyayinevi.com.tr\/index.php\/wp-json\/wp\/v2\/types\/product"}],"wp:attachment":[{"href":"https:\/\/roveyayinevi.com.tr\/index.php\/wp-json\/wp\/v2\/media?parent=783055"}],"wp:term":[{"taxonomy":"product_brand","embeddable":true,"href":"https:\/\/roveyayinevi.com.tr\/index.php\/wp-json\/wp\/v2\/product_brand?post=783055"},{"taxonomy":"product_cat","embeddable":true,"href":"https:\/\/roveyayinevi.com.tr\/index.php\/wp-json\/wp\/v2\/product_cat?post=783055"},{"taxonomy":"product_tag","embeddable":true,"href":"https:\/\/roveyayinevi.com.tr\/index.php\/wp-json\/wp\/v2\/product_tag?post=783055"}],"curies":[{"name":"wp","href":"https:\/\/api.w.org\/{rel}","templated":true}]}}