{"id":783053,"date":"2026-02-23T13:12:32","date_gmt":"2026-02-23T10:12:32","guid":{"rendered":"https:\/\/roveyayinevi.com.tr\/index.php\/urun\/einstein-godelle-yururkendusuncenin-sinirlarina-uzanan-kesifler\/"},"modified":"2026-03-03T04:01:16","modified_gmt":"2026-03-03T01:01:16","slug":"einstein-godelle-yururkendusuncenin-sinirlarina-uzanan-kesifler","status":"publish","type":"product","link":"https:\/\/roveyayinevi.com.tr\/index.php\/urun\/einstein-godelle-yururkendusuncenin-sinirlarina-uzanan-kesifler\/","title":{"rendered":"Einstein  G\u00f6del\u2019le  Y\u00fcr\u00fcrken;D\u00fc\u015f\u00fcncenin S\u0131n\u0131rlar\u0131na Uzanan Ke\u015fifler"},"content":{"rendered":"<p>Zaman var m\u0131d\u0131r? Sonsuzluk nedir? Aynalar neden yukar\u0131 ve a\u015fa\u011f\u0131 de\u011fil de sola ve sa\u011fa ters \u00e7evirir? Bu parlak denemelerde Holt insan zihnini, kozmosu ve bunlar\u0131 kavramaya \u00e7al\u0131\u015fan d\u00fc\u015f\u00fcn\u00fcrleri ara\u015ft\u0131r\u0131yor. Fizik\u00e7i Emmy Noether\u2019den bilgisayar biliminin \u00f6nc\u00fcs\u00fc Alan Turing\u2019e ve fraktallar\u0131n k\u00e2\u015fifi Benoit Mandelbrot\u2019a kadar, \u00fcnl\u00fc ve ihmal edilmi\u015f d\u00fc\u015f\u00fcn\u00fcrleri bize hat\u0131rlat\u0131yor. Einstein\u2019\u0131n g\u00f6relilik teorisinden sicim teorisine kadar, en g\u00fczel ama en az anla\u015f\u0131lan fikirlerinden sonra, 20. y\u00fczy\u0131l\u0131n en b\u00fcy\u00fck mant\u0131k\u00e7\u0131s\u0131n\u0131n neden ABD anayasas\u0131n\u0131n korkun\u00e7 bir \u00e7eli\u015fki i\u00e7erdi\u011fine inand\u0131\u011f\u0131n\u0131 anlat\u0131yor ve evrenin ger\u00e7ekten bir gelece\u011fi olup olmad\u0131\u011f\u0131n\u0131 irdeliyor.\u201cHolt gibi ba\u015fka bir yazar tan\u0131m\u0131yorum &#8230; bu kitap, ola\u011fan\u00fcst\u00fc birb\u00fct\u00fcnl\u00fck hissi veriyor.\u201d \u2013David Kordahl, Los Angeles Review of Books\u201cJim Holt\u2019un muhte\u015fem denemelerini yeni ke\u015ffettim. Einstein G\u00f6del\u2019le Y\u00fcr\u00fcrken &#8230; fizik, matematik ve felsefede sorunlar\u0131n\u0131 a\u00e7\u0131k ve e\u011flenceli bir \u015fekilde anlat\u0131yor.\u201d \u2013Martin Rees, Physics World\u201cHolt, i\u00e7g\u00f6r\u00fcl\u00fc, ayd\u0131nlat\u0131c\u0131 ve e\u011flenceli bir \u015fekilde, baz\u0131lar\u0131 tuhaf, baz\u0131lar\u0131 trajik, ama hepsi de dahice olan bir grup d\u00fc\u015f\u00fcn\u00fcr\u00fcn uzay, zaman ve bilginin s\u0131n\u0131rlar\u0131n\u0131 nas\u0131l yeniden tan\u0131mlad\u0131\u011f\u0131n\u0131 ara\u015ft\u0131r\u0131yor.\u201d \u2013Brian Greene, Evrenin Zarafeti\u201cJim Holt\u2019un deneme koleksiyonu Einstein G\u00f6del\u2019le Y\u00fcr\u00fcrken, modern fizik ve matemati\u011fin gizemlerine parlak bir giri\u015f niteli\u011finde.\u201d \u2013Christopher Bray, The Tablet\u201cBunlar ger\u00e7ek insanlar\u0131n ve onlar\u0131n matematiksel, fiziksel ve felsefi teorilerinin hik\u00e2yeleri; \u015fimdiye kadar ortaya konmu\u015f en karma\u015f\u0131k teorilerden baz\u0131lar\u0131.\u201d \u2013Andrew Jaffe, Nature\u201cSon 20 y\u0131ldan se\u00e7ilen bu yaz\u0131larda Holt, sonsuzluk ve sonsuz k\u00fc\u00e7\u00fck, zaman ill\u00fczyonu, \u00f6jeni\u011fin do\u011fu\u015fu, s\u00f6zde yeni ateizm, ak\u0131ll\u0131 telefonlar ve dikkat da\u011f\u0131n\u0131kl\u0131\u011f\u0131 gibi konular\u0131 ele al\u0131yor. Bu kitap, uzmanla\u015fman\u0131n modern bir icat oldu\u011funu hat\u0131rlat\u0131yor.\u201d \u2013Parul Sehgal, The New York Times\u201cJim Holt &#8230; en iyi modern bilim yazarlar\u0131ndan biridir.\u201d \u2013Steven Poole, The Wall Street Journal<\/p>\n","protected":false},"excerpt":{"rendered":"<p>Zaman var m\u0131d\u0131r? Sonsuzluk nedir? Aynalar neden yukar\u0131 ve a\u015fa\u011f\u0131 de\u011fil de sola ve sa\u011fa ters \u00e7evirir? Bu parlak denemelerde Holt insan zihnini, kozmosu ve bunlar\u0131<span class=\"excerpt-hellip\"> [\u2026]<\/span><\/p>\n","protected":false},"featured_media":0,"template":"","meta":{"_monsterinsights_skip_tracking":false,"_monsterinsights_sitenote_active":false,"_monsterinsights_sitenote_note":"","_monsterinsights_sitenote_category":0},"product_brand":[],"product_cat":[13005,15998],"product_tag":[],"class_list":{"0":"post-783053","1":"product","2":"type-product","3":"status-publish","5":"product_cat-bilim-muhendislik","6":"product_cat-bilim-tarihi","7":"pa_cilt-ciltsiz","8":"pa_tur-kitap","9":"pa_yayinevi-alfa-yayinlari","10":"pa_yazar-jim-holt","12":"first","13":"instock","14":"sale","15":"shipping-taxable","16":"purchasable","17":"product-type-simple"},"_links":{"self":[{"href":"https:\/\/roveyayinevi.com.tr\/index.php\/wp-json\/wp\/v2\/product\/783053","targetHints":{"allow":["GET"]}}],"collection":[{"href":"https:\/\/roveyayinevi.com.tr\/index.php\/wp-json\/wp\/v2\/product"}],"about":[{"href":"https:\/\/roveyayinevi.com.tr\/index.php\/wp-json\/wp\/v2\/types\/product"}],"wp:attachment":[{"href":"https:\/\/roveyayinevi.com.tr\/index.php\/wp-json\/wp\/v2\/media?parent=783053"}],"wp:term":[{"taxonomy":"product_brand","embeddable":true,"href":"https:\/\/roveyayinevi.com.tr\/index.php\/wp-json\/wp\/v2\/product_brand?post=783053"},{"taxonomy":"product_cat","embeddable":true,"href":"https:\/\/roveyayinevi.com.tr\/index.php\/wp-json\/wp\/v2\/product_cat?post=783053"},{"taxonomy":"product_tag","embeddable":true,"href":"https:\/\/roveyayinevi.com.tr\/index.php\/wp-json\/wp\/v2\/product_tag?post=783053"}],"curies":[{"name":"wp","href":"https:\/\/api.w.org\/{rel}","templated":true}]}}