{"id":783048,"date":"2026-02-23T13:12:16","date_gmt":"2026-02-23T10:12:16","guid":{"rendered":"https:\/\/roveyayinevi.com.tr\/index.php\/urun\/aynalar-cagi-serisi-1-yozlasmis-harabeler-tek-kitaplik-yan-boyamali-kutu\/"},"modified":"2026-04-15T03:46:54","modified_gmt":"2026-04-15T00:46:54","slug":"aynalar-cagi-serisi-1-yozlasmis-harabeler-tek-kitaplik-yan-boyamali-kutu","status":"publish","type":"product","link":"https:\/\/roveyayinevi.com.tr\/index.php\/urun\/aynalar-cagi-serisi-1-yozlasmis-harabeler-tek-kitaplik-yan-boyamali-kutu\/","title":{"rendered":"Aynalar \u00c7a\u011f\u0131 Serisi 1 &#8211; Yozla\u015fm\u0131\u015f Harabeler (Tek Kitapl\u0131k Yan Boyamal\u0131 Kutu)"},"content":{"rendered":"<p>\u0130\u00e7indekiler:Aynalar \u00c7a\u011f\u0131 Serisi 1: Yozla\u015fm\u0131\u015f Harabeler (Ciltli \u00d6zel Bask\u0131)\u00d6zel Tasar\u0131m Defter\u015eeffaf Ayra\u00e7Dikd\u00f6rtgen Ayra\u00e7PosterHarita Kart\u0131Uyar\u0131: Yeti\u015fkin okurlar i\u00e7indir.<\/p>\n","protected":false},"excerpt":{"rendered":"<p>\u0130\u00e7indekiler:Aynalar \u00c7a\u011f\u0131 Serisi 1: Yozla\u015fm\u0131\u015f Harabeler (Ciltli \u00d6zel Bask\u0131)\u00d6zel Tasar\u0131m Defter\u015eeffaf Ayra\u00e7Dikd\u00f6rtgen Ayra\u00e7PosterHarita Kart\u0131Uyar\u0131: Yeti\u015fkin okurlar i\u00e7indir.<\/p>\n","protected":false},"featured_media":0,"template":"","meta":{"_monsterinsights_skip_tracking":false,"_monsterinsights_sitenote_active":false,"_monsterinsights_sitenote_note":"","_monsterinsights_sitenote_category":0},"product_brand":[],"product_cat":[141304],"product_tag":[],"class_list":{"0":"post-783048","1":"product","2":"type-product","3":"status-publish","5":"product_cat-yeni-cikanlar","6":"pa_cilt-ciltli","7":"pa_tur-kitap","8":"pa_yayinevi-guardian","9":"pa_yazar-emre-gul","11":"first","12":"instock","13":"sale","14":"shipping-taxable","15":"purchasable","16":"product-type-simple"},"_links":{"self":[{"href":"https:\/\/roveyayinevi.com.tr\/index.php\/wp-json\/wp\/v2\/product\/783048","targetHints":{"allow":["GET"]}}],"collection":[{"href":"https:\/\/roveyayinevi.com.tr\/index.php\/wp-json\/wp\/v2\/product"}],"about":[{"href":"https:\/\/roveyayinevi.com.tr\/index.php\/wp-json\/wp\/v2\/types\/product"}],"wp:attachment":[{"href":"https:\/\/roveyayinevi.com.tr\/index.php\/wp-json\/wp\/v2\/media?parent=783048"}],"wp:term":[{"taxonomy":"product_brand","embeddable":true,"href":"https:\/\/roveyayinevi.com.tr\/index.php\/wp-json\/wp\/v2\/product_brand?post=783048"},{"taxonomy":"product_cat","embeddable":true,"href":"https:\/\/roveyayinevi.com.tr\/index.php\/wp-json\/wp\/v2\/product_cat?post=783048"},{"taxonomy":"product_tag","embeddable":true,"href":"https:\/\/roveyayinevi.com.tr\/index.php\/wp-json\/wp\/v2\/product_tag?post=783048"}],"curies":[{"name":"wp","href":"https:\/\/api.w.org\/{rel}","templated":true}]}}