{"id":783047,"date":"2026-02-23T13:12:14","date_gmt":"2026-02-23T10:12:14","guid":{"rendered":"https:\/\/roveyayinevi.com.tr\/index.php\/urun\/aynalar-cagi-serisi-1-yozlasmis-harabeler-yan-boyamali\/"},"modified":"2026-04-15T03:46:54","modified_gmt":"2026-04-15T00:46:54","slug":"aynalar-cagi-serisi-1-yozlasmis-harabeler-yan-boyamali","status":"publish","type":"product","link":"https:\/\/roveyayinevi.com.tr\/index.php\/urun\/aynalar-cagi-serisi-1-yozlasmis-harabeler-yan-boyamali\/","title":{"rendered":"Aynalar \u00c7a\u011f\u0131 Serisi 1 &#8211; Yozla\u015fm\u0131\u015f Harabeler (Yan Boyamal\u0131)"},"content":{"rendered":"<p>E\u011fer yans\u0131mam \u00e7al\u0131nsayd\u0131 ne yapard\u0131n?Yans\u0131man\u0131 \u00e7alanlar seni bulacak. Diyar seni ar\u0131yor\u2026Bir gece beklenmedik \u015fekilde yans\u0131mas\u0131 kaybolan Rena, aynaya bakt\u0131\u011f\u0131nda kendi suretini g\u00f6rmeyi beklerken aynan\u0131n i\u00e7inde onu g\u00f6r\u00fcr. Y\u0131llard\u0131r uykular\u0131n\u0131 ka\u00e7\u0131ran k\u00e2busundaki adam\u0131\u2026 K\u00e2bus Lordu\u2019nu. Rena bilmeceye verdi\u011fi do\u011fru cevapla, kadim bir laneti uyand\u0131r\u0131rken K\u00e2bus Lordu\u2019nun y\u00fcz y\u0131ll\u0131k esaretine son verdi\u011fini bilmeden kendi yans\u0131mas\u0131n\u0131 feda eder ve lanetin s\u0131radaki kurban\u0131 olur. K\u00e2bus Lordu ile yapt\u0131\u011f\u0131 s\u0131ra d\u0131\u015f\u0131 anla\u015fma, Rena\u2019y\u0131 perilerin bile hizmetk\u00e2r oldu\u011fu kadim bir diyara s\u00fcr\u00fckler. Kaderi bir gecede yeniden yaz\u0131lan Rena, ad\u0131m att\u0131\u011f\u0131 bu yabanc\u0131 diyarda \u00e7\u00f6z\u00fclmesi gereken s\u0131rlar ve yakla\u015fan sava\u015f\u0131n ortas\u0131nda kal\u0131r. Diyar\u0131n kalbi g\u00fcnden g\u00fcne zay\u0131flarken krall\u0131klar kehanetin i\u015faret etti\u011fi kalbin sahibini istiyordu, kadim uygarl\u0131k ise yans\u0131mas\u0131n\u0131\u2026 Pe\u015findeki s\u0131rlarla her g\u00fcn \u00f6l\u00fcme bir ad\u0131m daha yakla\u015fan Rena, kalbini korumak u\u011fruna ne kadar ileri gidecekti?Uyar\u0131: Yeti\u015fkin okurlar i\u00e7indir.<\/p>\n","protected":false},"excerpt":{"rendered":"<p>E\u011fer yans\u0131mam \u00e7al\u0131nsayd\u0131 ne yapard\u0131n?Yans\u0131man\u0131 \u00e7alanlar seni bulacak. Diyar seni ar\u0131yor\u2026Bir gece beklenmedik \u015fekilde yans\u0131mas\u0131 kaybolan Rena, aynaya bakt\u0131\u011f\u0131nda kendi suretini g\u00f6rmeyi beklerken aynan\u0131n i\u00e7inde onu<span class=\"excerpt-hellip\"> [\u2026]<\/span><\/p>\n","protected":false},"featured_media":0,"template":"","meta":{"_monsterinsights_skip_tracking":false,"_monsterinsights_sitenote_active":false,"_monsterinsights_sitenote_note":"","_monsterinsights_sitenote_category":0},"product_brand":[],"product_cat":[141304],"product_tag":[],"class_list":{"0":"post-783047","1":"product","2":"type-product","3":"status-publish","5":"product_cat-yeni-cikanlar","6":"pa_cilt-ciltsiz","7":"pa_tur-kitap","8":"pa_yayinevi-guardian","9":"pa_yazar-emre-gul","11":"first","12":"instock","13":"sale","14":"shipping-taxable","15":"purchasable","16":"product-type-simple"},"_links":{"self":[{"href":"https:\/\/roveyayinevi.com.tr\/index.php\/wp-json\/wp\/v2\/product\/783047","targetHints":{"allow":["GET"]}}],"collection":[{"href":"https:\/\/roveyayinevi.com.tr\/index.php\/wp-json\/wp\/v2\/product"}],"about":[{"href":"https:\/\/roveyayinevi.com.tr\/index.php\/wp-json\/wp\/v2\/types\/product"}],"wp:attachment":[{"href":"https:\/\/roveyayinevi.com.tr\/index.php\/wp-json\/wp\/v2\/media?parent=783047"}],"wp:term":[{"taxonomy":"product_brand","embeddable":true,"href":"https:\/\/roveyayinevi.com.tr\/index.php\/wp-json\/wp\/v2\/product_brand?post=783047"},{"taxonomy":"product_cat","embeddable":true,"href":"https:\/\/roveyayinevi.com.tr\/index.php\/wp-json\/wp\/v2\/product_cat?post=783047"},{"taxonomy":"product_tag","embeddable":true,"href":"https:\/\/roveyayinevi.com.tr\/index.php\/wp-json\/wp\/v2\/product_tag?post=783047"}],"curies":[{"name":"wp","href":"https:\/\/api.w.org\/{rel}","templated":true}]}}