{"id":783041,"date":"2026-02-23T13:11:59","date_gmt":"2026-02-23T10:11:59","guid":{"rendered":"https:\/\/roveyayinevi.com.tr\/index.php\/urun\/katolik-kilisesi-tarihe-ve-sosyalizme-meydan-okuyor\/"},"modified":"2026-04-15T03:46:54","modified_gmt":"2026-04-15T00:46:54","slug":"katolik-kilisesi-tarihe-ve-sosyalizme-meydan-okuyor","status":"publish","type":"product","link":"https:\/\/roveyayinevi.com.tr\/index.php\/urun\/katolik-kilisesi-tarihe-ve-sosyalizme-meydan-okuyor\/","title":{"rendered":"Katolik Kilisesi Tarihe ve Sosyalizme Meydan Okuyor!"},"content":{"rendered":"<p>&#8220;\u0130nan\u00e7 bir teori de\u011fil, bir vakad\u0131r. Rasyoneldir ama ona t\u00fcmdengelim yoluyla ula\u015f\u0131lamaz. T\u00fcm insanl\u0131\u011f\u0131n ona soyut bir \u00f6nerme \u015feklinde ikna olabilece\u011fi bir s\u00fcre\u00e7 yoktur. Ancak ona kar\u015f\u0131 gelen her bir \u00f6nermenin ba\u015far\u0131s\u0131z oldu\u011funa t\u00fcm insanl\u0131\u011f\u0131n ikna olabilece\u011fi bir s\u00fcre\u00e7 vard\u0131r.&#8221;&#8221;O h\u00e2l\u00e0 g\u00fc\u00e7l\u00fc, h\u00e2l\u00e2 iyi durumda olan &#8216;eski&#8217; Kilise&#8217;nin hi\u00e7bir \u00e7a\u011fda\u015f\u0131 bug\u00fcnlere gelemedi. Kilise, Avrupa&#8217;da kendisi d\u0131\u015f\u0131nda her \u015feyin yok oldu\u011funu g\u00f6rd\u00fc ve ne hikmetse yine de bitip t\u00fckenmedi; ona hayat veren kayna\u011f\u0131n p\u0131narlar\u0131 h\u00e2l\u00e2 g\u00fcr\u00fcl g\u00fcr\u00fcl ak\u0131yor.&#8221;Bu sat\u0131rlar\u0131n yazar\u0131 olan Hilaire Belloc&#8217;in bu eserinde, biri din\u00ee Reform s\u00fcreci ile de\u011fi\u015fen Avrupa&#8217;n\u0131n Ayd\u0131nlanma \u00c7a\u011f\u0131 zihniyeti, sanayile\u015fme ve modernizm alg\u0131lar\u0131 \u00fczerinden, tarihsel bulgular\u0131n yard\u0131m\u0131yla Katolik Kilisesi&#8217;ne, inan\u00e7 sahibi olmaya ve Hristiyanl\u0131\u011fa y\u00f6neltti\u011fi sal-d\u0131r\u0131lar\u0131 ve bu sald\u0131r\u0131lar\u0131 \u00e7\u00fcr\u00fctmek i\u00e7in verilebilecek yan\u0131tlar\u0131; di\u011feri ise benzer y\u0131llar\u0131n fenomeni konumundaki Sosyalizmin Katolik doktrini ile mukayesesini ve buradan yola \u00e7\u0131karak, kapitalizm taraf\u0131ndan mahvedilen d\u00fcnya d\u00fczenine deva olup olamayaca\u011f\u0131 hususunu esas alan iki farkl\u0131 deneme yaz\u0131s\u0131n\u0131 bir arada bulacaks\u0131n\u0131z.Galileo Davas\u0131, Konstantin Ba\u011f\u0131\u015f\u0131, \u0130konoklastik hareket, Roma \u0130mparatorlu\u011fu&#8217;ndaki Hristiyanl\u0131k, Arius\u00e7uluk, Papal\u0131k makam\u0131n\u0131n me\u015fruiyeti, Pavlus, Yan\u0131lmaz Otorite olma iddias\u0131, evrim teorisi ve Bol\u015fevik devrimi de d\u00e2hil, hem kilise tarihi ve \u0130nanc\u0131n k\u00f6kenleri hem de sosyalist ve kom\u00fcnist ideolojilerin yap\u0131s\u0131 ve Katolik doktrin ile uyu\u015fmayan y\u00f6nleri hakk\u0131nda e\u015fsiz detaylar, tespitler, tahliller ve tahminler bu k\u0131sa ve \u00f6zl\u00fc metinde sizleri bekliyor.<\/p>\n","protected":false},"excerpt":{"rendered":"<p>&#8220;\u0130nan\u00e7 bir teori de\u011fil, bir vakad\u0131r. Rasyoneldir ama ona t\u00fcmdengelim yoluyla ula\u015f\u0131lamaz. T\u00fcm insanl\u0131\u011f\u0131n ona soyut bir \u00f6nerme \u015feklinde ikna olabilece\u011fi bir s\u00fcre\u00e7 yoktur. Ancak ona<span class=\"excerpt-hellip\"> [\u2026]<\/span><\/p>\n","protected":false},"featured_media":0,"template":"","meta":{"_monsterinsights_skip_tracking":false,"_monsterinsights_sitenote_active":false,"_monsterinsights_sitenote_note":"","_monsterinsights_sitenote_category":0},"product_brand":[],"product_cat":[12370,12304],"product_tag":[],"class_list":{"0":"post-783041","1":"product","2":"type-product","3":"status-publish","5":"product_cat-arastirma-inceleme","6":"product_cat-tarih","7":"pa_cilt-ciltsiz","8":"pa_tur-kitap","9":"pa_yayinevi-profil-kitap","10":"pa_yazar-hilaire-belloc","12":"first","13":"instock","14":"sale","15":"shipping-taxable","16":"purchasable","17":"product-type-simple"},"_links":{"self":[{"href":"https:\/\/roveyayinevi.com.tr\/index.php\/wp-json\/wp\/v2\/product\/783041","targetHints":{"allow":["GET"]}}],"collection":[{"href":"https:\/\/roveyayinevi.com.tr\/index.php\/wp-json\/wp\/v2\/product"}],"about":[{"href":"https:\/\/roveyayinevi.com.tr\/index.php\/wp-json\/wp\/v2\/types\/product"}],"wp:attachment":[{"href":"https:\/\/roveyayinevi.com.tr\/index.php\/wp-json\/wp\/v2\/media?parent=783041"}],"wp:term":[{"taxonomy":"product_brand","embeddable":true,"href":"https:\/\/roveyayinevi.com.tr\/index.php\/wp-json\/wp\/v2\/product_brand?post=783041"},{"taxonomy":"product_cat","embeddable":true,"href":"https:\/\/roveyayinevi.com.tr\/index.php\/wp-json\/wp\/v2\/product_cat?post=783041"},{"taxonomy":"product_tag","embeddable":true,"href":"https:\/\/roveyayinevi.com.tr\/index.php\/wp-json\/wp\/v2\/product_tag?post=783041"}],"curies":[{"name":"wp","href":"https:\/\/api.w.org\/{rel}","templated":true}]}}