{"id":783038,"date":"2026-02-23T13:11:51","date_gmt":"2026-02-23T10:11:51","guid":{"rendered":"https:\/\/roveyayinevi.com.tr\/index.php\/urun\/aynadaki-kilavuz\/"},"modified":"2026-04-15T03:46:54","modified_gmt":"2026-04-15T00:46:54","slug":"aynadaki-kilavuz","status":"publish","type":"product","link":"https:\/\/roveyayinevi.com.tr\/index.php\/urun\/aynadaki-kilavuz\/","title":{"rendered":"Aynadaki K\u0131lavuz"},"content":{"rendered":"<p>Neden baz\u0131 insanlar hemen harekete ge\u00e7erken baz\u0131lar\u0131 bekler? Neden ayn\u0131 olaya bakan iki kisi bambaska anlamlar \u00e7\u0131kar\u0131r?Tek yumurta ikizleri bile farkl\u0131ysa, kisiligin s\u0131rr\u0131 ne? Ve neden \u201cBen buyum\u201d dedi\u011fimiz h\u00e2limiz sand\u0131\u011f\u0131m\u0131z kadar sabit de\u011fildir? Aynadaki K\u0131lavuz, insan davran\u0131\u015flar\u0131n\u0131, kendini ve ili\u015fkilerini anlaman i\u00e7in net bir yol haritas\u0131 sunuyor. Kitab\u0131n ba\u015f\u0131ndaki QR kod ile ula\u015fabilece\u011fin testle kisiligini kesfeder; g\u00fc\u00e7l\u00fc y\u00f6nlerini, k\u00f6r noktalar\u0131n\u0131 ve d\u00fc\u015febilece\u011fin tuzaklar\u0131 g\u00f6r\u00fcrs\u00fcn. Bu kitap sana etiket yap\u0131\u015ft\u0131rma. Aksine, kisiligin sagl\u0131kl\u0131 ve sagl\u0131ks\u0131z h\u00e2llerini g\u00f6stererek degisimin m\u00fcmk\u00fcn oldu\u011funu hat\u0131rlat\u0131r. Kendini tan\u0131d\u0131k\u00e7a, ili\u015fkilerinde neden zorland\u0131\u011f\u0131n\u0131 ve nas\u0131l d\u00f6n\u00fc\u015febilece\u011fini fark edersin. Aynalar zaten haz\u0131r. Peki bakmaya cesaretin var m\u0131?<\/p>\n","protected":false},"excerpt":{"rendered":"<p>Neden baz\u0131 insanlar hemen harekete ge\u00e7erken baz\u0131lar\u0131 bekler? Neden ayn\u0131 olaya bakan iki kisi bambaska anlamlar \u00e7\u0131kar\u0131r?Tek yumurta ikizleri bile farkl\u0131ysa, kisiligin s\u0131rr\u0131 ne? Ve neden<span class=\"excerpt-hellip\"> [\u2026]<\/span><\/p>\n","protected":false},"featured_media":0,"template":"","meta":{"_monsterinsights_skip_tracking":false,"_monsterinsights_sitenote_active":false,"_monsterinsights_sitenote_note":"","_monsterinsights_sitenote_category":0},"product_brand":[],"product_cat":[12364,12376],"product_tag":[],"class_list":{"0":"post-783038","1":"product","2":"type-product","3":"status-publish","5":"product_cat-genel-konular","6":"product_cat-kisisel-gelisim","7":"pa_cilt-ciltsiz","8":"pa_tur-kitap","9":"pa_yayinevi-profil-kitap","10":"pa_yazar-ibrahim-said-muslumanoglu","11":"pa_yazar-nuray-kocabas-muslumanoglu","13":"first","14":"instock","15":"sale","16":"shipping-taxable","17":"purchasable","18":"product-type-simple"},"_links":{"self":[{"href":"https:\/\/roveyayinevi.com.tr\/index.php\/wp-json\/wp\/v2\/product\/783038","targetHints":{"allow":["GET"]}}],"collection":[{"href":"https:\/\/roveyayinevi.com.tr\/index.php\/wp-json\/wp\/v2\/product"}],"about":[{"href":"https:\/\/roveyayinevi.com.tr\/index.php\/wp-json\/wp\/v2\/types\/product"}],"wp:attachment":[{"href":"https:\/\/roveyayinevi.com.tr\/index.php\/wp-json\/wp\/v2\/media?parent=783038"}],"wp:term":[{"taxonomy":"product_brand","embeddable":true,"href":"https:\/\/roveyayinevi.com.tr\/index.php\/wp-json\/wp\/v2\/product_brand?post=783038"},{"taxonomy":"product_cat","embeddable":true,"href":"https:\/\/roveyayinevi.com.tr\/index.php\/wp-json\/wp\/v2\/product_cat?post=783038"},{"taxonomy":"product_tag","embeddable":true,"href":"https:\/\/roveyayinevi.com.tr\/index.php\/wp-json\/wp\/v2\/product_tag?post=783038"}],"curies":[{"name":"wp","href":"https:\/\/api.w.org\/{rel}","templated":true}]}}