{"id":783036,"date":"2026-02-23T13:11:44","date_gmt":"2026-02-23T10:11:44","guid":{"rendered":"https:\/\/roveyayinevi.com.tr\/index.php\/urun\/sayonara-magic-3-yalan-canavari\/"},"modified":"2026-04-15T03:46:54","modified_gmt":"2026-04-15T00:46:54","slug":"sayonara-magic-3-yalan-canavari","status":"publish","type":"product","link":"https:\/\/roveyayinevi.com.tr\/index.php\/urun\/sayonara-magic-3-yalan-canavari\/","title":{"rendered":"Sayonara Magic 3 &#8211; Yalan Canavar\u0131"},"content":{"rendered":"<p>YALANIN BATSIN! Akira ve Naoko, Hiro&#8217;nun s\u00fcrekli yalan Akira yalan s\u00f6ylemesinden b\u0131kt\u0131. Bu y\u00fczden karde\u015flerine bir d\u00fcr\u00fcstl\u00fck b\u00fcy\u00fcs\u00fc yap\u0131yorlar. GER\u00c7E\u011e\u0130N B\u00dcY\u00dcS\u00dcAncak b\u00fcy\u00fcn\u00fcn bir yan etkisi var: \u201cS\u00fcper \u00f6zg\u00fcvenli Naoko\u201d plan\u0131 tam bir felakete d\u00f6n\u00fc\u015f\u00fcyor. Hiro her yalan s\u00f6yledi\u011finde k\u00fc\u00e7\u00fck bir canavar ortaya \u00e7\u0131k\u0131yor. Peki b\u00fcy\u00fcc\u00fc \u00fc\u00e7\u00fczler canavarlar\u0131n ortal\u0131\u011f\u0131 birbirine katmas\u0131n\u0131 m\u00fcfetti\u015fe yakalanmadan \u00f6nleyebilecekler mi?HEM B\u00dcY\u00dcC\u00dcLER, HEM \u00dc\u00c7\u00dcZ!&#8230; EN FAZLA NE OLAB\u0130L\u0130R K\u0130?<\/p>\n","protected":false},"excerpt":{"rendered":"<p>YALANIN BATSIN! Akira ve Naoko, Hiro&#8217;nun s\u00fcrekli yalan Akira yalan s\u00f6ylemesinden b\u0131kt\u0131. Bu y\u00fczden karde\u015flerine bir d\u00fcr\u00fcstl\u00fck b\u00fcy\u00fcs\u00fc yap\u0131yorlar. GER\u00c7E\u011e\u0130N B\u00dcY\u00dcS\u00dcAncak b\u00fcy\u00fcn\u00fcn bir yan etkisi var:<span class=\"excerpt-hellip\"> [\u2026]<\/span><\/p>\n","protected":false},"featured_media":0,"template":"","meta":{"_monsterinsights_skip_tracking":false,"_monsterinsights_sitenote_active":false,"_monsterinsights_sitenote_note":"","_monsterinsights_sitenote_category":0},"product_brand":[],"product_cat":[12291,50487],"product_tag":[],"class_list":{"0":"post-783036","1":"product","2":"type-product","3":"status-publish","5":"product_cat-edebiyat","6":"product_cat-kurgu","7":"pa_cilt-ciltsiz","8":"pa_tur-kitap","9":"pa_yayinevi-x-libris","10":"pa_yazar-burakkuberi-kumanakris","12":"first","13":"instock","14":"sale","15":"shipping-taxable","16":"purchasable","17":"product-type-simple"},"_links":{"self":[{"href":"https:\/\/roveyayinevi.com.tr\/index.php\/wp-json\/wp\/v2\/product\/783036","targetHints":{"allow":["GET"]}}],"collection":[{"href":"https:\/\/roveyayinevi.com.tr\/index.php\/wp-json\/wp\/v2\/product"}],"about":[{"href":"https:\/\/roveyayinevi.com.tr\/index.php\/wp-json\/wp\/v2\/types\/product"}],"wp:attachment":[{"href":"https:\/\/roveyayinevi.com.tr\/index.php\/wp-json\/wp\/v2\/media?parent=783036"}],"wp:term":[{"taxonomy":"product_brand","embeddable":true,"href":"https:\/\/roveyayinevi.com.tr\/index.php\/wp-json\/wp\/v2\/product_brand?post=783036"},{"taxonomy":"product_cat","embeddable":true,"href":"https:\/\/roveyayinevi.com.tr\/index.php\/wp-json\/wp\/v2\/product_cat?post=783036"},{"taxonomy":"product_tag","embeddable":true,"href":"https:\/\/roveyayinevi.com.tr\/index.php\/wp-json\/wp\/v2\/product_tag?post=783036"}],"curies":[{"name":"wp","href":"https:\/\/api.w.org\/{rel}","templated":true}]}}