{"id":783033,"date":"2026-02-23T13:11:35","date_gmt":"2026-02-23T10:11:35","guid":{"rendered":"https:\/\/roveyayinevi.com.tr\/index.php\/urun\/kedi-psikolojisi\/"},"modified":"2026-04-15T03:46:54","modified_gmt":"2026-04-15T00:46:54","slug":"kedi-psikolojisi","status":"publish","type":"product","link":"https:\/\/roveyayinevi.com.tr\/index.php\/urun\/kedi-psikolojisi\/","title":{"rendered":"Kedi Psikolojisi"},"content":{"rendered":"<p>Kediler gizemli canl\u0131lard\u0131r. Merakl\u0131 ve mesafeli, ba\u011f\u0131ms\u0131z ve sevecen, avc\u0131 ve avd\u0131rlar. Onlar\u0131n ger\u00e7ek do\u011falar\u0131n\u0131 h\u00e2l\u00e2 tam olarak bilmiyoruz. Ya\u015fad\u0131klar\u0131 davran\u0131\u015f sorunlar\u0131 bize \u00e7o\u011fu zaman \u00e7\u00f6z\u00fcms\u00fcz g\u00f6r\u00fcnebilir. Kedilerin neden sald\u0131rganla\u015ft\u0131klar\u0131n\u0131 veya kendilerine zarar verdiklerini anlamam\u0131z m\u00fcmk\u00fcn m\u00fc? Veteriner psikiyatrist Claude B\u00e9ata, kedilerin psikolojisi hakk\u0131nda yap\u0131lan son ara\u015ft\u0131rmalardan ve kendi klinik deneyimlerinden yararlanarak yazd\u0131\u011f\u0131 bu b\u00fcy\u00fcleyici kitapla kedilere bak\u0131\u015f\u0131m\u0131zda bir devrim yarat\u0131yor.Depresyona giren bar\u0131nak kedileriyle, ayr\u0131l\u0131k kayg\u0131s\u0131ndan mustarip Tabatha\u2019yla, bipolar bozukluk ya\u015fayan Nugatin\u2019le ve kedilere \u00f6zg\u00fc bir \u015fizofreni hastal\u0131\u011f\u0131 \u00e7eken Melly\u2019yle tan\u0131\u015f\u0131n.Dr. B\u00e9ata onlar\u0131n hik\u00e2yeleri arac\u0131l\u0131\u011f\u0131yla bizi kedilerin zihninde e\u015fsiz bir gezintiye \u00e7\u0131kar\u0131yor. \u015ea\u015f\u0131rt\u0131c\u0131 ve ayd\u0131nlat\u0131c\u0131 bir bak\u0131\u015f a\u00e7\u0131s\u0131 sunarak kedileri ger\u00e7ekten anlamam\u0131z\u0131, sevgili dostlar\u0131m\u0131z\u0131n zihinsel ve fiziksel sa\u011fl\u0131\u011f\u0131na daha fazla \u00f6zen g\u00f6stermemizi sa\u011fl\u0131yor.Kedi Psikolojisi, gizemli dostlar\u0131m\u0131z\u0131n sa\u011fl\u0131\u011f\u0131 ve iyili\u011fi i\u00e7in vazge\u00e7ilmez ve ufuk a\u00e7\u0131c\u0131 bir rehber.<\/p>\n","protected":false},"excerpt":{"rendered":"<p>Kediler gizemli canl\u0131lard\u0131r. Merakl\u0131 ve mesafeli, ba\u011f\u0131ms\u0131z ve sevecen, avc\u0131 ve avd\u0131rlar. Onlar\u0131n ger\u00e7ek do\u011falar\u0131n\u0131 h\u00e2l\u00e2 tam olarak bilmiyoruz. Ya\u015fad\u0131klar\u0131 davran\u0131\u015f sorunlar\u0131 bize \u00e7o\u011fu zaman \u00e7\u00f6z\u00fcms\u00fcz<span class=\"excerpt-hellip\"> [\u2026]<\/span><\/p>\n","protected":false},"featured_media":0,"template":"","meta":{"_monsterinsights_skip_tracking":false,"_monsterinsights_sitenote_active":false,"_monsterinsights_sitenote_note":"","_monsterinsights_sitenote_category":0},"product_brand":[],"product_cat":[52477],"product_tag":[],"class_list":{"0":"post-783033","1":"product","2":"type-product","3":"status-publish","5":"product_cat-arastirma","6":"pa_cilt-ciltsiz","7":"pa_tur-kitap","8":"pa_yayinevi-dogan-kitap","9":"pa_yazar-claude-beata","11":"first","12":"instock","13":"sale","14":"shipping-taxable","15":"purchasable","16":"product-type-simple"},"_links":{"self":[{"href":"https:\/\/roveyayinevi.com.tr\/index.php\/wp-json\/wp\/v2\/product\/783033","targetHints":{"allow":["GET"]}}],"collection":[{"href":"https:\/\/roveyayinevi.com.tr\/index.php\/wp-json\/wp\/v2\/product"}],"about":[{"href":"https:\/\/roveyayinevi.com.tr\/index.php\/wp-json\/wp\/v2\/types\/product"}],"wp:attachment":[{"href":"https:\/\/roveyayinevi.com.tr\/index.php\/wp-json\/wp\/v2\/media?parent=783033"}],"wp:term":[{"taxonomy":"product_brand","embeddable":true,"href":"https:\/\/roveyayinevi.com.tr\/index.php\/wp-json\/wp\/v2\/product_brand?post=783033"},{"taxonomy":"product_cat","embeddable":true,"href":"https:\/\/roveyayinevi.com.tr\/index.php\/wp-json\/wp\/v2\/product_cat?post=783033"},{"taxonomy":"product_tag","embeddable":true,"href":"https:\/\/roveyayinevi.com.tr\/index.php\/wp-json\/wp\/v2\/product_tag?post=783033"}],"curies":[{"name":"wp","href":"https:\/\/api.w.org\/{rel}","templated":true}]}}