{"id":783032,"date":"2026-02-23T13:11:31","date_gmt":"2026-02-23T10:11:31","guid":{"rendered":"https:\/\/roveyayinevi.com.tr\/index.php\/urun\/kutup-yazi-2\/"},"modified":"2026-04-15T03:46:54","modified_gmt":"2026-04-15T00:46:54","slug":"kutup-yazi-2","status":"publish","type":"product","link":"https:\/\/roveyayinevi.com.tr\/index.php\/urun\/kutup-yazi-2\/","title":{"rendered":"Kutup Yaz\u0131"},"content":{"rendered":"<p>Bast\u0131r\u0131lm\u0131\u015f duygular\u0131n g\u00f6lgesinde y\u00fckselen bir yazar\u0131n portresi&#8230; Booker \u00f6d\u00fcll\u00fc yazar Damon Galgut\u2019un imzas\u0131n\u0131 ta\u015f\u0131yan Kutup Yaz\u0131, 20. y\u00fczy\u0131l edebiyat\u0131n\u0131n \u00f6nemli kalemlerinden E. M. Forster\u2019\u0131n Hindistan seyahatiyle ba\u015flayan \u00f6z ke\u015fif yolculu\u011funa ve zamanla ya\u015fad\u0131\u011f\u0131 derin d\u00f6n\u00fc\u015f\u00fcme tan\u0131kl\u0131k ettiren vurucu bir metin. Biyografik bilgilere sad\u0131k kalsa da bir yazar\u0131n ya\u015fam \u00f6yk\u00fcs\u00fcn\u00fc ve eserlerini tan\u0131tman\u0131n \u00e7ok \u00f6tesine ge\u00e7en bu dokunakl\u0131 roman, Birinci D\u00fcnya Sava\u015f\u0131\u2019n\u0131n yak\u0131c\u0131 etkilerinin g\u00f6lgesinde benlik \u00e7\u0131kmaz\u0131na d\u00fc\u015fen Morgan ad\u0131nda yetenekli ve ayr\u0131ks\u0131 bir gencin varolu\u015fsal sanc\u0131lar\u0131n\u0131 t\u00fcm k\u0131r\u0131lganl\u0131\u011f\u0131yla yans\u0131t\u0131yor. E. M. Forster\u2019dan geriye kalan g\u00fcnl\u00fcklerin ve onu konu alan geni\u015f literat\u00fcr\u00fcn etrafl\u0131ca taranarak ger\u00e7ek olaylar\u0131n yeniden kurguland\u0131\u011f\u0131 kitapta; yazar\u0131n \u0130ngiltere, Hindistan ve M\u0131s\u0131r\u2019da ge\u00e7irdi\u011fi y\u0131llar\u0131, Kavafis, Leonard ve Virginia Woolf gibi \u00f6nemli edebiyat\u00e7\u0131larla dostluklar\u0131 \u00f6zenle i\u015flenerek sanatsal bir b\u00fct\u00fcnl\u00fck e\u015fli\u011finde sunuluyor. 1912\u2019de Hindistan\u2019a do\u011fru yol alan SS Birmingham gemisinin \u00f6zel bir yolcusu vard\u0131r: Romanlar\u0131yla edebiyat \u00e7evrelerinde tan\u0131nmaya ba\u015flayan gen\u00e7 yazar Edward Morgan Forster. Hayattaki amac\u0131n\u0131, toplumdaki yerini ke\u015ffetmeye \u00e7al\u0131\u015fan Morgan, esas sava\u015f\u0131n\u0131 bast\u0131rmak zorunda oldu\u011fu cinsel kimli\u011fi ile y\u00fczle\u015firken verecektir. Kendisini deniza\u015f\u0131r\u0131 topraklara s\u00fcr\u00fckleyecek kar\u015f\u0131l\u0131ks\u0131z a\u015fk\u0131n h\u00fczn\u00fcyle y\u0131llar s\u00fcrecek bir edeb\u00ee yolculu\u011fa \u00e7\u0131kacak, \u00f6zg\u00fcrl\u00fc\u011f\u00fc ve ilham\u0131 en beklemedi\u011fi yerlerde bulacakt\u0131r. Birinci D\u00fcnya Sava\u015f\u0131 s\u0131ras\u0131nda \u0130skenderiye\u2019de, ard\u0131ndan Hindistan\u2019da bir mihracenin saray\u0131nda ya\u015fad\u0131\u011f\u0131 deneyimler Forster\u2019\u0131 \u0130ngiltere\u2019dekinden apayr\u0131 k\u00fclt\u00fcrlerle, geleneklerle ve de\u011fer yarg\u0131lar\u0131yla tan\u0131\u015ft\u0131racakt\u0131r. Ait oldu\u011fu topluma ve s\u0131n\u0131fa daima yabanc\u0131 hisseden Morgan\u2019\u0131n d\u00fcnyaya bak\u0131\u015f\u0131 k\u00f6kten de\u011fi\u015firken, bir yazar olarak kimli\u011fi de yeniden \u015fekillenecek, on d\u00f6rt y\u0131l\u0131n sonunda en \u00f6nemli eseri Hindistan\u2019a Bir Ge\u00e7it yay\u0131mlanacakt\u0131r. Britanyal\u0131 b\u00fcy\u00fck yazar E. M. Forster\u2019\u0131n ebedi an\u0131s\u0131na \u015fiirsel bir sayg\u0131 duru\u015funda bulanan Kutup Yaz\u0131, ortaya psikolojik derinli\u011fi olan bir yazar portresi koymakla kalm\u0131yor, ayn\u0131 zamanda k\u00fcllerinden yeniden do\u011fan bir d\u00fcnya d\u00fczeninin de panoramas\u0131n\u0131 \u00e7iziyor.<\/p>\n","protected":false},"excerpt":{"rendered":"<p>Bast\u0131r\u0131lm\u0131\u015f duygular\u0131n g\u00f6lgesinde y\u00fckselen bir yazar\u0131n portresi&#8230; Booker \u00f6d\u00fcll\u00fc yazar Damon Galgut\u2019un imzas\u0131n\u0131 ta\u015f\u0131yan Kutup Yaz\u0131, 20. y\u00fczy\u0131l edebiyat\u0131n\u0131n \u00f6nemli kalemlerinden E. M. Forster\u2019\u0131n Hindistan seyahatiyle<span class=\"excerpt-hellip\"> [\u2026]<\/span><\/p>\n","protected":false},"featured_media":0,"template":"","meta":{"_monsterinsights_skip_tracking":false,"_monsterinsights_sitenote_active":false,"_monsterinsights_sitenote_note":"","_monsterinsights_sitenote_category":0},"product_brand":[],"product_cat":[12291,12711],"product_tag":[],"class_list":{"0":"post-783032","1":"product","2":"type-product","3":"status-publish","5":"product_cat-edebiyat","6":"product_cat-roman-oyku","7":"pa_cilt-ciltsiz","8":"pa_tur-kitap","9":"pa_yayinevi-delidolu","10":"pa_yazar-damon-galgut","12":"first","13":"instock","14":"sale","15":"shipping-taxable","16":"purchasable","17":"product-type-simple"},"_links":{"self":[{"href":"https:\/\/roveyayinevi.com.tr\/index.php\/wp-json\/wp\/v2\/product\/783032","targetHints":{"allow":["GET"]}}],"collection":[{"href":"https:\/\/roveyayinevi.com.tr\/index.php\/wp-json\/wp\/v2\/product"}],"about":[{"href":"https:\/\/roveyayinevi.com.tr\/index.php\/wp-json\/wp\/v2\/types\/product"}],"wp:attachment":[{"href":"https:\/\/roveyayinevi.com.tr\/index.php\/wp-json\/wp\/v2\/media?parent=783032"}],"wp:term":[{"taxonomy":"product_brand","embeddable":true,"href":"https:\/\/roveyayinevi.com.tr\/index.php\/wp-json\/wp\/v2\/product_brand?post=783032"},{"taxonomy":"product_cat","embeddable":true,"href":"https:\/\/roveyayinevi.com.tr\/index.php\/wp-json\/wp\/v2\/product_cat?post=783032"},{"taxonomy":"product_tag","embeddable":true,"href":"https:\/\/roveyayinevi.com.tr\/index.php\/wp-json\/wp\/v2\/product_tag?post=783032"}],"curies":[{"name":"wp","href":"https:\/\/api.w.org\/{rel}","templated":true}]}}