{"id":783028,"date":"2026-02-23T13:11:21","date_gmt":"2026-02-23T10:11:21","guid":{"rendered":"https:\/\/roveyayinevi.com.tr\/index.php\/urun\/talisca-sahanin-yildizlari\/"},"modified":"2026-04-15T03:46:53","modified_gmt":"2026-04-15T00:46:53","slug":"talisca-sahanin-yildizlari","status":"publish","type":"product","link":"https:\/\/roveyayinevi.com.tr\/index.php\/urun\/talisca-sahanin-yildizlari\/","title":{"rendered":"Talisca &#8211; Sahan\u0131n Y\u0131ld\u0131zlar\u0131"},"content":{"rendered":"<p>HAREKETL\u0130 KART, DEV POSTER, FUTBOLCU KARTI VE 3D B\u0130BLO HED\u0130YEL\u0130!2025 y\u0131l\u0131 g\u00fcncel bilgileri ve istatistikleriyle!Brezilya\u2019n\u0131n gecekondu mahallelerinde b\u00fcy\u00fcyen her \u00e7ocu\u011fun tek bir hayali vard\u0131r: Bir g\u00fcn d\u00fcnya \u00e7ap\u0131nda bir futbolcu olarak tarih yazmak. Feira de Santana\u2019n\u0131n favelalar\u0131nda do\u011fan Anderson da k\u00fc\u00e7\u00fck ya\u015flardan itibaren futbola b\u00f6ylesi bir tutkuyla ba\u011fl\u0131yd\u0131. Uzun boyu ve ince yap\u0131s\u0131 nedeniyle arkada\u015flar\u0131 ona, \u2018U\u00e7urtma \u00c7\u0131tas\u0131\u2019 anlam\u0131na gelen Talisca lakab\u0131n\u0131 takt\u0131. O ise fizi\u011fini, yetene\u011fi ve azmiyle sahada avantaja \u00e7evirmeyi ba\u015fard\u0131. Bir okul ma\u00e7\u0131nda \u00f6\u011fretmeni taraf\u0131ndan ke\u015ffedildi\u011finde onun i\u00e7in bamba\u015fka bir kap\u0131 araland\u0131. Brezilya\u2019da ba\u015flayan kariyerinde d\u00fcnyan\u0131n d\u00f6rt bir yan\u0131nda yaln\u0131zca top ko\u015fturmad\u0131; her ad\u0131m\u0131nda oyuna kendi imzas\u0131n\u0131 da att\u0131. Y\u0131llar \u00f6nce Be\u015fikta\u015f formas\u0131yla T\u00fcrkiye\u2019de iz b\u0131rakan Talisca, \u015fimdi ise Fenerbah\u00e7e\u2019de yepyeni bir sayfa a\u00e7\u0131yor. Onun hik\u00e2yesi, do\u011fru zamanda verilen bir f\u0131rsat\u0131n neleri de\u011fi\u015ftirebilece\u011fini g\u00f6zler \u00f6n\u00fcne seriyor.<\/p>\n","protected":false},"excerpt":{"rendered":"<p>HAREKETL\u0130 KART, DEV POSTER, FUTBOLCU KARTI VE 3D B\u0130BLO HED\u0130YEL\u0130!2025 y\u0131l\u0131 g\u00fcncel bilgileri ve istatistikleriyle!Brezilya\u2019n\u0131n gecekondu mahallelerinde b\u00fcy\u00fcyen her \u00e7ocu\u011fun tek bir hayali vard\u0131r: Bir g\u00fcn<span class=\"excerpt-hellip\"> [\u2026]<\/span><\/p>\n","protected":false},"featured_media":0,"template":"","meta":{"_monsterinsights_skip_tracking":false,"_monsterinsights_sitenote_active":false,"_monsterinsights_sitenote_note":"","_monsterinsights_sitenote_category":0},"product_brand":[],"product_cat":[15563,15564],"product_tag":[],"class_list":{"0":"post-783028","1":"product","2":"type-product","3":"status-publish","5":"product_cat-hobi","6":"product_cat-spor","7":"pa_cilt-ciltsiz","8":"pa_tur-kitap","9":"pa_yayinevi-parodi-yayinlari","10":"pa_yazar-omer-fikret-sen","12":"first","13":"instock","14":"sale","15":"shipping-taxable","16":"purchasable","17":"product-type-simple"},"_links":{"self":[{"href":"https:\/\/roveyayinevi.com.tr\/index.php\/wp-json\/wp\/v2\/product\/783028","targetHints":{"allow":["GET"]}}],"collection":[{"href":"https:\/\/roveyayinevi.com.tr\/index.php\/wp-json\/wp\/v2\/product"}],"about":[{"href":"https:\/\/roveyayinevi.com.tr\/index.php\/wp-json\/wp\/v2\/types\/product"}],"wp:attachment":[{"href":"https:\/\/roveyayinevi.com.tr\/index.php\/wp-json\/wp\/v2\/media?parent=783028"}],"wp:term":[{"taxonomy":"product_brand","embeddable":true,"href":"https:\/\/roveyayinevi.com.tr\/index.php\/wp-json\/wp\/v2\/product_brand?post=783028"},{"taxonomy":"product_cat","embeddable":true,"href":"https:\/\/roveyayinevi.com.tr\/index.php\/wp-json\/wp\/v2\/product_cat?post=783028"},{"taxonomy":"product_tag","embeddable":true,"href":"https:\/\/roveyayinevi.com.tr\/index.php\/wp-json\/wp\/v2\/product_tag?post=783028"}],"curies":[{"name":"wp","href":"https:\/\/api.w.org\/{rel}","templated":true}]}}