{"id":783023,"date":"2026-02-23T13:11:11","date_gmt":"2026-02-23T10:11:11","guid":{"rendered":"https:\/\/roveyayinevi.com.tr\/index.php\/urun\/cocuklar-icin-mandala-dinozorlar-diyari\/"},"modified":"2026-04-15T03:46:53","modified_gmt":"2026-04-15T00:46:53","slug":"cocuklar-icin-mandala-dinozorlar-diyari","status":"publish","type":"product","link":"https:\/\/roveyayinevi.com.tr\/index.php\/urun\/cocuklar-icin-mandala-dinozorlar-diyari\/","title":{"rendered":"\u00c7ocuklar \u0130\u00e7in Mandala &#8211; Dinozorlar Diyar\u0131"},"content":{"rendered":"<p>Mandalalar\u0131n sana merak duygusu a\u015f\u0131layabilece\u011fini biliyor muydun?Kitab\u0131n sayfalar\u0131n\u0131 arala ve dinozorlar diyar\u0131n\u0131 kalemlerinle renklendir!<\/p>\n","protected":false},"excerpt":{"rendered":"<p>Mandalalar\u0131n sana merak duygusu a\u015f\u0131layabilece\u011fini biliyor muydun?Kitab\u0131n sayfalar\u0131n\u0131 arala ve dinozorlar diyar\u0131n\u0131 kalemlerinle renklendir!<\/p>\n","protected":false},"featured_media":0,"template":"","meta":{"_monsterinsights_skip_tracking":false,"_monsterinsights_sitenote_active":false,"_monsterinsights_sitenote_note":"","_monsterinsights_sitenote_category":0},"product_brand":[],"product_cat":[12644,12274],"product_tag":[],"class_list":{"0":"post-783023","1":"product","2":"type-product","3":"status-publish","5":"product_cat-boyama-kitaplari","6":"product_cat-cocuk-ve-genclik-kitaplari","7":"pa_cilt-ciltsiz","8":"pa_tur-kitap","9":"pa_yayinevi-bilgi-park","10":"pa_yazar-bilge-yorulmaz","12":"first","13":"instock","14":"sale","15":"shipping-taxable","16":"purchasable","17":"product-type-simple"},"_links":{"self":[{"href":"https:\/\/roveyayinevi.com.tr\/index.php\/wp-json\/wp\/v2\/product\/783023","targetHints":{"allow":["GET"]}}],"collection":[{"href":"https:\/\/roveyayinevi.com.tr\/index.php\/wp-json\/wp\/v2\/product"}],"about":[{"href":"https:\/\/roveyayinevi.com.tr\/index.php\/wp-json\/wp\/v2\/types\/product"}],"wp:attachment":[{"href":"https:\/\/roveyayinevi.com.tr\/index.php\/wp-json\/wp\/v2\/media?parent=783023"}],"wp:term":[{"taxonomy":"product_brand","embeddable":true,"href":"https:\/\/roveyayinevi.com.tr\/index.php\/wp-json\/wp\/v2\/product_brand?post=783023"},{"taxonomy":"product_cat","embeddable":true,"href":"https:\/\/roveyayinevi.com.tr\/index.php\/wp-json\/wp\/v2\/product_cat?post=783023"},{"taxonomy":"product_tag","embeddable":true,"href":"https:\/\/roveyayinevi.com.tr\/index.php\/wp-json\/wp\/v2\/product_tag?post=783023"}],"curies":[{"name":"wp","href":"https:\/\/api.w.org\/{rel}","templated":true}]}}