{"id":783021,"date":"2026-02-23T13:11:06","date_gmt":"2026-02-23T10:11:06","guid":{"rendered":"https:\/\/roveyayinevi.com.tr\/index.php\/urun\/kavramlar-yon-ve-konum-ogreniyorum-cikartmali-etkinlik-kitabi\/"},"modified":"2026-04-15T03:46:53","modified_gmt":"2026-04-15T00:46:53","slug":"kavramlar-yon-ve-konum-ogreniyorum-cikartmali-etkinlik-kitabi","status":"publish","type":"product","link":"https:\/\/roveyayinevi.com.tr\/index.php\/urun\/kavramlar-yon-ve-konum-ogreniyorum-cikartmali-etkinlik-kitabi\/","title":{"rendered":"Kavramlar \u2013 Y\u00f6n ve Konum \u00d6\u011freniyorum \u2013 \u00c7\u0131kartmal\u0131 Etkinlik Kitab\u0131"},"content":{"rendered":"<p>K\u00fc\u00e7\u00fck k\u00e2\u015fifler \u00e7al\u0131\u015f\u0131yor, zihinler ke\u015ffe \u00e7\u0131k\u0131yor!Bu kitap, \u00e7ocuklar\u0131n y\u00f6nergeleri izleyerek yeni kavramlar \u00f6\u011frenmesini, d\u00fcnyay\u0131 ve \u00e7evresini tan\u0131mas\u0131n\u0131 sa\u011flar. E\u011flenceli \u00e7\u0131kartmalarla etkinlikleri tamamlarken ise \u00e7ocuklar\u0131n hem dikkat becerileri geli\u015fir hem de el-g\u00f6z koordinasyonu g\u00fc\u00e7lenir.<\/p>\n","protected":false},"excerpt":{"rendered":"<p>K\u00fc\u00e7\u00fck k\u00e2\u015fifler \u00e7al\u0131\u015f\u0131yor, zihinler ke\u015ffe \u00e7\u0131k\u0131yor!Bu kitap, \u00e7ocuklar\u0131n y\u00f6nergeleri izleyerek yeni kavramlar \u00f6\u011frenmesini, d\u00fcnyay\u0131 ve \u00e7evresini tan\u0131mas\u0131n\u0131 sa\u011flar. E\u011flenceli \u00e7\u0131kartmalarla etkinlikleri tamamlarken ise \u00e7ocuklar\u0131n hem dikkat<span class=\"excerpt-hellip\"> [\u2026]<\/span><\/p>\n","protected":false},"featured_media":0,"template":"","meta":{"_monsterinsights_skip_tracking":false,"_monsterinsights_sitenote_active":false,"_monsterinsights_sitenote_note":"","_monsterinsights_sitenote_category":0},"product_brand":[],"product_cat":[12554,12274],"product_tag":[],"class_list":{"0":"post-783021","1":"product","2":"type-product","3":"status-publish","5":"product_cat-cikartmali-kitaplar","6":"product_cat-cocuk-ve-genclik-kitaplari","7":"pa_cilt-ciltsiz","8":"pa_tur-kitap","9":"pa_yayinevi-bigkids-yayinlari","10":"pa_yazar-kolektif","12":"first","13":"instock","14":"sale","15":"shipping-taxable","16":"purchasable","17":"product-type-simple"},"_links":{"self":[{"href":"https:\/\/roveyayinevi.com.tr\/index.php\/wp-json\/wp\/v2\/product\/783021","targetHints":{"allow":["GET"]}}],"collection":[{"href":"https:\/\/roveyayinevi.com.tr\/index.php\/wp-json\/wp\/v2\/product"}],"about":[{"href":"https:\/\/roveyayinevi.com.tr\/index.php\/wp-json\/wp\/v2\/types\/product"}],"wp:attachment":[{"href":"https:\/\/roveyayinevi.com.tr\/index.php\/wp-json\/wp\/v2\/media?parent=783021"}],"wp:term":[{"taxonomy":"product_brand","embeddable":true,"href":"https:\/\/roveyayinevi.com.tr\/index.php\/wp-json\/wp\/v2\/product_brand?post=783021"},{"taxonomy":"product_cat","embeddable":true,"href":"https:\/\/roveyayinevi.com.tr\/index.php\/wp-json\/wp\/v2\/product_cat?post=783021"},{"taxonomy":"product_tag","embeddable":true,"href":"https:\/\/roveyayinevi.com.tr\/index.php\/wp-json\/wp\/v2\/product_tag?post=783021"}],"curies":[{"name":"wp","href":"https:\/\/api.w.org\/{rel}","templated":true}]}}