{"id":783008,"date":"2026-02-23T13:10:36","date_gmt":"2026-02-23T10:10:36","guid":{"rendered":"https:\/\/roveyayinevi.com.tr\/index.php\/urun\/dinozorlar-boya-ve-sil-aktivite-kitabi\/"},"modified":"2026-04-15T03:46:53","modified_gmt":"2026-04-15T00:46:53","slug":"dinozorlar-boya-ve-sil-aktivite-kitabi","status":"publish","type":"product","link":"https:\/\/roveyayinevi.com.tr\/index.php\/urun\/dinozorlar-boya-ve-sil-aktivite-kitabi\/","title":{"rendered":"Dinozorlar \u2013 Boya ve Sil Aktivite Kitab\u0131"},"content":{"rendered":"<p>4 RENK JUMBO KE\u00c7EL\u0130 KALEM ve S\u0130LG\u0130 HED\u0130YE!Boya, Sil ve Tekrar BoyaZaman\u0131 geriye sar ve dinozorlar \u00e7a\u011f\u0131nda heyecan dolu bir ke\u015ffe \u00e7\u0131k! Keyifli etkinliklerle \u00f6\u011frenirken e\u011flen.D\u00f6rt farkl\u0131 renkteki ke\u00e7eli kalemlerle resimleri diledi\u011fin gibi boya, sil ve tekrar boya!- \u0130nce motor becerilerini destekler.- El-g\u00f6z koordinasyonunu g\u00fc\u00e7lendirir.- G\u00f6rsel alg\u0131 ve \u015fekil tan\u0131may\u0131 peki\u015ftirir.- \u00d6r\u00fcnt\u00fc ve e\u015fle\u015ftirme yetilerini art\u0131r\u0131r.- Matematiksel becerileri geli\u015ftirir.<\/p>\n","protected":false},"excerpt":{"rendered":"<p>4 RENK JUMBO KE\u00c7EL\u0130 KALEM ve S\u0130LG\u0130 HED\u0130YE!Boya, Sil ve Tekrar BoyaZaman\u0131 geriye sar ve dinozorlar \u00e7a\u011f\u0131nda heyecan dolu bir ke\u015ffe \u00e7\u0131k! Keyifli etkinliklerle \u00f6\u011frenirken e\u011flen.D\u00f6rt<span class=\"excerpt-hellip\"> [\u2026]<\/span><\/p>\n","protected":false},"featured_media":0,"template":"","meta":{"_monsterinsights_skip_tracking":false,"_monsterinsights_sitenote_active":false,"_monsterinsights_sitenote_note":"","_monsterinsights_sitenote_category":0},"product_brand":[],"product_cat":[12274,12518],"product_tag":[],"class_list":{"0":"post-783008","1":"product","2":"type-product","3":"status-publish","5":"product_cat-cocuk-ve-genclik-kitaplari","6":"product_cat-okul-oncesi-kitaplar","7":"pa_cilt-ciltsiz","8":"pa_tur-kitap","9":"pa_yayinevi-bigkids-yayinlari","10":"pa_yazar-kolektif","12":"first","13":"instock","14":"sale","15":"shipping-taxable","16":"purchasable","17":"product-type-simple"},"_links":{"self":[{"href":"https:\/\/roveyayinevi.com.tr\/index.php\/wp-json\/wp\/v2\/product\/783008","targetHints":{"allow":["GET"]}}],"collection":[{"href":"https:\/\/roveyayinevi.com.tr\/index.php\/wp-json\/wp\/v2\/product"}],"about":[{"href":"https:\/\/roveyayinevi.com.tr\/index.php\/wp-json\/wp\/v2\/types\/product"}],"wp:attachment":[{"href":"https:\/\/roveyayinevi.com.tr\/index.php\/wp-json\/wp\/v2\/media?parent=783008"}],"wp:term":[{"taxonomy":"product_brand","embeddable":true,"href":"https:\/\/roveyayinevi.com.tr\/index.php\/wp-json\/wp\/v2\/product_brand?post=783008"},{"taxonomy":"product_cat","embeddable":true,"href":"https:\/\/roveyayinevi.com.tr\/index.php\/wp-json\/wp\/v2\/product_cat?post=783008"},{"taxonomy":"product_tag","embeddable":true,"href":"https:\/\/roveyayinevi.com.tr\/index.php\/wp-json\/wp\/v2\/product_tag?post=783008"}],"curies":[{"name":"wp","href":"https:\/\/api.w.org\/{rel}","templated":true}]}}