{"id":783004,"date":"2026-02-23T13:10:29","date_gmt":"2026-02-23T10:10:29","guid":{"rendered":"https:\/\/roveyayinevi.com.tr\/index.php\/urun\/nakit-yonetimi-nakit-muhasebesi-ve-nakit-akis-tablosu\/"},"modified":"2026-04-15T03:46:53","modified_gmt":"2026-04-15T00:46:53","slug":"nakit-yonetimi-nakit-muhasebesi-ve-nakit-akis-tablosu","status":"publish","type":"product","link":"https:\/\/roveyayinevi.com.tr\/index.php\/urun\/nakit-yonetimi-nakit-muhasebesi-ve-nakit-akis-tablosu\/","title":{"rendered":"Nakit Y\u00f6netimi Nakit Muhasebesi ve Nakit Ak\u0131\u015f Tablosu"},"content":{"rendered":"<p>1. B\u00d6L\u00dcM PARA KAVRAMI, PARANIN FONKS\u0130YONLARI, \u00d6ZELL\u0130KLER\u0130 ve T\u00dcRLER\u0130 2. B\u00d6L\u00dcM \u0130\u015eLETMELERDE NAK\u0130T BULUNDURMA NEDENLER\u0130 VE NAK\u0130T Y\u00d6NET\u0130M\u0130 3. B\u00d6L\u00dcM NAK\u0130T VE TAHAKKUK ESASLI KAYIT S\u0130STEMLER\u0130 4. B\u00d6L\u00dcM NAK\u0130T Y\u00d6NET\u0130M ARA\u00c7LARI 5. B\u00d6L\u00dcM D\u00d6NEM \u0130\u00c7\u0130 NAK\u0130T AKI\u015e KAYITLARIYLA NAK\u0130T AKI\u015e TABLOSUNUN OLU\u015eTURULMASI<\/p>\n","protected":false},"excerpt":{"rendered":"<p>1. B\u00d6L\u00dcM PARA KAVRAMI, PARANIN FONKS\u0130YONLARI, \u00d6ZELL\u0130KLER\u0130 ve T\u00dcRLER\u0130 2. B\u00d6L\u00dcM \u0130\u015eLETMELERDE NAK\u0130T BULUNDURMA NEDENLER\u0130 VE NAK\u0130T Y\u00d6NET\u0130M\u0130 3. B\u00d6L\u00dcM NAK\u0130T VE TAHAKKUK ESASLI KAYIT S\u0130STEMLER\u0130<span class=\"excerpt-hellip\"> [\u2026]<\/span><\/p>\n","protected":false},"featured_media":0,"template":"","meta":{"_monsterinsights_skip_tracking":false,"_monsterinsights_sitenote_active":false,"_monsterinsights_sitenote_note":"","_monsterinsights_sitenote_category":0},"product_brand":[],"product_cat":[13043,14381],"product_tag":[],"class_list":{"0":"post-783004","1":"product","2":"type-product","3":"status-publish","5":"product_cat-ekonomi","6":"product_cat-isletme-muhasebe-maliye","7":"pa_cilt-ciltsiz","8":"pa_tur-kitap","9":"pa_yayinevi-gazi-kitabevi","10":"pa_yazar-kolektif","12":"first","13":"instock","14":"sale","15":"shipping-taxable","16":"purchasable","17":"product-type-simple"},"_links":{"self":[{"href":"https:\/\/roveyayinevi.com.tr\/index.php\/wp-json\/wp\/v2\/product\/783004","targetHints":{"allow":["GET"]}}],"collection":[{"href":"https:\/\/roveyayinevi.com.tr\/index.php\/wp-json\/wp\/v2\/product"}],"about":[{"href":"https:\/\/roveyayinevi.com.tr\/index.php\/wp-json\/wp\/v2\/types\/product"}],"wp:attachment":[{"href":"https:\/\/roveyayinevi.com.tr\/index.php\/wp-json\/wp\/v2\/media?parent=783004"}],"wp:term":[{"taxonomy":"product_brand","embeddable":true,"href":"https:\/\/roveyayinevi.com.tr\/index.php\/wp-json\/wp\/v2\/product_brand?post=783004"},{"taxonomy":"product_cat","embeddable":true,"href":"https:\/\/roveyayinevi.com.tr\/index.php\/wp-json\/wp\/v2\/product_cat?post=783004"},{"taxonomy":"product_tag","embeddable":true,"href":"https:\/\/roveyayinevi.com.tr\/index.php\/wp-json\/wp\/v2\/product_tag?post=783004"}],"curies":[{"name":"wp","href":"https:\/\/api.w.org\/{rel}","templated":true}]}}