{"id":783003,"date":"2026-02-23T13:10:27","date_gmt":"2026-02-23T10:10:27","guid":{"rendered":"https:\/\/roveyayinevi.com.tr\/index.php\/urun\/bir-tuhaf-balik\/"},"modified":"2026-04-15T03:46:52","modified_gmt":"2026-04-15T00:46:52","slug":"bir-tuhaf-balik","status":"publish","type":"product","link":"https:\/\/roveyayinevi.com.tr\/index.php\/urun\/bir-tuhaf-balik\/","title":{"rendered":"Bir Tuhaf Bal\u0131k"},"content":{"rendered":"<p>K\u00dc\u00c7\u00dcK BALIK OKYANUSTA Y\u00dcZERKEN\u2026 kaybolmu\u015f, tuhaf bir bal\u0131k g\u00f6r\u00fcyor. Onu ailesiyle bulu\u015fturmak i\u00e7in birlikte yola d\u00fc\u015f\u00fcyorlar. Yolda kar\u015f\u0131lar\u0131na \u00f6nce a\u011flara dolanm\u0131\u015f ahtapot, sonra karn\u0131 a\u011fr\u0131yan bir kaplumba\u011fa \u00e7\u0131k\u0131yor. Bakal\u0131m K\u00fc\u00e7\u00fck Bal\u0131k arkada\u015flar\u0131na yard\u0131m edebilecek mi? Peki ya SEN, okyanustaki gariplikleri bulabilecek misin? \u00c7evreyi koruman\u0131n \u00f6nemini sevimli karakterler \u00fczerinden ele alan, hem e\u011flenceli hem \u00f6\u011fretici ekolojik bir macera\u2026<\/p>\n","protected":false},"excerpt":{"rendered":"<p>K\u00dc\u00c7\u00dcK BALIK OKYANUSTA Y\u00dcZERKEN\u2026 kaybolmu\u015f, tuhaf bir bal\u0131k g\u00f6r\u00fcyor. Onu ailesiyle bulu\u015fturmak i\u00e7in birlikte yola d\u00fc\u015f\u00fcyorlar. Yolda kar\u015f\u0131lar\u0131na \u00f6nce a\u011flara dolanm\u0131\u015f ahtapot, sonra karn\u0131 a\u011fr\u0131yan bir<span class=\"excerpt-hellip\"> [\u2026]<\/span><\/p>\n","protected":false},"featured_media":0,"template":"","meta":{"_monsterinsights_skip_tracking":false,"_monsterinsights_sitenote_active":false,"_monsterinsights_sitenote_note":"","_monsterinsights_sitenote_category":0},"product_brand":[],"product_cat":[12274,12518],"product_tag":[],"class_list":{"0":"post-783003","1":"product","2":"type-product","3":"status-publish","5":"product_cat-cocuk-ve-genclik-kitaplari","6":"product_cat-okul-oncesi-kitaplar","7":"pa_cilt-ciltsiz","8":"pa_tur-kitap","9":"pa_yayinevi-domingo-yayinevi","10":"pa_yazar-naomi-jones-james-jones","12":"first","13":"instock","14":"sale","15":"shipping-taxable","16":"purchasable","17":"product-type-simple"},"_links":{"self":[{"href":"https:\/\/roveyayinevi.com.tr\/index.php\/wp-json\/wp\/v2\/product\/783003","targetHints":{"allow":["GET"]}}],"collection":[{"href":"https:\/\/roveyayinevi.com.tr\/index.php\/wp-json\/wp\/v2\/product"}],"about":[{"href":"https:\/\/roveyayinevi.com.tr\/index.php\/wp-json\/wp\/v2\/types\/product"}],"wp:attachment":[{"href":"https:\/\/roveyayinevi.com.tr\/index.php\/wp-json\/wp\/v2\/media?parent=783003"}],"wp:term":[{"taxonomy":"product_brand","embeddable":true,"href":"https:\/\/roveyayinevi.com.tr\/index.php\/wp-json\/wp\/v2\/product_brand?post=783003"},{"taxonomy":"product_cat","embeddable":true,"href":"https:\/\/roveyayinevi.com.tr\/index.php\/wp-json\/wp\/v2\/product_cat?post=783003"},{"taxonomy":"product_tag","embeddable":true,"href":"https:\/\/roveyayinevi.com.tr\/index.php\/wp-json\/wp\/v2\/product_tag?post=783003"}],"curies":[{"name":"wp","href":"https:\/\/api.w.org\/{rel}","templated":true}]}}