{"id":783002,"date":"2026-02-23T13:10:24","date_gmt":"2026-02-23T10:10:24","guid":{"rendered":"https:\/\/roveyayinevi.com.tr\/index.php\/urun\/bil-bakalim-seni-ne-kadar-seviyorum\/"},"modified":"2026-04-15T03:46:52","modified_gmt":"2026-04-15T00:46:52","slug":"bil-bakalim-seni-ne-kadar-seviyorum","status":"publish","type":"product","link":"https:\/\/roveyayinevi.com.tr\/index.php\/urun\/bil-bakalim-seni-ne-kadar-seviyorum\/","title":{"rendered":"Bil Bakal\u0131m Seni Ne Kadar Seviyorum"},"content":{"rendered":"<p>Sevgi \u00f6l\u00e7\u00fclebilir mi? Sam McBratney\u2019nin yaz\u0131p Anita Jeram\u2019\u0131n resimledi\u011fi Bil Bakal\u0131m Seni Ne Kadar Seviyorum, 57 dilde 60 milyondan fazla satarak \u00fc\u00e7 ku\u015fa\u011f\u0131n haf\u0131zas\u0131nda yer etmi\u015f zamans\u0131z bir klasik. \u201cBen seni buradan aydedeye, aydededen de buraya kadar SEV\u0130YORUM!\u201d ifadesiyle kalplere kaz\u0131nan bu i\u00e7ten \u00f6yk\u00fc, sevginin s\u0131n\u0131rs\u0131zl\u0131\u011f\u0131 \u00fczerine s\u0131cac\u0131k bir anlat\u0131 sunuyor. \u015eiirsel dili ve g\u00f6z al\u0131c\u0131 \u00e7izimleriyle k\u00fc\u00e7\u00fck b\u00fcy\u00fck her ya\u015ftan okurun duygular\u0131n\u0131 harekete ge\u00e7iren kitap, ya\u015fam\u0131 anlaml\u0131 k\u0131lan en g\u00fc\u00e7l\u00fc duygunun ko\u015fulsuz sevgi oldu\u011funu ve bunun asla \u00f6l\u00e7\u00fclemeyece\u011fini g\u00f6steriyor. \u201cBil bakal\u0131m, seni ne kadar seviyorum?\u201d diye sordu K\u00fc\u00e7\u00fck Tav\u015fan. \u201cBunu bilmem \u00e7ok zor,\u201d diye yan\u0131tlad\u0131 B\u00fcy\u00fck Tav\u015fan. Birini \u00e7ok sevdi\u011finizde, duygular\u0131n\u0131z\u0131n ne kadar g\u00fc\u00e7l\u00fc oldu\u011funu ona anlatman\u0131n yolunu bulmak istersiniz. K\u00fc\u00e7\u00fck Tav\u015fan ve B\u00fcy\u00fck Tav\u015fan&#8217;\u0131n ke\u015ffetti\u011fi gibi, sevgi kolayl\u0131kla \u00f6l\u00e7\u00fclebilecek bir \u015fey de\u011fildir! \u201cSevgililer G\u00fcn\u00fc\u201d, \u201cAnneler G\u00fcn\u00fc\u201d gibi \u00f6zel g\u00fcnlerde en \u00e7ok tercih edilen arma\u011fanlardan biri olan bu bol \u00f6d\u00fcll\u00fc \u00f6yk\u00fc, birine \u201cSeni seviyorum,\u201d demenin en zarif yolunu arayan herkes i\u00e7in e\u015fsiz bir se\u00e7enek.<\/p>\n","protected":false},"excerpt":{"rendered":"<p>Sevgi \u00f6l\u00e7\u00fclebilir mi? Sam McBratney\u2019nin yaz\u0131p Anita Jeram\u2019\u0131n resimledi\u011fi Bil Bakal\u0131m Seni Ne Kadar Seviyorum, 57 dilde 60 milyondan fazla satarak \u00fc\u00e7 ku\u015fa\u011f\u0131n haf\u0131zas\u0131nda yer etmi\u015f<span class=\"excerpt-hellip\"> [\u2026]<\/span><\/p>\n","protected":false},"featured_media":0,"template":"","meta":{"_monsterinsights_skip_tracking":false,"_monsterinsights_sitenote_active":false,"_monsterinsights_sitenote_note":"","_monsterinsights_sitenote_category":0},"product_brand":[],"product_cat":[12274,12518],"product_tag":[],"class_list":{"0":"post-783002","1":"product","2":"type-product","3":"status-publish","5":"product_cat-cocuk-ve-genclik-kitaplari","6":"product_cat-okul-oncesi-kitaplar","7":"pa_cilt-ciltsiz","8":"pa_tur-kitap","9":"pa_yayinevi-ucanbalik-yayincilik","10":"pa_yazar-sam-mcbratney","12":"first","13":"instock","14":"sale","15":"shipping-taxable","16":"purchasable","17":"product-type-simple"},"_links":{"self":[{"href":"https:\/\/roveyayinevi.com.tr\/index.php\/wp-json\/wp\/v2\/product\/783002","targetHints":{"allow":["GET"]}}],"collection":[{"href":"https:\/\/roveyayinevi.com.tr\/index.php\/wp-json\/wp\/v2\/product"}],"about":[{"href":"https:\/\/roveyayinevi.com.tr\/index.php\/wp-json\/wp\/v2\/types\/product"}],"wp:attachment":[{"href":"https:\/\/roveyayinevi.com.tr\/index.php\/wp-json\/wp\/v2\/media?parent=783002"}],"wp:term":[{"taxonomy":"product_brand","embeddable":true,"href":"https:\/\/roveyayinevi.com.tr\/index.php\/wp-json\/wp\/v2\/product_brand?post=783002"},{"taxonomy":"product_cat","embeddable":true,"href":"https:\/\/roveyayinevi.com.tr\/index.php\/wp-json\/wp\/v2\/product_cat?post=783002"},{"taxonomy":"product_tag","embeddable":true,"href":"https:\/\/roveyayinevi.com.tr\/index.php\/wp-json\/wp\/v2\/product_tag?post=783002"}],"curies":[{"name":"wp","href":"https:\/\/api.w.org\/{rel}","templated":true}]}}