{"id":783001,"date":"2026-02-23T13:10:22","date_gmt":"2026-02-23T10:10:22","guid":{"rendered":"https:\/\/roveyayinevi.com.tr\/index.php\/urun\/afet-risk-yonetiminde-cok-boyutlu-yaklasimlar-kuram-politika-ve-uygulamada-butunlesik-bir-cerceve\/"},"modified":"2026-04-15T03:46:52","modified_gmt":"2026-04-15T00:46:52","slug":"afet-risk-yonetiminde-cok-boyutlu-yaklasimlar-kuram-politika-ve-uygulamada-butunlesik-bir-cerceve","status":"publish","type":"product","link":"https:\/\/roveyayinevi.com.tr\/index.php\/urun\/afet-risk-yonetiminde-cok-boyutlu-yaklasimlar-kuram-politika-ve-uygulamada-butunlesik-bir-cerceve\/","title":{"rendered":"Afet Risk Y\u00f6netiminde \u00c7ok Boyutlu Yakla\u015f\u0131mlar Kuram, Politika Ve Uygulamada B\u00fct\u00fcnle\u015fik Bir \u00c7er\u00e7eve"},"content":{"rendered":"<p>1. B\u00d6L\u00dcM: AFET Y\u00d6NET\u0130M S\u0130STEMLER\u0130N\u0130N EVR\u0130M\u0130: FARKLI YAKLA\u015eIMLAR VE T\u00dcRK\u0130YE MODEL\u0130 2. B\u00d6L\u00dcM: \u00dcLKELER\u0130N AFET M\u00dcDAHALE PLANLARININ KAR\u015eILA\u015eTIRILMASI: T\u00dcRK\u0130YE, AMER\u0130KA B\u0130RLE\u015e\u0130K DEVLETLER\u0130, JAPONYA, ALMANYA, KANADA VE AVUSTRALYA 3. B\u00d6L\u00dcM: \u0130KL\u0130M DE\u011e\u0130\u015e\u0130KL\u0130\u011e\u0130 BA\u011eLAMINDA T\u00dcRK\u0130YE\u2019DE SEL AFETLER\u0130 VE R\u0130SK Y\u00d6NET\u0130M\u0130 4. B\u00d6L\u00dcM: AFET Y\u00d6NET\u0130M\u0130NDE TATB\u0130KAT YAKLA\u015eIMLARI: PLANLAMA, UYGULAMA VE DE\u011eERLEND\u0130RME 5. B\u00d6L\u00dcM: \u00dcN\u0130VERS\u0130TE KAMP\u00dcS \u0130\u00c7\u0130 TOPLANMA ALANI YER SE\u00c7\u0130M\u0130N\u0130N B\u00dcT\u00dcNLE\u015e\u0130K BWM VE TOPSIS Y\u00d6NTEM\u0130YLE DE\u011eERLEND\u0130R\u0130LMES\u0130: MUNZUR \u00dcN\u0130VERS\u0130TES\u0130 \u00d6RNE\u011e\u0130     6. B\u00d6L\u00dcM: AFETLERDE SAVUNMASIZ GRUPLARIN KORUNMASI: R\u0130SKLER, \u0130HT\u0130YA\u00c7LAR VE M\u00dcDAHALE 7. B\u00d6L\u00dcM: KIRILGAN YA\u015eLILARIN AFETLERDE KORUNMASI: HAZIRLIK POL\u0130T\u0130KALARI, KAPAS\u0130TE EKS\u0130KL\u0130KLER\u0130 VE \u0130Y\u0130 UYGULAMALAR 8. B\u00d6L\u00dcM: AFETLERDE KR\u0130Z Y\u00d6NET\u0130M\u0130 SAFHASINDA G\u00d6N\u00dcLL\u00dcLER\u0130N ROL\u00dc: T\u00dcRK\u0130YE, AMER\u0130KA B\u0130RLE\u015e\u0130K DEVLETLER\u0130, ALMANYA VE JAPONYA \u00d6RNE\u011e\u0130 9. B\u00d6L\u00dcM: KAHRAMANMARA\u015e DEPREM\u0130NDE AFET LOJ\u0130ST\u0130\u011e\u0130NDE KAR\u015eILA\u015eILAN SORUNLAR 10. B\u00d6L\u00dcM: AC\u0130L DURUM VE AFETLERDE KULLANILAN, RUH SA\u011eLI\u011eI VE PS\u0130KOSOSYAL DESTEK (MHPSS) H\u0130ZMET REHBERLER\u0130 11. B\u00d6L\u00dcM: AFETLERDE F\u0130Z\u0130KSEL AKT\u0130V\u0130TEN\u0130N \u00d6NLEY\u0130C\u0130 ROL\u00dc 12. B\u00d6L\u00dcM: SPOR FAAL\u0130YETLER\u0130N\u0130N AFET SONRASI \u0130Y\u0130LE\u015eT\u0130RME S\u00dcREC\u0130NE ETK\u0130S\u0130<\/p>\n","protected":false},"excerpt":{"rendered":"<p>1. B\u00d6L\u00dcM: AFET Y\u00d6NET\u0130M S\u0130STEMLER\u0130N\u0130N EVR\u0130M\u0130: FARKLI YAKLA\u015eIMLAR VE T\u00dcRK\u0130YE MODEL\u0130 2. B\u00d6L\u00dcM: \u00dcLKELER\u0130N AFET M\u00dcDAHALE PLANLARININ KAR\u015eILA\u015eTIRILMASI: T\u00dcRK\u0130YE, AMER\u0130KA B\u0130RLE\u015e\u0130K DEVLETLER\u0130, JAPONYA, ALMANYA, KANADA VE<span class=\"excerpt-hellip\"> [\u2026]<\/span><\/p>\n","protected":false},"featured_media":0,"template":"","meta":{"_monsterinsights_skip_tracking":false,"_monsterinsights_sitenote_active":false,"_monsterinsights_sitenote_note":"","_monsterinsights_sitenote_category":0},"product_brand":[],"product_cat":[13005,40995],"product_tag":[],"class_list":{"0":"post-783001","1":"product","2":"type-product","3":"status-publish","5":"product_cat-bilim-muhendislik","6":"product_cat-sosyal-bilimler","7":"pa_cilt-ciltsiz","8":"pa_tur-kitap","9":"pa_yayinevi-gazi-kitabevi","10":"pa_yazar-kolektif","12":"first","13":"instock","14":"sale","15":"shipping-taxable","16":"purchasable","17":"product-type-simple"},"_links":{"self":[{"href":"https:\/\/roveyayinevi.com.tr\/index.php\/wp-json\/wp\/v2\/product\/783001","targetHints":{"allow":["GET"]}}],"collection":[{"href":"https:\/\/roveyayinevi.com.tr\/index.php\/wp-json\/wp\/v2\/product"}],"about":[{"href":"https:\/\/roveyayinevi.com.tr\/index.php\/wp-json\/wp\/v2\/types\/product"}],"wp:attachment":[{"href":"https:\/\/roveyayinevi.com.tr\/index.php\/wp-json\/wp\/v2\/media?parent=783001"}],"wp:term":[{"taxonomy":"product_brand","embeddable":true,"href":"https:\/\/roveyayinevi.com.tr\/index.php\/wp-json\/wp\/v2\/product_brand?post=783001"},{"taxonomy":"product_cat","embeddable":true,"href":"https:\/\/roveyayinevi.com.tr\/index.php\/wp-json\/wp\/v2\/product_cat?post=783001"},{"taxonomy":"product_tag","embeddable":true,"href":"https:\/\/roveyayinevi.com.tr\/index.php\/wp-json\/wp\/v2\/product_tag?post=783001"}],"curies":[{"name":"wp","href":"https:\/\/api.w.org\/{rel}","templated":true}]}}