{"id":783000,"date":"2026-02-23T13:10:20","date_gmt":"2026-02-23T10:10:20","guid":{"rendered":"https:\/\/roveyayinevi.com.tr\/index.php\/urun\/fintek-caginda-davranissal-finans\/"},"modified":"2026-04-15T03:46:52","modified_gmt":"2026-04-15T00:46:52","slug":"fintek-caginda-davranissal-finans","status":"publish","type":"product","link":"https:\/\/roveyayinevi.com.tr\/index.php\/urun\/fintek-caginda-davranissal-finans\/","title":{"rendered":"Fintek \u00c7a\u011f\u0131nda Davran\u0131\u015fsal Finans"},"content":{"rendered":"<p>1. B\u00f6l\u00fcm \u0130NSAN PS\u0130KOLOJ\u0130S\u0130 ve YATIRIM KARARLARI  2. B\u00f6l\u00fcm S\u00dcR\u00dcN\u00dcN PE\u015e\u0130NDEN G\u0130TMEK: TOPLULUK ETK\u0130S\u0130 ve S\u00dcR\u00dc DAVRANI\u015eI  3. B\u00f6l\u00fcm P\u0130YASA BALONLARI ve \u00c7\u00d6K\u00dc\u015eLER\u0130NDE DAVRANI\u015eSAL FAKT\u00d6RLER  4. B\u00f6l\u00fcm e-posta: DAVRANI\u015eSAL KURUMSAL F\u0130NANSTA Y\u00d6NET\u0130C\u0130 KARARLARI ve \u00d6NYARGILAR  5. B\u00f6l\u00fcm F\u0130NANS TEKNOLOJ\u0130LER\u0130 (Fintech) ve DAVRANI\u015eSAL VER\u0130 ANAL\u0130T\u0130\u011e\u0130  6. B\u00f6l\u00fcm YAPAY ZEK\u00c2 ve \u00d6DEME S\u0130STEMLER\u0130: D\u00d6N\u00dc\u015e\u00dcM, FIRSATLAR ve GELECEK TRENDLER\u0130  7. B\u00f6l\u00fcm \u00c7EVRESEL, SOSYAL ve Y\u00d6NET\u0130\u015e\u0130M (ESG) FAKT\u00d6RLER\u0130N\u0130N YATIRIMCI DAVRANI\u015eI \u00dcZER\u0130NDEK\u0130 ETK\u0130S\u0130 \u00dcZER\u0130NE<\/p>\n","protected":false},"excerpt":{"rendered":"<p>1. B\u00f6l\u00fcm \u0130NSAN PS\u0130KOLOJ\u0130S\u0130 ve YATIRIM KARARLARI 2. B\u00f6l\u00fcm S\u00dcR\u00dcN\u00dcN PE\u015e\u0130NDEN G\u0130TMEK: TOPLULUK ETK\u0130S\u0130 ve S\u00dcR\u00dc DAVRANI\u015eI 3. B\u00f6l\u00fcm P\u0130YASA BALONLARI ve \u00c7\u00d6K\u00dc\u015eLER\u0130NDE DAVRANI\u015eSAL FAKT\u00d6RLER 4.<span class=\"excerpt-hellip\"> [\u2026]<\/span><\/p>\n","protected":false},"featured_media":0,"template":"","meta":{"_monsterinsights_skip_tracking":false,"_monsterinsights_sitenote_active":false,"_monsterinsights_sitenote_note":"","_monsterinsights_sitenote_category":0},"product_brand":[],"product_cat":[13043,14381],"product_tag":[],"class_list":{"0":"post-783000","1":"product","2":"type-product","3":"status-publish","5":"product_cat-ekonomi","6":"product_cat-isletme-muhasebe-maliye","7":"pa_cilt-ciltsiz","8":"pa_tur-kitap","9":"pa_yayinevi-gazi-kitabevi","10":"pa_yazar-kolektif","12":"first","13":"instock","14":"sale","15":"shipping-taxable","16":"purchasable","17":"product-type-simple"},"_links":{"self":[{"href":"https:\/\/roveyayinevi.com.tr\/index.php\/wp-json\/wp\/v2\/product\/783000","targetHints":{"allow":["GET"]}}],"collection":[{"href":"https:\/\/roveyayinevi.com.tr\/index.php\/wp-json\/wp\/v2\/product"}],"about":[{"href":"https:\/\/roveyayinevi.com.tr\/index.php\/wp-json\/wp\/v2\/types\/product"}],"wp:attachment":[{"href":"https:\/\/roveyayinevi.com.tr\/index.php\/wp-json\/wp\/v2\/media?parent=783000"}],"wp:term":[{"taxonomy":"product_brand","embeddable":true,"href":"https:\/\/roveyayinevi.com.tr\/index.php\/wp-json\/wp\/v2\/product_brand?post=783000"},{"taxonomy":"product_cat","embeddable":true,"href":"https:\/\/roveyayinevi.com.tr\/index.php\/wp-json\/wp\/v2\/product_cat?post=783000"},{"taxonomy":"product_tag","embeddable":true,"href":"https:\/\/roveyayinevi.com.tr\/index.php\/wp-json\/wp\/v2\/product_tag?post=783000"}],"curies":[{"name":"wp","href":"https:\/\/api.w.org\/{rel}","templated":true}]}}