{"id":782998,"date":"2026-02-23T13:10:16","date_gmt":"2026-02-23T10:10:16","guid":{"rendered":"https:\/\/roveyayinevi.com.tr\/index.php\/urun\/insanligin-sonu\/"},"modified":"2026-04-15T03:46:52","modified_gmt":"2026-04-15T00:46:52","slug":"insanligin-sonu","status":"publish","type":"product","link":"https:\/\/roveyayinevi.com.tr\/index.php\/urun\/insanligin-sonu\/","title":{"rendered":"\u0130nsanl\u0131\u011f\u0131n Sonu"},"content":{"rendered":"<p>Gidecektim, iz b\u0131rakmayacakt\u0131m. Benim i\u00e7in en \u00f6nemli nokta buydu. Birileri ara\u015ft\u0131racak olursa, benim temelli kayboldu\u011fum sonucuna varmal\u0131yd\u0131. Daha da iyisi, gizemli bir \u015fekilde imha olmal\u0131, yok olmal\u0131yd\u0131m. D\u00fcnyan\u0131n bir anda sessizli\u011fe g\u00f6m\u00fcld\u00fc\u011f\u00fc bir sabah\u2026 Alpler\u2019deki \u0131ss\u0131z evine \u00e7ekilen anlat\u0131c\u0131, intihar etmeyi planlad\u0131\u011f\u0131 geceyi atlat\u0131p geri d\u00f6nd\u00fc\u011f\u00fcnde d\u00fcnya \u00fczerindeki t\u00fcm insanlar\u0131n ortadan kayboldu\u011funu fark eder. Kasabalar, yollar, oteller, s\u0131n\u0131rlar \u2013 hepsi yerli yerindedir, yaln\u0131zca insan yoktur. Son insan, hem insanl\u0131\u011f\u0131n yoklu\u011funun b\u0131rakt\u0131\u011f\u0131 bo\u015flukla hem de kendi varolu\u015funun a\u011f\u0131rl\u0131\u011f\u0131yla y\u00fczle\u015fmek zorundad\u0131r. Guido Morselli\u2019nin kendi hayat\u0131na son vermeden hemen \u00f6nce tamamlad\u0131\u011f\u0131 bu e\u015fsiz roman, modern insan\u0131n yaln\u0131zl\u0131k, varolu\u015f, anlam ve \u00f6zg\u00fcrl\u00fck kar\u015f\u0131s\u0131ndaki k\u0131r\u0131lganl\u0131\u011f\u0131n\u0131 sorgulayan sars\u0131c\u0131 bir k\u0131yamet tablosu. \u201cVarolu\u015fun a\u011f\u0131rl\u0131\u011f\u0131 ve yaln\u0131zl\u0131\u011f\u0131n deh\u015feti \u00fczerine \u00e7arp\u0131c\u0131, derinlikli bir meditasyon.\u201dPublishers Weekly<\/p>\n","protected":false},"excerpt":{"rendered":"<p>Gidecektim, iz b\u0131rakmayacakt\u0131m. Benim i\u00e7in en \u00f6nemli nokta buydu. Birileri ara\u015ft\u0131racak olursa, benim temelli kayboldu\u011fum sonucuna varmal\u0131yd\u0131. Daha da iyisi, gizemli bir \u015fekilde imha olmal\u0131, yok<span class=\"excerpt-hellip\"> [\u2026]<\/span><\/p>\n","protected":false},"featured_media":0,"template":"","meta":{"_monsterinsights_skip_tracking":false,"_monsterinsights_sitenote_active":false,"_monsterinsights_sitenote_note":"","_monsterinsights_sitenote_category":0},"product_brand":[],"product_cat":[12291,12711],"product_tag":[],"class_list":{"0":"post-782998","1":"product","2":"type-product","3":"status-publish","5":"product_cat-edebiyat","6":"product_cat-roman-oyku","7":"pa_cilt-ciltsiz","8":"pa_tur-kitap","9":"pa_yayinevi-can-yayinlari","10":"pa_yazar-guido-morselli","12":"first","13":"instock","14":"sale","15":"shipping-taxable","16":"purchasable","17":"product-type-simple"},"_links":{"self":[{"href":"https:\/\/roveyayinevi.com.tr\/index.php\/wp-json\/wp\/v2\/product\/782998","targetHints":{"allow":["GET"]}}],"collection":[{"href":"https:\/\/roveyayinevi.com.tr\/index.php\/wp-json\/wp\/v2\/product"}],"about":[{"href":"https:\/\/roveyayinevi.com.tr\/index.php\/wp-json\/wp\/v2\/types\/product"}],"wp:attachment":[{"href":"https:\/\/roveyayinevi.com.tr\/index.php\/wp-json\/wp\/v2\/media?parent=782998"}],"wp:term":[{"taxonomy":"product_brand","embeddable":true,"href":"https:\/\/roveyayinevi.com.tr\/index.php\/wp-json\/wp\/v2\/product_brand?post=782998"},{"taxonomy":"product_cat","embeddable":true,"href":"https:\/\/roveyayinevi.com.tr\/index.php\/wp-json\/wp\/v2\/product_cat?post=782998"},{"taxonomy":"product_tag","embeddable":true,"href":"https:\/\/roveyayinevi.com.tr\/index.php\/wp-json\/wp\/v2\/product_tag?post=782998"}],"curies":[{"name":"wp","href":"https:\/\/api.w.org\/{rel}","templated":true}]}}