{"id":782992,"date":"2026-02-23T13:10:03","date_gmt":"2026-02-23T10:10:03","guid":{"rendered":"https:\/\/roveyayinevi.com.tr\/index.php\/urun\/arapcada-baglaclar\/"},"modified":"2026-04-15T03:46:51","modified_gmt":"2026-04-15T00:46:51","slug":"arapcada-baglaclar","status":"publish","type":"product","link":"https:\/\/roveyayinevi.com.tr\/index.php\/urun\/arapcada-baglaclar\/","title":{"rendered":"Arap\u00e7a&#8217;da Ba\u011fla\u00e7lar"},"content":{"rendered":"<p>Arap\u00e7a \u00f6\u011freniminde anlam\u0131 do\u011fru kurman\u0131n ve metni sa\u011fl\u0131kl\u0131 \u00e7\u00f6z\u00fcmlemenin en kritik unsurlar\u0131ndan biri, ba\u011fla\u00e7 g\u00f6revli edatlar\u0131n do\u011fru kavranmas\u0131d\u0131r. S\u00f6zc\u00fckleri, c\u00fcmlecikleri ve c\u00fcmleleri birbirine ba\u011flayan bu yap\u0131lar; sebep\u2013sonu\u00e7, z\u0131tl\u0131k, s\u0131ralama, a\u00e7\u0131klama ve h\u00e2l bildirme gibi ili\u015fkileri kurarak metnin anlam omurgas\u0131n\u0131 olu\u015fturur.Elinizdeki kitap, Arap\u00e7a Ba\u011fla\u00e7lar, Modern Standart Arap\u00e7ada en s\u0131k kullan\u0131lan ba\u011fla\u00e7 ve edatlar\u0131 sistematik bir yakla\u015f\u0131mla ele alan kapsaml\u0131 bir ba\u015fvuru kayna\u011f\u0131d\u0131r. Eser; her bir ba\u011flac\u0131 form\u00fclasyonlar, se\u00e7me Arap\u00e7a metinler, titiz terc\u00fcmeler, bol \u00f6rnekler ve a\u00e7\u0131klay\u0131c\u0131 al\u0131\u015ft\u0131rmalar e\u015fli\u011finde sunarak, okuyucunun hem teorik hem de pratik becerisini geli\u015ftirmeyi hedeflemektedir.Kahire Amerikan \u00dcniversitesi taraf\u0131ndan haz\u0131rlanan The Connectors in Modern Standard Arabic adl\u0131 \u00e7al\u0131\u015fmadan hareketle haz\u0131rlanan bu kitapta, t\u00fcm kelimeler eksiksiz bi\u00e7imde harekelenmi\u015f; anlam\u0131 etkileyen n\u00fcanslar\u0131n g\u00f6zden ka\u00e7mamas\u0131 i\u00e7in \u00f6zel bir hassasiyet g\u00f6sterilmi\u015ftir. Ayr\u0131ca kitap sonunda yer alan \u00d6rnek Metinler, Genel S\u00f6zl\u00fck ve Cevap Anahtar\u0131, \u00f6\u011frenilen yap\u0131lar\u0131n peki\u015ftirilmesini ama\u00e7lamaktad\u0131r. \u0130lahiyat Fak\u00fclteleri ile Arap Dili ve Edebiyat\u0131 b\u00f6l\u00fcmlerinde okuyan \u00f6\u011frenciler ba\u015fta olmak \u00fczere, \u00e7eviriyle u\u011fra\u015fan m\u00fctercimler ve Arap\u00e7an\u0131n inceliklerini derinlemesine kavramak isteyen herkes i\u00e7in Arap\u00e7a Ba\u011fla\u00e7lar, g\u00fcvenilir ve yol g\u00f6sterici bir rehber niteli\u011findedir.<\/p>\n","protected":false},"excerpt":{"rendered":"<p>Arap\u00e7a \u00f6\u011freniminde anlam\u0131 do\u011fru kurman\u0131n ve metni sa\u011fl\u0131kl\u0131 \u00e7\u00f6z\u00fcmlemenin en kritik unsurlar\u0131ndan biri, ba\u011fla\u00e7 g\u00f6revli edatlar\u0131n do\u011fru kavranmas\u0131d\u0131r. S\u00f6zc\u00fckleri, c\u00fcmlecikleri ve c\u00fcmleleri birbirine ba\u011flayan bu yap\u0131lar;<span class=\"excerpt-hellip\"> [\u2026]<\/span><\/p>\n","protected":false},"featured_media":0,"template":"","meta":{"_monsterinsights_skip_tracking":false,"_monsterinsights_sitenote_active":false,"_monsterinsights_sitenote_note":"","_monsterinsights_sitenote_category":0},"product_brand":[],"product_cat":[31856,14597,12566],"product_tag":[],"class_list":{"0":"post-782992","1":"product","2":"type-product","3":"status-publish","5":"product_cat-arapca","6":"product_cat-dil-ogrenimi","7":"product_cat-egitim","8":"pa_cilt-ciltsiz","9":"pa_tur-kitap","10":"pa_yayinevi-alfa-yayinlari","11":"pa_yazar-huseyin-gunday","13":"first","14":"instock","15":"sale","16":"shipping-taxable","17":"purchasable","18":"product-type-simple"},"_links":{"self":[{"href":"https:\/\/roveyayinevi.com.tr\/index.php\/wp-json\/wp\/v2\/product\/782992","targetHints":{"allow":["GET"]}}],"collection":[{"href":"https:\/\/roveyayinevi.com.tr\/index.php\/wp-json\/wp\/v2\/product"}],"about":[{"href":"https:\/\/roveyayinevi.com.tr\/index.php\/wp-json\/wp\/v2\/types\/product"}],"wp:attachment":[{"href":"https:\/\/roveyayinevi.com.tr\/index.php\/wp-json\/wp\/v2\/media?parent=782992"}],"wp:term":[{"taxonomy":"product_brand","embeddable":true,"href":"https:\/\/roveyayinevi.com.tr\/index.php\/wp-json\/wp\/v2\/product_brand?post=782992"},{"taxonomy":"product_cat","embeddable":true,"href":"https:\/\/roveyayinevi.com.tr\/index.php\/wp-json\/wp\/v2\/product_cat?post=782992"},{"taxonomy":"product_tag","embeddable":true,"href":"https:\/\/roveyayinevi.com.tr\/index.php\/wp-json\/wp\/v2\/product_tag?post=782992"}],"curies":[{"name":"wp","href":"https:\/\/api.w.org\/{rel}","templated":true}]}}