{"id":782989,"date":"2026-02-23T13:09:54","date_gmt":"2026-02-23T10:09:54","guid":{"rendered":"https:\/\/roveyayinevi.com.tr\/index.php\/urun\/dans-sevenler-ayaga-firlasin\/"},"modified":"2026-04-15T03:46:51","modified_gmt":"2026-04-15T00:46:51","slug":"dans-sevenler-ayaga-firlasin","status":"publish","type":"product","link":"https:\/\/roveyayinevi.com.tr\/index.php\/urun\/dans-sevenler-ayaga-firlasin\/","title":{"rendered":"Dans Sevenler aya\u011fa F\u0131rlas\u0131n"},"content":{"rendered":"<p>Sanatsever, oyunsever, kedisever, \u015fiirsever, kitapsever \u00e7ocuklara MERHABA!\u00c7ocuklar i\u00e7in Sanata \u0130lk Ad\u0131m Dizisi, okurunu sanatla bulu\u015fturup ele\u015ftirel ve yarat\u0131c\u0131 d\u00fc\u015f\u00fcnceyi destekliyor. Bol \u00f6d\u00fcll\u00fc yazar Mavisel Yener\u2019in s\u00fcr\u00fckleyici, e\u011flenceli dilinden \u015fiirli bir masal okumaya ne dersiniz?\u0130ki karde\u015f hayallerinin pe\u015finden dans\u0131n b\u00fcy\u00fcleyici d\u00fcnyas\u0131na ad\u0131m at\u0131yor. Bakal\u0131m onlar\u0131 ne s\u00fcrprizler bekliyor!Hayal kuranlar erer murad\u0131na, dar\u0131s\u0131 bu kitab\u0131 okuyanlar\u0131n ba\u015f\u0131na.<\/p>\n","protected":false},"excerpt":{"rendered":"<p>Sanatsever, oyunsever, kedisever, \u015fiirsever, kitapsever \u00e7ocuklara MERHABA!\u00c7ocuklar i\u00e7in Sanata \u0130lk Ad\u0131m Dizisi, okurunu sanatla bulu\u015fturup ele\u015ftirel ve yarat\u0131c\u0131 d\u00fc\u015f\u00fcnceyi destekliyor. Bol \u00f6d\u00fcll\u00fc yazar Mavisel Yener\u2019in s\u00fcr\u00fckleyici,<span class=\"excerpt-hellip\"> [\u2026]<\/span><\/p>\n","protected":false},"featured_media":0,"template":"","meta":{"_monsterinsights_skip_tracking":false,"_monsterinsights_sitenote_active":false,"_monsterinsights_sitenote_note":"","_monsterinsights_sitenote_category":0},"product_brand":[],"product_cat":[12274,12284],"product_tag":[],"class_list":{"0":"post-782989","1":"product","2":"type-product","3":"status-publish","5":"product_cat-cocuk-ve-genclik-kitaplari","6":"product_cat-hikayeler","7":"pa_cilt-ciltsiz","8":"pa_tur-kitap","9":"pa_yayinevi-bilgi-yayinevi-cocuk","10":"pa_yazar-mavisel-yener","12":"first","13":"instock","14":"sale","15":"shipping-taxable","16":"purchasable","17":"product-type-simple"},"_links":{"self":[{"href":"https:\/\/roveyayinevi.com.tr\/index.php\/wp-json\/wp\/v2\/product\/782989","targetHints":{"allow":["GET"]}}],"collection":[{"href":"https:\/\/roveyayinevi.com.tr\/index.php\/wp-json\/wp\/v2\/product"}],"about":[{"href":"https:\/\/roveyayinevi.com.tr\/index.php\/wp-json\/wp\/v2\/types\/product"}],"wp:attachment":[{"href":"https:\/\/roveyayinevi.com.tr\/index.php\/wp-json\/wp\/v2\/media?parent=782989"}],"wp:term":[{"taxonomy":"product_brand","embeddable":true,"href":"https:\/\/roveyayinevi.com.tr\/index.php\/wp-json\/wp\/v2\/product_brand?post=782989"},{"taxonomy":"product_cat","embeddable":true,"href":"https:\/\/roveyayinevi.com.tr\/index.php\/wp-json\/wp\/v2\/product_cat?post=782989"},{"taxonomy":"product_tag","embeddable":true,"href":"https:\/\/roveyayinevi.com.tr\/index.php\/wp-json\/wp\/v2\/product_tag?post=782989"}],"curies":[{"name":"wp","href":"https:\/\/api.w.org\/{rel}","templated":true}]}}