{"id":782983,"date":"2026-02-23T13:09:37","date_gmt":"2026-02-23T10:09:37","guid":{"rendered":"https:\/\/roveyayinevi.com.tr\/index.php\/urun\/koy-ens-sistemine-toplu-bakis-ozel-baski\/"},"modified":"2026-04-15T03:46:51","modified_gmt":"2026-04-15T00:46:51","slug":"koy-ens-sistemine-toplu-bakis-ozel-baski","status":"publish","type":"product","link":"https:\/\/roveyayinevi.com.tr\/index.php\/urun\/koy-ens-sistemine-toplu-bakis-ozel-baski\/","title":{"rendered":"K\u00d6Y ENS.S\u0130STEM\u0130NE TOPLU BAKI\u015e (\u00d6ZEL BASKI)"},"content":{"rendered":"<p>Niyazi Altunya, y\u00fczy\u0131llar boyunca ezilmi\u015f k\u00f6y insan\u0131n\u0131n, bilimin \u00f6nc\u00fcl\u00fc\u011f\u00fcnde yazg\u0131s\u0131n\u0131 de\u011fi\u015ftirme m\u00fccadelesini simgeleyen k\u00f6y enstit\u00fclerinin tarihini anlat\u0131yor, Cumhuriyet Devriminin yaratt\u0131\u011f\u0131 \u00f6zg\u00fcn e\u011fitim modelini her y\u00f6n\u00fcyle inceliyor.<\/p>\n","protected":false},"excerpt":{"rendered":"<p>Niyazi Altunya, y\u00fczy\u0131llar boyunca ezilmi\u015f k\u00f6y insan\u0131n\u0131n, bilimin \u00f6nc\u00fcl\u00fc\u011f\u00fcnde yazg\u0131s\u0131n\u0131 de\u011fi\u015ftirme m\u00fccadelesini simgeleyen k\u00f6y enstit\u00fclerinin tarihini anlat\u0131yor, Cumhuriyet Devriminin yaratt\u0131\u011f\u0131 \u00f6zg\u00fcn e\u011fitim modelini her y\u00f6n\u00fcyle inceliyor.<\/p>\n","protected":false},"featured_media":0,"template":"","meta":{"_monsterinsights_skip_tracking":false,"_monsterinsights_sitenote_active":false,"_monsterinsights_sitenote_note":"","_monsterinsights_sitenote_category":0},"product_brand":[],"product_cat":[12370,12304],"product_tag":[],"class_list":{"0":"post-782983","1":"product","2":"type-product","3":"status-publish","5":"product_cat-arastirma-inceleme","6":"product_cat-tarih","7":"pa_cilt-ciltsiz","8":"pa_tur-kitap","9":"pa_yayinevi-cumhuriyet-kitaplari","10":"pa_yazar-niyazi-altunya","12":"first","13":"instock","14":"sale","15":"shipping-taxable","16":"purchasable","17":"product-type-simple"},"_links":{"self":[{"href":"https:\/\/roveyayinevi.com.tr\/index.php\/wp-json\/wp\/v2\/product\/782983","targetHints":{"allow":["GET"]}}],"collection":[{"href":"https:\/\/roveyayinevi.com.tr\/index.php\/wp-json\/wp\/v2\/product"}],"about":[{"href":"https:\/\/roveyayinevi.com.tr\/index.php\/wp-json\/wp\/v2\/types\/product"}],"wp:attachment":[{"href":"https:\/\/roveyayinevi.com.tr\/index.php\/wp-json\/wp\/v2\/media?parent=782983"}],"wp:term":[{"taxonomy":"product_brand","embeddable":true,"href":"https:\/\/roveyayinevi.com.tr\/index.php\/wp-json\/wp\/v2\/product_brand?post=782983"},{"taxonomy":"product_cat","embeddable":true,"href":"https:\/\/roveyayinevi.com.tr\/index.php\/wp-json\/wp\/v2\/product_cat?post=782983"},{"taxonomy":"product_tag","embeddable":true,"href":"https:\/\/roveyayinevi.com.tr\/index.php\/wp-json\/wp\/v2\/product_tag?post=782983"}],"curies":[{"name":"wp","href":"https:\/\/api.w.org\/{rel}","templated":true}]}}