{"id":782982,"date":"2026-02-23T13:09:35","date_gmt":"2026-02-23T10:09:35","guid":{"rendered":"https:\/\/roveyayinevi.com.tr\/index.php\/urun\/milli-hatip-omer-naci\/"},"modified":"2026-04-15T03:46:51","modified_gmt":"2026-04-15T00:46:51","slug":"milli-hatip-omer-naci","status":"publish","type":"product","link":"https:\/\/roveyayinevi.com.tr\/index.php\/urun\/milli-hatip-omer-naci\/","title":{"rendered":"Milli Hatip \u00f6mer Naci"},"content":{"rendered":"<p>\u201cMustafa Kemal, arkanday\u0131z, seni takip edece\u011fiz, \u00f6l\u00fcmler cell\u00e2tlar, i\u015fkenceler bile bizi bu azmimizden \u00e7eviremeyecektir. H\u00fcrriyet verilmez, o ancak al\u0131n\u0131r, zul\u00fcm ve istibdat alt\u0131nda inleyen bu masum ve bi\u00e7are milleti kurtaraca\u011f\u0131z, ya\u015fas\u0131n h\u00fcrriyet ve ihtilal.\u201dB\u00f6yle sesleniyordu \u00d6mer N\u00e2ci 1906 y\u0131l\u0131nda Mustafa Kemal\u2019e. Ba\u011f\u0131ms\u0131zl\u0131\u011f\u0131n ve devrimin \u00f6nderi Atat\u00fcrk\u2019\u00fcn b\u00fcy\u00fck ba\u015far\u0131lar\u0131n\u0131n g\u00f6zal\u0131c\u0131 parlakl\u0131\u011f\u0131nda, kimi dava arkada\u015flar\u0131 g\u00f6lgede kalm\u0131\u015ft\u0131r. \u0130\u015fte, bu kitap g\u00f6lgede kalanlardan birini, \u00d6mer N\u00e2ci\u2019yi anlat\u0131yor. Atat\u00fcrk hakk\u0131nda yaz\u0131lan biyografilerde \u00d6mer N\u00e2ci\u2019den, sadece Mustafa Kemal\u2019in okul ve gen\u00e7lik arkada\u015f\u0131 olarak s\u00f6z edilmi\u015ftir. Mustafa Kemal\u2019i \u015fiirle, edebiyatla tan\u0131\u015ft\u0131ran ve g\u00fczel konu\u015fmas\u0131yla etkileyen odur. \u00d6mer N\u00e2ci, edebi g\u00fcc\u00fcn\u00fc hatipli\u011finde kullanmas\u0131yla kitleleri pe\u015finden s\u00fcr\u00fckleyen, \u0130ttihat ve Terakki kurucu ve y\u00f6neticilerinden biri olmakla kalmay\u0131p farkl\u0131 siyasi te\u015fkilatlar da kurup y\u00f6neten bir ihtilalcidir. Ki\u015fili\u011finde toplad\u0131\u011f\u0131 b\u00fct\u00fcn bu \u00f6zelliklerini vatan ve h\u00fcrriyet yoluna vakfetmesiyle T\u00fcrk tarihindeki yeri e\u015fsizdir. Onu farkl\u0131 k\u0131lan bir ba\u015fka \u00f6zelli\u011fi de, h\u00fcrriyet ve me\u015frutiyet a\u015fk\u0131n\u0131n Osmanl\u0131yla s\u0131n\u0131rl\u0131 kalmay\u0131\u015f\u0131d\u0131r. O, b\u00fct\u00fcn mazlum milletlerin de \u00d6mer N\u00e2ci\u2019sidir. Elimizdeki kitapta okuyaca\u011f\u0131n\u0131z sat\u0131rlar, \u201cMilli Hatip\u201d olarak an\u0131lan \u00d6mer N\u00e2ci\u2019ye ve ayd\u0131nlanman\u0131n \u00f6nderlerine duyulan minnettarl\u0131\u011f\u0131n sayg\u0131 duru\u015fudur.<\/p>\n","protected":false},"excerpt":{"rendered":"<p>\u201cMustafa Kemal, arkanday\u0131z, seni takip edece\u011fiz, \u00f6l\u00fcmler cell\u00e2tlar, i\u015fkenceler bile bizi bu azmimizden \u00e7eviremeyecektir. H\u00fcrriyet verilmez, o ancak al\u0131n\u0131r, zul\u00fcm ve istibdat alt\u0131nda inleyen bu masum<span class=\"excerpt-hellip\"> [\u2026]<\/span><\/p>\n","protected":false},"featured_media":0,"template":"","meta":{"_monsterinsights_skip_tracking":false,"_monsterinsights_sitenote_active":false,"_monsterinsights_sitenote_note":"","_monsterinsights_sitenote_category":0},"product_brand":[],"product_cat":[12370,12304],"product_tag":[],"class_list":{"0":"post-782982","1":"product","2":"type-product","3":"status-publish","5":"product_cat-arastirma-inceleme","6":"product_cat-tarih","7":"pa_cilt-ciltsiz","8":"pa_tur-kitap","9":"pa_yayinevi-cumhuriyet-kitaplari","10":"pa_yazar-ihsan-torun","12":"first","13":"instock","14":"sale","15":"shipping-taxable","16":"purchasable","17":"product-type-simple"},"_links":{"self":[{"href":"https:\/\/roveyayinevi.com.tr\/index.php\/wp-json\/wp\/v2\/product\/782982","targetHints":{"allow":["GET"]}}],"collection":[{"href":"https:\/\/roveyayinevi.com.tr\/index.php\/wp-json\/wp\/v2\/product"}],"about":[{"href":"https:\/\/roveyayinevi.com.tr\/index.php\/wp-json\/wp\/v2\/types\/product"}],"wp:attachment":[{"href":"https:\/\/roveyayinevi.com.tr\/index.php\/wp-json\/wp\/v2\/media?parent=782982"}],"wp:term":[{"taxonomy":"product_brand","embeddable":true,"href":"https:\/\/roveyayinevi.com.tr\/index.php\/wp-json\/wp\/v2\/product_brand?post=782982"},{"taxonomy":"product_cat","embeddable":true,"href":"https:\/\/roveyayinevi.com.tr\/index.php\/wp-json\/wp\/v2\/product_cat?post=782982"},{"taxonomy":"product_tag","embeddable":true,"href":"https:\/\/roveyayinevi.com.tr\/index.php\/wp-json\/wp\/v2\/product_tag?post=782982"}],"curies":[{"name":"wp","href":"https:\/\/api.w.org\/{rel}","templated":true}]}}