{"id":782981,"date":"2026-02-23T13:09:33","date_gmt":"2026-02-23T10:09:33","guid":{"rendered":"https:\/\/roveyayinevi.com.tr\/index.php\/urun\/spartakis-kuvayi-milliyeci-mehmet-vehbi-saridal\/"},"modified":"2026-04-15T03:46:51","modified_gmt":"2026-04-15T00:46:51","slug":"spartakis-kuvayi-milliyeci-mehmet-vehbi-saridal","status":"publish","type":"product","link":"https:\/\/roveyayinevi.com.tr\/index.php\/urun\/spartakis-kuvayi-milliyeci-mehmet-vehbi-saridal\/","title":{"rendered":"SPARTAK\u0130S KUVAYI M\u0130LL\u0130YEC\u0130 MEHMET VEHB\u0130 SARIDAL"},"content":{"rendered":"<p>Kurtulu\u015fun k\u0131rm\u0131z\u0131 eli, dola\u015f\u0131yor \u00fcst\u00fcnde Almanya\u2019n\u0131nD\u0131\u015far\u0131 f\u0131rlamak i\u00e7in tepiniyoramele mahallelerinde tanklar.Berlin\u2019in caddeleri kulak as\u0131yor yineSpartak\u00fcslerin ayak sesine\u2026G\u00f6be\u011finden \u00e7atlayacak Avrupa.Avrupa\u2019n\u0131n \u00e7atlayacak g\u00f6be\u011fi\u2026N\u00e2z\u0131m Hikmet\u2019e bu dizeleri esinleyen g\u00fcnlerdeyiz\u2026 Ocak 1919, yer Berlin, Spartakistler Birli\u011fi barikatlar\u0131nda bir T\u00fcrk genci: Mehmet Vehbi Sar\u0131dal\u2026 N\u00e2z\u0131m\u2019\u0131 sosyalist fikirlerle tan\u0131\u015ft\u0131ran, devrimci hareketlerin \u00f6n safhalar\u0131nda yer alan, Marx\u2019tan \u00e7eviriler yapan bir enternasyolist, bir \u00f6\u011fretmen, bir iktisat Profes\u00f6r\u00fc\u2026Ayn\u0131 zamanda bir yurtsever; Kuvay\u0131 Milliye hareketine g\u00f6n\u00fclden ba\u011flanm\u0131\u015f, Milli M\u00fccadele\u2019ye ve TBMM H\u00fck\u00fcmeti kadrolar\u0131na kat\u0131larak kurucu Cumhuriyet b\u00fcrokrasisi i\u00e7inde yer alm\u0131\u015f bir Kemalist\u2026T\u00fcrkiye \u0130\u015f\u00e7i ve \u00c7ift\u00e7i Sosyalist F\u0131rkas\u0131 kuruculu\u011fundan ba\u011f\u0131ms\u0131zl\u0131k sava\u015f\u0131nda Atat\u00fcrk\u2019\u00fcn yan\u0131nda yer almaya uzanan, Nafi Atuf Kansu ile birlikte e\u011fitim davas\u0131n\u0131n bayraktarl\u0131\u011f\u0131n\u0131 yapan Mehmet Vehbi Sar\u0131dal\u2019\u0131n ya\u015fam\u00f6yk\u00fcs\u00fcn\u00fc soluksuz okuyacaks\u0131n\u0131z\u2026<\/p>\n","protected":false},"excerpt":{"rendered":"<p>Kurtulu\u015fun k\u0131rm\u0131z\u0131 eli, dola\u015f\u0131yor \u00fcst\u00fcnde Almanya\u2019n\u0131nD\u0131\u015far\u0131 f\u0131rlamak i\u00e7in tepiniyoramele mahallelerinde tanklar.Berlin\u2019in caddeleri kulak as\u0131yor yineSpartak\u00fcslerin ayak sesine\u2026G\u00f6be\u011finden \u00e7atlayacak Avrupa.Avrupa\u2019n\u0131n \u00e7atlayacak g\u00f6be\u011fi\u2026N\u00e2z\u0131m Hikmet\u2019e bu dizeleri esinleyen g\u00fcnlerdeyiz\u2026<span class=\"excerpt-hellip\"> [\u2026]<\/span><\/p>\n","protected":false},"featured_media":0,"template":"","meta":{"_monsterinsights_skip_tracking":false,"_monsterinsights_sitenote_active":false,"_monsterinsights_sitenote_note":"","_monsterinsights_sitenote_category":0},"product_brand":[],"product_cat":[13946,12304],"product_tag":[],"class_list":{"0":"post-782981","1":"product","2":"type-product","3":"status-publish","5":"product_cat-biyografi-otobiyografi","6":"product_cat-tarih","7":"pa_cilt-ciltsiz","8":"pa_tur-kitap","9":"pa_yayinevi-cumhuriyet-kitaplari","10":"pa_yazar-kolektif","12":"first","13":"instock","14":"sale","15":"shipping-taxable","16":"purchasable","17":"product-type-simple"},"_links":{"self":[{"href":"https:\/\/roveyayinevi.com.tr\/index.php\/wp-json\/wp\/v2\/product\/782981","targetHints":{"allow":["GET"]}}],"collection":[{"href":"https:\/\/roveyayinevi.com.tr\/index.php\/wp-json\/wp\/v2\/product"}],"about":[{"href":"https:\/\/roveyayinevi.com.tr\/index.php\/wp-json\/wp\/v2\/types\/product"}],"wp:attachment":[{"href":"https:\/\/roveyayinevi.com.tr\/index.php\/wp-json\/wp\/v2\/media?parent=782981"}],"wp:term":[{"taxonomy":"product_brand","embeddable":true,"href":"https:\/\/roveyayinevi.com.tr\/index.php\/wp-json\/wp\/v2\/product_brand?post=782981"},{"taxonomy":"product_cat","embeddable":true,"href":"https:\/\/roveyayinevi.com.tr\/index.php\/wp-json\/wp\/v2\/product_cat?post=782981"},{"taxonomy":"product_tag","embeddable":true,"href":"https:\/\/roveyayinevi.com.tr\/index.php\/wp-json\/wp\/v2\/product_tag?post=782981"}],"curies":[{"name":"wp","href":"https:\/\/api.w.org\/{rel}","templated":true}]}}