{"id":782980,"date":"2026-02-23T13:09:32","date_gmt":"2026-02-23T10:09:32","guid":{"rendered":"https:\/\/roveyayinevi.com.tr\/index.php\/urun\/yurt-gezilerinin-izinde-fircanin-tanikliginda-memleket-bellegi\/"},"modified":"2026-04-15T03:46:51","modified_gmt":"2026-04-15T00:46:51","slug":"yurt-gezilerinin-izinde-fircanin-tanikliginda-memleket-bellegi","status":"publish","type":"product","link":"https:\/\/roveyayinevi.com.tr\/index.php\/urun\/yurt-gezilerinin-izinde-fircanin-tanikliginda-memleket-bellegi\/","title":{"rendered":"Yurt Gezilerinin \u0130zinde F\u0131r\u00e7an\u0131n Tan\u0131kl\u0131\u011f\u0131nda Memleket Belle\u011fi"},"content":{"rendered":"<p>Kurulu\u015f felsefesinde k\u00fclt\u00fcr ve sanat olan gen\u00e7 Cumhuriyet, temelini sa\u011flamla\u015ft\u0131rmak ve Osmanl\u0131\u2019dan devrald\u0131\u011f\u0131 bak\u0131ms\u0131z Anadolu ta\u015fras\u0131n\u0131 kalk\u0131nd\u0131rmak amac\u0131yla \u201cYurt Gezileri ve Yurt Resimleri\u201d at\u0131l\u0131m\u0131n\u0131 planlad\u0131. Bu kapsamda 1938-1943 aras\u0131nda her y\u0131l on sanat\u00e7\u0131y\u0131 g\u00f6revlendiren devlet, sanat\u00e7\u0131lar\u0131n g\u00f6revlendirildikleri illerde her t\u00fcrl\u00fc gereksinimlerini kar\u015f\u0131layacakt\u0131. Alt\u0131 y\u0131ll\u0131k s\u00fcre i\u00e7inde 48 ressam\u0131m\u0131z, 63 kente giderek 675 resim yapt\u0131lar. Toplanan resimler Ankara Halkevi binas\u0131nda izleyicilerin be\u011fenisine sunuldu.Karanl\u0131\u011fa kar\u015f\u0131 ayd\u0131nl\u0131k ta\u015f\u0131ma g\u00f6revini \u00fcstlenmi\u015f bu sanat\u00e7\u0131lar, \u00e7a\u011fda\u015fl\u0131\u011f\u0131n bar\u0131\u015f el\u00e7isi olarak tarihteki sayg\u0131n yerlerini \u00e7oktan ald\u0131lar. Her birinin \u00f6tekinden ayr\u0131 \u00f6yk\u00fcleriyle sarmaland\u0131\u011f\u0131 bu kitap, ak\u0131c\u0131 bir anlat\u0131mla yeniden ya\u015fam\u0131m\u0131za kat\u0131l\u0131yor. Bizler yaln\u0131zca bir sanat eylemiyle y\u00fczle\u015fmiyoruz. Sanat\u00e7\u0131 tan\u0131kl\u0131klar\u0131yla Anadolu insan\u0131n\u0131n ya\u015fam ko\u015fullar\u0131n\u0131, yoksullu\u011funu, hastal\u0131klarla bo\u011fu\u015fmas\u0131n\u0131, \u00f6zlem be ku\u015fkular\u0131n\u0131 da \u00f6\u011freniyoruz.Gen\u00e7 Cumhuriyet i\u00e7in fig\u00fcr, hem \u00e7izgisel hem de k\u00fclt\u00fcrel bir ifadedir. Bir duru\u015fta diren\u00e7, bir bak\u0131\u015fta ge\u00e7mi\u015fin izleri, bir durakta g\u00f6\u00e7ebelik, bir kalabal\u0131kta yoksulluk hissedilir. \u0130\u015fte bu y\u00fczden, Yurt Gezileri resimlerine bakmak, ayn\u0131 zamanda Anadolu\u2019nun y\u00fcz\u00fcn\u00fc tan\u0131mak demektir. G\u00fcven Baykan, f\u0131r\u00e7an\u0131n tan\u0131kl\u0131\u011f\u0131nda bir memleket belle\u011fi ortaya koyuyor, her bir sanat\u00e7\u0131n\u0131n y\u00fczle\u015fti\u011fi ger\u00e7eklikleri yap\u0131tlar\u0131na yans\u0131yan y\u00f6nleriyle birlikte okura anlat\u0131yor.<\/p>\n","protected":false},"excerpt":{"rendered":"<p>Kurulu\u015f felsefesinde k\u00fclt\u00fcr ve sanat olan gen\u00e7 Cumhuriyet, temelini sa\u011flamla\u015ft\u0131rmak ve Osmanl\u0131\u2019dan devrald\u0131\u011f\u0131 bak\u0131ms\u0131z Anadolu ta\u015fras\u0131n\u0131 kalk\u0131nd\u0131rmak amac\u0131yla \u201cYurt Gezileri ve Yurt Resimleri\u201d at\u0131l\u0131m\u0131n\u0131 planlad\u0131. Bu<span class=\"excerpt-hellip\"> [\u2026]<\/span><\/p>\n","protected":false},"featured_media":0,"template":"","meta":{"_monsterinsights_skip_tracking":false,"_monsterinsights_sitenote_active":false,"_monsterinsights_sitenote_note":"","_monsterinsights_sitenote_category":0},"product_brand":[],"product_cat":[40414,12408],"product_tag":[],"class_list":{"0":"post-782980","1":"product","2":"type-product","3":"status-publish","5":"product_cat-referans-kitaplar-sanat","6":"product_cat-sanat","7":"pa_cilt-ciltsiz","8":"pa_tur-kitap","9":"pa_yayinevi-cumhuriyet-kitaplari","10":"pa_yazar-guven-baykan","12":"first","13":"instock","14":"sale","15":"shipping-taxable","16":"purchasable","17":"product-type-simple"},"_links":{"self":[{"href":"https:\/\/roveyayinevi.com.tr\/index.php\/wp-json\/wp\/v2\/product\/782980","targetHints":{"allow":["GET"]}}],"collection":[{"href":"https:\/\/roveyayinevi.com.tr\/index.php\/wp-json\/wp\/v2\/product"}],"about":[{"href":"https:\/\/roveyayinevi.com.tr\/index.php\/wp-json\/wp\/v2\/types\/product"}],"wp:attachment":[{"href":"https:\/\/roveyayinevi.com.tr\/index.php\/wp-json\/wp\/v2\/media?parent=782980"}],"wp:term":[{"taxonomy":"product_brand","embeddable":true,"href":"https:\/\/roveyayinevi.com.tr\/index.php\/wp-json\/wp\/v2\/product_brand?post=782980"},{"taxonomy":"product_cat","embeddable":true,"href":"https:\/\/roveyayinevi.com.tr\/index.php\/wp-json\/wp\/v2\/product_cat?post=782980"},{"taxonomy":"product_tag","embeddable":true,"href":"https:\/\/roveyayinevi.com.tr\/index.php\/wp-json\/wp\/v2\/product_tag?post=782980"}],"curies":[{"name":"wp","href":"https:\/\/api.w.org\/{rel}","templated":true}]}}