{"id":782977,"date":"2026-02-23T13:09:26","date_gmt":"2026-02-23T10:09:26","guid":{"rendered":"https:\/\/roveyayinevi.com.tr\/index.php\/urun\/halk-muziginde-bir-omur\/"},"modified":"2026-04-15T03:46:38","modified_gmt":"2026-04-15T00:46:38","slug":"halk-muziginde-bir-omur","status":"publish","type":"product","link":"https:\/\/roveyayinevi.com.tr\/index.php\/urun\/halk-muziginde-bir-omur\/","title":{"rendered":"Halk M\u00fczi\u011finde  Bir \u00d6m\u00fcr"},"content":{"rendered":"<p>T\u00fcrk Halk M\u00fczi\u011finin se\u00e7kin sanat\u00e7\u0131s\u0131.Sadece bir icrac\u0131 de\u011fil teorisyen ve tav\u0131r insan\u0131.\u015eanl\u0131urfa\u2019dan \u00e7\u0131k\u0131p Anadolu\u2019ya yay\u0131lan bir ruh,k\u00fclt\u00fcr ve g\u00f6n\u00fcl derinli\u011fi.M\u00fczi\u011fi toplum \u015fuuralt\u0131 kadar sosyolojik a\u00e7\u0131l\u0131m\u0131n merkezine koyan bir insan perspektifi.An\u0131lar, tan\u0131kl\u0131klar, yorumlar, \u00f6neriler,sorular, foto\u011fraflar e\u015fli\u011finde Mehmet \u00d6zbek\u2019egiden yolculuklar.S\u00f6z ve ses ikliminde bir silinmez insan \u015fiiri\u2026<\/p>\n","protected":false},"excerpt":{"rendered":"<p>T\u00fcrk Halk M\u00fczi\u011finin se\u00e7kin sanat\u00e7\u0131s\u0131.Sadece bir icrac\u0131 de\u011fil teorisyen ve tav\u0131r insan\u0131.\u015eanl\u0131urfa\u2019dan \u00e7\u0131k\u0131p Anadolu\u2019ya yay\u0131lan bir ruh,k\u00fclt\u00fcr ve g\u00f6n\u00fcl derinli\u011fi.M\u00fczi\u011fi toplum \u015fuuralt\u0131 kadar sosyolojik a\u00e7\u0131l\u0131m\u0131n merkezine<span class=\"excerpt-hellip\"> [\u2026]<\/span><\/p>\n","protected":false},"featured_media":0,"template":"","meta":{"_monsterinsights_skip_tracking":false,"_monsterinsights_sitenote_active":false,"_monsterinsights_sitenote_note":"","_monsterinsights_sitenote_category":0},"product_brand":[],"product_cat":[14556],"product_tag":[],"class_list":{"0":"post-782977","1":"product","2":"type-product","3":"status-publish","5":"product_cat-muzik","6":"pa_cilt-ciltsiz","7":"pa_tur-kitap","8":"pa_yayinevi-kapi-yayinlari","9":"pa_yazar-mehmet-ozbek","11":"first","12":"instock","13":"sale","14":"shipping-taxable","15":"purchasable","16":"product-type-simple"},"_links":{"self":[{"href":"https:\/\/roveyayinevi.com.tr\/index.php\/wp-json\/wp\/v2\/product\/782977","targetHints":{"allow":["GET"]}}],"collection":[{"href":"https:\/\/roveyayinevi.com.tr\/index.php\/wp-json\/wp\/v2\/product"}],"about":[{"href":"https:\/\/roveyayinevi.com.tr\/index.php\/wp-json\/wp\/v2\/types\/product"}],"wp:attachment":[{"href":"https:\/\/roveyayinevi.com.tr\/index.php\/wp-json\/wp\/v2\/media?parent=782977"}],"wp:term":[{"taxonomy":"product_brand","embeddable":true,"href":"https:\/\/roveyayinevi.com.tr\/index.php\/wp-json\/wp\/v2\/product_brand?post=782977"},{"taxonomy":"product_cat","embeddable":true,"href":"https:\/\/roveyayinevi.com.tr\/index.php\/wp-json\/wp\/v2\/product_cat?post=782977"},{"taxonomy":"product_tag","embeddable":true,"href":"https:\/\/roveyayinevi.com.tr\/index.php\/wp-json\/wp\/v2\/product_tag?post=782977"}],"curies":[{"name":"wp","href":"https:\/\/api.w.org\/{rel}","templated":true}]}}