{"id":782975,"date":"2026-02-23T13:09:21","date_gmt":"2026-02-23T10:09:21","guid":{"rendered":"https:\/\/roveyayinevi.com.tr\/index.php\/urun\/egitimde-yapay-zeka-teknolojileri\/"},"modified":"2026-04-15T03:46:38","modified_gmt":"2026-04-15T00:46:38","slug":"egitimde-yapay-zeka-teknolojileri","status":"publish","type":"product","link":"https:\/\/roveyayinevi.com.tr\/index.php\/urun\/egitimde-yapay-zeka-teknolojileri\/","title":{"rendered":"E\u011fitimde Yapay Zeka Teknolojileri"},"content":{"rendered":"<p>Hayat\u0131m\u0131za h\u0131zla giren yapay zek\u00e2 teknolojilerinin e\u011fitimdeki \u00f6rnekleri, her ge\u00e7en g\u00fcn y\u00fcksek bir ivmeyle ortaya \u00e7\u0131k\u0131yor ve yayg\u0131nla\u015f\u0131yor. H\u0131zla geli\u015fen kapasitesi ve yetenekleriyle birlikte, yapay zek\u00e2n\u0131n gelecekte yerini alaca\u011f\u0131 bir\u00e7ok meslekten s\u00f6z edilmeye ba\u015fland\u0131. Ge\u00e7mi\u015fte, film makinesi, radyo, televizyon, bilgisayar, Internet gibi teknoloji tarihindeki b\u00fcy\u00fck teknolojik geli\u015fmelerin beraberinde getirdi\u011fi \u201c\u00d6\u011fretmenin yerini alacak m\u0131?\u201d sorusu bug\u00fcn yapay zek\u00e2 teknolojileri i\u00e7in yeniden g\u00fcndeme geldi. Genel olarak e\u011fitim sisteminin, \u00f6zelde ise \u00f6\u011frenme-\u00f6\u011fretmeyle ilgili t\u00fcm payda\u015flar\u0131n, bu tart\u0131\u015fmalar\u0131n, geli\u015fmelerin ve d\u00f6n\u00fc\u015f\u00fcm\u00fcn d\u0131\u015f\u0131nda kalamayaca\u011f\u0131 \u00e7ok a\u00e7\u0131k. Bu kitap, \u201cBu d\u00f6n\u00fc\u015f\u00fcm s\u00fcreci nas\u0131l ilerliyor?\u201d, \u201cG\u00fcn\u00fcm\u00fczde ortaya \u00e7\u0131kan \u00f6rnekleri neler?\u201d, \u201cBilimsel \u00e7al\u0131\u015fmalar\u0131n sonu\u00e7lar\u0131 ne g\u00f6steriyor ve ne \u00f6neriyor?\u201d, \u201cBu geli\u015fmeler gelecekte nereye varacak?\u201d ve \u201cBiz, kendi rol\u00fcm\u00fcz a\u00e7\u0131s\u0131ndan nas\u0131l haz\u0131rl\u0131k yapmal\u0131y\u0131z?\u201d sorular\u0131na e\u011fitim bilimleri bak\u0131\u015f a\u00e7\u0131s\u0131yla cevap verme \u00e7abam\u0131z\u0131n bir \u00fcr\u00fcn\u00fcd\u00fcr. Kitapta, bu sorulara y\u00f6nelik se\u00e7me konular ele al\u0131n\u0131rken mevcut durum ve \u00f6rnekler bilimsel ara\u015ft\u0131rma sonu\u00e7lar\u0131na dayal\u0131 olarak ortaya konulmu\u015f hem uygulay\u0131c\u0131lar hem de ara\u015ft\u0131rmac\u0131lar i\u00e7in \u00f6neriler geli\u015ftirilerek payla\u015f\u0131lm\u0131\u015ft\u0131r.Kitab\u0131n, e\u011fitimde yapay zek\u00e2 teknolojileri alan\u0131na y\u00f6nelmek isteyen, bu alan\u0131 merak eden lisans-lisans\u00fcst\u00fc \u00f6\u011frencilere, lisans\u00fcst\u00fc e\u011fitim adaylar\u0131na, \u00f6\u011fretmenlere, e\u011fitimcilere ve bu konuda bilimsel \u00e7al\u0131\u015fmalar ger\u00e7ekle\u015ftirecek ara\u015ft\u0131rmac\u0131lara fayda sa\u011flamas\u0131n\u0131 umuyoruz.<\/p>\n","protected":false},"excerpt":{"rendered":"<p>Hayat\u0131m\u0131za h\u0131zla giren yapay zek\u00e2 teknolojilerinin e\u011fitimdeki \u00f6rnekleri, her ge\u00e7en g\u00fcn y\u00fcksek bir ivmeyle ortaya \u00e7\u0131k\u0131yor ve yayg\u0131nla\u015f\u0131yor. H\u0131zla geli\u015fen kapasitesi ve yetenekleriyle birlikte, yapay zek\u00e2n\u0131n<span class=\"excerpt-hellip\"> [\u2026]<\/span><\/p>\n","protected":false},"featured_media":0,"template":"","meta":{"_monsterinsights_skip_tracking":false,"_monsterinsights_sitenote_active":false,"_monsterinsights_sitenote_note":"","_monsterinsights_sitenote_category":0},"product_brand":[],"product_cat":[12573,12566],"product_tag":[],"class_list":{"0":"post-782975","1":"product","2":"type-product","3":"status-publish","5":"product_cat-akademik-kitaplar","6":"product_cat-egitim","7":"pa_cilt-ciltsiz","8":"pa_tur-kitap","9":"pa_yayinevi-ideal-kultur-akademik","10":"pa_yazar-kolektif","12":"first","13":"instock","14":"sale","15":"shipping-taxable","16":"purchasable","17":"product-type-simple"},"_links":{"self":[{"href":"https:\/\/roveyayinevi.com.tr\/index.php\/wp-json\/wp\/v2\/product\/782975","targetHints":{"allow":["GET"]}}],"collection":[{"href":"https:\/\/roveyayinevi.com.tr\/index.php\/wp-json\/wp\/v2\/product"}],"about":[{"href":"https:\/\/roveyayinevi.com.tr\/index.php\/wp-json\/wp\/v2\/types\/product"}],"wp:attachment":[{"href":"https:\/\/roveyayinevi.com.tr\/index.php\/wp-json\/wp\/v2\/media?parent=782975"}],"wp:term":[{"taxonomy":"product_brand","embeddable":true,"href":"https:\/\/roveyayinevi.com.tr\/index.php\/wp-json\/wp\/v2\/product_brand?post=782975"},{"taxonomy":"product_cat","embeddable":true,"href":"https:\/\/roveyayinevi.com.tr\/index.php\/wp-json\/wp\/v2\/product_cat?post=782975"},{"taxonomy":"product_tag","embeddable":true,"href":"https:\/\/roveyayinevi.com.tr\/index.php\/wp-json\/wp\/v2\/product_tag?post=782975"}],"curies":[{"name":"wp","href":"https:\/\/api.w.org\/{rel}","templated":true}]}}