{"id":782973,"date":"2026-02-23T13:09:15","date_gmt":"2026-02-23T10:09:15","guid":{"rendered":"https:\/\/roveyayinevi.com.tr\/index.php\/urun\/siyah-kunye\/"},"modified":"2026-04-15T03:46:37","modified_gmt":"2026-04-15T00:46:37","slug":"siyah-kunye","status":"publish","type":"product","link":"https:\/\/roveyayinevi.com.tr\/index.php\/urun\/siyah-kunye\/","title":{"rendered":"Siyah K\u00fcnye"},"content":{"rendered":"<p>Beni o kap\u0131n\u0131n ard\u0131na sen b\u0131rakm\u0131\u015ft\u0131n.O kap\u0131n\u0131n ard\u0131nda da sen b\u0131rakt\u0131n.  Bana \u201cnasip de\u011filmi\u015f\u201dten fazlas\u0131 gerekti.Gidi\u015fini kabullenmem i\u00e7in.  Hakl\u0131s\u0131n, sevilecek adam de\u011filim.Sen olsam sevmezdim beni.Ben olsan unutamazd\u0131n seni\u2026<\/p>\n","protected":false},"excerpt":{"rendered":"<p>Beni o kap\u0131n\u0131n ard\u0131na sen b\u0131rakm\u0131\u015ft\u0131n.O kap\u0131n\u0131n ard\u0131nda da sen b\u0131rakt\u0131n. Bana \u201cnasip de\u011filmi\u015f\u201dten fazlas\u0131 gerekti.Gidi\u015fini kabullenmem i\u00e7in. Hakl\u0131s\u0131n, sevilecek adam de\u011filim.Sen olsam sevmezdim beni.Ben olsan<span class=\"excerpt-hellip\"> [\u2026]<\/span><\/p>\n","protected":false},"featured_media":0,"template":"","meta":{"_monsterinsights_skip_tracking":false,"_monsterinsights_sitenote_active":false,"_monsterinsights_sitenote_note":"","_monsterinsights_sitenote_category":0},"product_brand":[],"product_cat":[12291,12509],"product_tag":[],"class_list":{"0":"post-782973","1":"product","2":"type-product","3":"status-publish","5":"product_cat-edebiyat","6":"product_cat-siir","7":"pa_cilt-ciltsiz","8":"pa_tur-kitap","9":"pa_yayinevi-servet-yayinevi","10":"pa_yazar-cuneyt-okutan","12":"first","13":"instock","14":"sale","15":"shipping-taxable","16":"purchasable","17":"product-type-simple"},"_links":{"self":[{"href":"https:\/\/roveyayinevi.com.tr\/index.php\/wp-json\/wp\/v2\/product\/782973","targetHints":{"allow":["GET"]}}],"collection":[{"href":"https:\/\/roveyayinevi.com.tr\/index.php\/wp-json\/wp\/v2\/product"}],"about":[{"href":"https:\/\/roveyayinevi.com.tr\/index.php\/wp-json\/wp\/v2\/types\/product"}],"wp:attachment":[{"href":"https:\/\/roveyayinevi.com.tr\/index.php\/wp-json\/wp\/v2\/media?parent=782973"}],"wp:term":[{"taxonomy":"product_brand","embeddable":true,"href":"https:\/\/roveyayinevi.com.tr\/index.php\/wp-json\/wp\/v2\/product_brand?post=782973"},{"taxonomy":"product_cat","embeddable":true,"href":"https:\/\/roveyayinevi.com.tr\/index.php\/wp-json\/wp\/v2\/product_cat?post=782973"},{"taxonomy":"product_tag","embeddable":true,"href":"https:\/\/roveyayinevi.com.tr\/index.php\/wp-json\/wp\/v2\/product_tag?post=782973"}],"curies":[{"name":"wp","href":"https:\/\/api.w.org\/{rel}","templated":true}]}}