{"id":782970,"date":"2026-02-23T13:09:06","date_gmt":"2026-02-23T10:09:06","guid":{"rendered":"https:\/\/roveyayinevi.com.tr\/index.php\/urun\/dunyanin-iki-ucu\/"},"modified":"2026-04-15T03:46:37","modified_gmt":"2026-04-15T00:46:37","slug":"dunyanin-iki-ucu","status":"publish","type":"product","link":"https:\/\/roveyayinevi.com.tr\/index.php\/urun\/dunyanin-iki-ucu\/","title":{"rendered":"D\u00fcnyan\u0131n \u0130ki Ucu"},"content":{"rendered":"<p>Bu d\u00fcnya birlikte ya\u015famak i\u00e7in&#8230;Ne\u015feli u\u0308slubuyla farkl\u0131 k\u00fclt\u00fcrleri bulu\u015fturdu\u011fu kitaplar\u0131yla sevilen Hacer K\u0131lc\u0131o\u011flu, okurunu bu kez Tu\u0308rkiye ve Hindistan aras\u0131nda gidip gelen bir hik\u00e2yeye davet ediyor. Ailesinden uzak kalan Osman, arkada\u015f\u0131 Ayda sayesinde kayg\u0131lar\u0131n\u0131 giderirken, babas\u0131n\u0131n yolunu g\u00f6zleyen Rita ise otellerine gelen konuklarla ilgilenir. \u0130ki bamba\u015fka hayat\u0131 paralel bir anlat\u0131da bulu\u015fturan roman, uzaklar\u0131 ku\u0308ltu\u0308rler aras\u0131 kar\u015f\u0131la\u015fmalarla yak\u0131nla\u015ft\u0131r\u0131yor. T\u00fcm farkl\u0131l\u0131klar\u0131m\u0131zla ayn\u0131 D\u00fcnya\u2019ya ait oldu\u011fumuzu, empatiyi ve \u00e7ocukluk duygular\u0131n\u0131 duyumsat\u0131yor.KonusuAnne babas\u0131 Hindistan gezisine giden Osman, amcas\u0131n\u0131n evinde kalmaya ba\u015flar. Okul bandosuyla kat\u0131lacaklar\u0131 film \u00e7ekimine haz\u0131rlan\u0131rken, akl\u0131 haber alamad\u0131\u011f\u0131 ailesindedir\u2026 Hindistan\u2019da ailesinin i\u015fletti\u011fi ku\u0308\u00e7u\u0308k otelde ya\u015fayan Rita ise, annesini Londra\u2019ya u\u011furlayan babas\u0131n\u0131 beklemektedir. Patlayan \u015fiddetli f\u0131rt\u0131na ne ula\u015f\u0131ma ne de ileti\u015fime izin verir\u2026 Aralar\u0131ndaki binlerce kilometreye kar\u015f\u0131n Osman\u2019la Rita\u2019n\u0131n bekleyi\u015fleri, \u015fark\u0131lar, arkada\u015fl\u0131klar ve dayan\u0131\u015fma sayesinde renklenir\u2026<\/p>\n","protected":false},"excerpt":{"rendered":"<p>Bu d\u00fcnya birlikte ya\u015famak i\u00e7in&#8230;Ne\u015feli u\u0308slubuyla farkl\u0131 k\u00fclt\u00fcrleri bulu\u015fturdu\u011fu kitaplar\u0131yla sevilen Hacer K\u0131lc\u0131o\u011flu, okurunu bu kez Tu\u0308rkiye ve Hindistan aras\u0131nda gidip gelen bir hik\u00e2yeye davet ediyor.<span class=\"excerpt-hellip\"> [\u2026]<\/span><\/p>\n","protected":false},"featured_media":0,"template":"","meta":{"_monsterinsights_skip_tracking":false,"_monsterinsights_sitenote_active":false,"_monsterinsights_sitenote_note":"","_monsterinsights_sitenote_category":0},"product_brand":[],"product_cat":[12274,12284],"product_tag":[],"class_list":{"0":"post-782970","1":"product","2":"type-product","3":"status-publish","5":"product_cat-cocuk-ve-genclik-kitaplari","6":"product_cat-hikayeler","7":"pa_cilt-ciltsiz","8":"pa_tur-kitap","9":"pa_yayinevi-gunisigi-kitapligi","10":"pa_yazar-hacer-kilcioglu","12":"first","13":"instock","14":"sale","15":"shipping-taxable","16":"purchasable","17":"product-type-simple"},"_links":{"self":[{"href":"https:\/\/roveyayinevi.com.tr\/index.php\/wp-json\/wp\/v2\/product\/782970","targetHints":{"allow":["GET"]}}],"collection":[{"href":"https:\/\/roveyayinevi.com.tr\/index.php\/wp-json\/wp\/v2\/product"}],"about":[{"href":"https:\/\/roveyayinevi.com.tr\/index.php\/wp-json\/wp\/v2\/types\/product"}],"wp:attachment":[{"href":"https:\/\/roveyayinevi.com.tr\/index.php\/wp-json\/wp\/v2\/media?parent=782970"}],"wp:term":[{"taxonomy":"product_brand","embeddable":true,"href":"https:\/\/roveyayinevi.com.tr\/index.php\/wp-json\/wp\/v2\/product_brand?post=782970"},{"taxonomy":"product_cat","embeddable":true,"href":"https:\/\/roveyayinevi.com.tr\/index.php\/wp-json\/wp\/v2\/product_cat?post=782970"},{"taxonomy":"product_tag","embeddable":true,"href":"https:\/\/roveyayinevi.com.tr\/index.php\/wp-json\/wp\/v2\/product_tag?post=782970"}],"curies":[{"name":"wp","href":"https:\/\/api.w.org\/{rel}","templated":true}]}}