{"id":782968,"date":"2026-02-23T13:09:01","date_gmt":"2026-02-23T10:09:01","guid":{"rendered":"https:\/\/roveyayinevi.com.tr\/index.php\/urun\/the-innocence-of-objects-with-6-new-cabinets\/"},"modified":"2026-04-15T03:46:37","modified_gmt":"2026-04-15T00:46:37","slug":"the-innocence-of-objects-with-6-new-cabinets","status":"publish","type":"product","link":"https:\/\/roveyayinevi.com.tr\/index.php\/urun\/the-innocence-of-objects-with-6-new-cabinets\/","title":{"rendered":"The Innocence of Objects &#8211; With 6 New Cabinets"},"content":{"rendered":"<p>Orhan Pamuk\u2019un T\u00fcrk\u00e7e katalo\u011fu \u015eeylerin Masumiyeti\u2019 nin \u0130ngilizce versiyonu 6 yeni vitrinle okurlar\u0131yla bulu\u015fuyor. The culmination of decades of omnivorous collecting, Orhan Pamuk\u2019s Museum of Innocence in Istanbul uses his novel of lost love, The Museum of Innocence, as a departure point to explore the city of his youth. In The Innocence of Objects, Pamuk\u2019s catalogue of his remarkable museum, he writes about things that matter deeply to him: the proper role of the museum, the psychology of the collector, the photography of old Istanbul, and, of course, the customs and traditions of his beloved city. The book\u2019s imagery is equally evocative, ranging from the ephemera of daily life to gemlike photo essays. Combining compelling art and writing,The Innocence of Objects is an original work of art and literature.<\/p>\n","protected":false},"excerpt":{"rendered":"<p>Orhan Pamuk\u2019un T\u00fcrk\u00e7e katalo\u011fu \u015eeylerin Masumiyeti\u2019 nin \u0130ngilizce versiyonu 6 yeni vitrinle okurlar\u0131yla bulu\u015fuyor. The culmination of decades of omnivorous collecting, Orhan Pamuk\u2019s Museum of Innocence<span class=\"excerpt-hellip\"> [\u2026]<\/span><\/p>\n","protected":false},"featured_media":0,"template":"","meta":{"_monsterinsights_skip_tracking":false,"_monsterinsights_sitenote_active":false,"_monsterinsights_sitenote_note":"","_monsterinsights_sitenote_category":0},"product_brand":[],"product_cat":[12472],"product_tag":[],"class_list":{"0":"post-782968","1":"product","2":"type-product","3":"status-publish","5":"product_cat-yabanci-dilde-kitaplar","6":"pa_cilt-ciltsiz","7":"pa_tur-kitap","8":"pa_yayinevi-yapi-kredi-yayinlari","9":"pa_yazar-orhan-pamuk","11":"first","12":"instock","13":"sale","14":"shipping-taxable","15":"purchasable","16":"product-type-simple"},"_links":{"self":[{"href":"https:\/\/roveyayinevi.com.tr\/index.php\/wp-json\/wp\/v2\/product\/782968","targetHints":{"allow":["GET"]}}],"collection":[{"href":"https:\/\/roveyayinevi.com.tr\/index.php\/wp-json\/wp\/v2\/product"}],"about":[{"href":"https:\/\/roveyayinevi.com.tr\/index.php\/wp-json\/wp\/v2\/types\/product"}],"wp:attachment":[{"href":"https:\/\/roveyayinevi.com.tr\/index.php\/wp-json\/wp\/v2\/media?parent=782968"}],"wp:term":[{"taxonomy":"product_brand","embeddable":true,"href":"https:\/\/roveyayinevi.com.tr\/index.php\/wp-json\/wp\/v2\/product_brand?post=782968"},{"taxonomy":"product_cat","embeddable":true,"href":"https:\/\/roveyayinevi.com.tr\/index.php\/wp-json\/wp\/v2\/product_cat?post=782968"},{"taxonomy":"product_tag","embeddable":true,"href":"https:\/\/roveyayinevi.com.tr\/index.php\/wp-json\/wp\/v2\/product_tag?post=782968"}],"curies":[{"name":"wp","href":"https:\/\/api.w.org\/{rel}","templated":true}]}}