{"id":782965,"date":"2026-02-23T13:08:55","date_gmt":"2026-02-23T10:08:55","guid":{"rendered":"https:\/\/roveyayinevi.com.tr\/index.php\/urun\/kocami-ben-oldurmedim\/"},"modified":"2026-04-15T03:46:37","modified_gmt":"2026-04-15T00:46:37","slug":"kocami-ben-oldurmedim","status":"publish","type":"product","link":"https:\/\/roveyayinevi.com.tr\/index.php\/urun\/kocami-ben-oldurmedim\/","title":{"rendered":"Kocam\u0131 Ben \u00d6ld\u00fcrmedim"},"content":{"rendered":"<p>Li Xuelian ikinci \u00e7ocu\u011funa hamiledir ancak tek \u00e7ocuk politikas\u0131n\u0131n h\u00fck\u00fcm s\u00fcrd\u00fc\u011f\u00fc bir d\u00fczende ikinci kez anne olmak yasay\u0131 \u00e7i\u011fnemek demektir. Kocas\u0131 Qin Yuhe ile sistemin a\u00e7\u0131klar\u0131ndan yararlanan kusursuz bir plan yaparlar: K\u00e2\u011f\u0131t \u00fczerinde bo\u015fanacak, \u00e7ocuk do\u011funca yeniden evleneceklerdir. B\u00f6ylece her \u015fey yasal g\u00f6r\u00fcnecektir. Ancak evdeki hesap \u00e7ar\u015f\u0131ya uymaz. Qin Yuhe, bu sahte ayr\u0131l\u0131\u011f\u0131 f\u0131rsat bilip ger\u00e7ekten ba\u015fka bir kad\u0131nla evlenince plan alt\u00fcst olur. Li Xuelian bir anda kendini hem aldat\u0131lm\u0131\u015f bir e\u015f hem de toplumun g\u00f6z\u00fcnde \u201cahlaks\u0131z bir ba\u015f belas\u0131\u201d olarak bulur. Art\u0131k tek bir amac\u0131 vard\u0131r: \u0130tibar\u0131n\u0131 ve onurunu geri kazanmak. \u0130stedi\u011fi \u015fey ise \u00e7ok basittir: Sahte bo\u015fanman\u0131n iptali ve bu kez \u201cger\u00e7ekten\u201d bo\u015fanabilmek! Liu Zhenyun, \u00c7in\u2019in hukuk ve toplum d\u00fczenindeki sorunlar\u0131, kahkaha ile g\u00f6zya\u015f\u0131 aras\u0131nda gidip gelen bir kara mizahla anlat\u0131yor. Keskin, ironik ve sars\u0131c\u0131 bir ba\u015fyap\u0131t olan Kocam\u0131 Ben \u00d6ld\u00fcrmedim, Giray Fidan\u2019\u0131n \u00c7inceden \u00f6zenli \u00e7evirisiyle ilk kez T\u00fcrk\u00e7ede. \u201c\u00c7in\u2019de b\u00fcy\u00fck \u00f6nem ta\u015f\u0131yan yerel siyasetin samimi bir portresi.\u201d The New York Times \u201cUstaca anlat\u0131lm\u0131\u015f bir hik\u00e2ye; umutsuzlu\u011fa kap\u0131l\u0131rken bile sizi g\u00fcld\u00fcrecek\u2026\u201d Kirkus Reviews<\/p>\n","protected":false},"excerpt":{"rendered":"<p>Li Xuelian ikinci \u00e7ocu\u011funa hamiledir ancak tek \u00e7ocuk politikas\u0131n\u0131n h\u00fck\u00fcm s\u00fcrd\u00fc\u011f\u00fc bir d\u00fczende ikinci kez anne olmak yasay\u0131 \u00e7i\u011fnemek demektir. Kocas\u0131 Qin Yuhe ile sistemin a\u00e7\u0131klar\u0131ndan<span class=\"excerpt-hellip\"> [\u2026]<\/span><\/p>\n","protected":false},"featured_media":0,"template":"","meta":{"_monsterinsights_skip_tracking":false,"_monsterinsights_sitenote_active":false,"_monsterinsights_sitenote_note":"","_monsterinsights_sitenote_category":0},"product_brand":[],"product_cat":[12291,12711],"product_tag":[],"class_list":{"0":"post-782965","1":"product","2":"type-product","3":"status-publish","5":"product_cat-edebiyat","6":"product_cat-roman-oyku","7":"pa_cilt-ciltsiz","8":"pa_tur-kitap","9":"pa_yayinevi-kirmizi-kedi-yayinevi","10":"pa_yazar-liu-zhenyun","12":"first","13":"instock","14":"sale","15":"shipping-taxable","16":"purchasable","17":"product-type-simple"},"_links":{"self":[{"href":"https:\/\/roveyayinevi.com.tr\/index.php\/wp-json\/wp\/v2\/product\/782965","targetHints":{"allow":["GET"]}}],"collection":[{"href":"https:\/\/roveyayinevi.com.tr\/index.php\/wp-json\/wp\/v2\/product"}],"about":[{"href":"https:\/\/roveyayinevi.com.tr\/index.php\/wp-json\/wp\/v2\/types\/product"}],"wp:attachment":[{"href":"https:\/\/roveyayinevi.com.tr\/index.php\/wp-json\/wp\/v2\/media?parent=782965"}],"wp:term":[{"taxonomy":"product_brand","embeddable":true,"href":"https:\/\/roveyayinevi.com.tr\/index.php\/wp-json\/wp\/v2\/product_brand?post=782965"},{"taxonomy":"product_cat","embeddable":true,"href":"https:\/\/roveyayinevi.com.tr\/index.php\/wp-json\/wp\/v2\/product_cat?post=782965"},{"taxonomy":"product_tag","embeddable":true,"href":"https:\/\/roveyayinevi.com.tr\/index.php\/wp-json\/wp\/v2\/product_tag?post=782965"}],"curies":[{"name":"wp","href":"https:\/\/api.w.org\/{rel}","templated":true}]}}