{"id":782964,"date":"2026-02-23T13:08:52","date_gmt":"2026-02-23T10:08:52","guid":{"rendered":"https:\/\/roveyayinevi.com.tr\/index.php\/urun\/luzumsuz-adam-8\/"},"modified":"2026-04-15T03:46:37","modified_gmt":"2026-04-15T00:46:37","slug":"luzumsuz-adam-8","status":"publish","type":"product","link":"https:\/\/roveyayinevi.com.tr\/index.php\/urun\/luzumsuz-adam-8\/","title":{"rendered":"L\u00fczumsuz Adam"},"content":{"rendered":"<p>Sait Faik Abas\u0131yan\u0131k, yaln\u0131zca 48 y\u0131l s\u00fcren \u00f6mr\u00fcne sonsuzlukta yank\u0131lanan eserler s\u0131\u011fd\u0131rd\u0131. Bakt\u0131\u011f\u0131 her g\u00f6r\u00fcnt\u00fcde, her canl\u0131da, tabiatta, insan ruhunda, bir mart\u0131da, bir bal\u0131k\u00e7\u0131n\u0131n ellerinde ya da bir k\u00f6y kahvesinde hep hik\u00e2yeyi arad\u0131 ve buldu. Hen\u00fcz lise y\u0131llar\u0131nda eline ald\u0131\u011f\u0131 kalemi, \u00f6l\u00fcm\u00fcne dek b\u0131rakmad\u0131. \u0130nsanlar\u0131 g\u00fczelliklerle dolu bir d\u00fcnyada g\u00f6rme arzusunu, t\u00fcm tazeli\u011fi ve canl\u0131l\u0131\u011f\u0131yla okuruna hissettirdi.\u00c7a\u011fda\u015f T\u00fcrk \u00f6yk\u00fcs\u00fcn\u00fcn kurucu isimlerinden Sait Faik Abas\u0131yan\u0131k\u2019\u0131n d\u00f6rd\u00fcnc\u00fc kitab\u0131 L\u00fczumsuz Adam\u2019\u0131n ilk bask\u0131s\u0131 1948 y\u0131l\u0131nda, ikinci bask\u0131s\u0131 ise yazar\u0131n vefat etti\u011fi tarih olan May\u0131s 1954\u2019te yap\u0131lm\u0131\u015ft\u0131r. Kitaba ad\u0131n\u0131 veren \u201cL\u00fczumsuz Adam\u201d ba\u015fta olmak \u00fczere, yazar\u0131n \u201cBen Ne Yapay\u0131m?\u201d, \u201cKa\u00e7amak, Papa\u011fan, Karabiber\u201d, \u201cPapaz Efendi\u201d gibi sevilen \u00f6yk\u00fclerinin yer ald\u0131\u011f\u0131 L\u00fczumsuz Adam, yay\u0131mlan\u0131\u015f\u0131n\u0131n \u00fczerinden yakla\u015f\u0131k 80 y\u0131l ge\u00e7mesine ra\u011fmen h\u00e2l\u00e2 T\u00fcrk hik\u00e2yecili\u011finin en \u00e7ok okunan ve konu\u015fulan eserleri aras\u0131ndad\u0131r. Edebiyat\u0131m\u0131zda bir \u201c\u0130stanbul k\u00fclliyat\u0131\u201d meydana gelmesine katk\u0131s\u0131 da a\u015fik\u00e2rd\u0131r.Mahalle gene ne olsa mahalledir. Benim d\u00fckk\u00e2n yanabilir, a\u00e7 da kalabilirim.Ama bana \u00f6yle gelir ki, \u015fu \u00f6\u011fleleri limonlu-terbiyeli i\u015fkembe \u00e7orbas\u0131n\u0131 i\u00e7ti\u011fim i\u015fkembeci beni \u00f6l\u00fcnceye kadar besleyecek. Portakalc\u0131 Salomon \u00e7\u00fcr\u00fck portakallar\u0131 \u00e7\u0131plak Yahudi \u00e7ocuklar\u0131na nas\u0131l da\u011f\u0131t\u0131yorsa ben ge\u00e7erken de iki tane avucuma koyacak. O g\u00fcnler belki elbiselerim pek eski olur da i\u00e7eriye almaz ama; pastanenin madam\u0131 kap\u0131s\u0131n\u0131n \u00f6n\u00fcnde bana bir kapu\u00e7ina i\u00e7irir.<\/p>\n","protected":false},"excerpt":{"rendered":"<p>Sait Faik Abas\u0131yan\u0131k, yaln\u0131zca 48 y\u0131l s\u00fcren \u00f6mr\u00fcne sonsuzlukta yank\u0131lanan eserler s\u0131\u011fd\u0131rd\u0131. Bakt\u0131\u011f\u0131 her g\u00f6r\u00fcnt\u00fcde, her canl\u0131da, tabiatta, insan ruhunda, bir mart\u0131da, bir bal\u0131k\u00e7\u0131n\u0131n ellerinde ya<span class=\"excerpt-hellip\"> [\u2026]<\/span><\/p>\n","protected":false},"featured_media":0,"template":"","meta":{"_monsterinsights_skip_tracking":false,"_monsterinsights_sitenote_active":false,"_monsterinsights_sitenote_note":"","_monsterinsights_sitenote_category":0},"product_brand":[],"product_cat":[12291,12711],"product_tag":[],"class_list":{"0":"post-782964","1":"product","2":"type-product","3":"status-publish","5":"product_cat-edebiyat","6":"product_cat-roman-oyku","7":"pa_cilt-ciltsiz","8":"pa_tur-kitap","9":"pa_yayinevi-everest-yayinlari","10":"pa_yazar-sait-faik-abasiyanik","12":"first","13":"instock","14":"sale","15":"shipping-taxable","16":"purchasable","17":"product-type-simple"},"_links":{"self":[{"href":"https:\/\/roveyayinevi.com.tr\/index.php\/wp-json\/wp\/v2\/product\/782964","targetHints":{"allow":["GET"]}}],"collection":[{"href":"https:\/\/roveyayinevi.com.tr\/index.php\/wp-json\/wp\/v2\/product"}],"about":[{"href":"https:\/\/roveyayinevi.com.tr\/index.php\/wp-json\/wp\/v2\/types\/product"}],"wp:attachment":[{"href":"https:\/\/roveyayinevi.com.tr\/index.php\/wp-json\/wp\/v2\/media?parent=782964"}],"wp:term":[{"taxonomy":"product_brand","embeddable":true,"href":"https:\/\/roveyayinevi.com.tr\/index.php\/wp-json\/wp\/v2\/product_brand?post=782964"},{"taxonomy":"product_cat","embeddable":true,"href":"https:\/\/roveyayinevi.com.tr\/index.php\/wp-json\/wp\/v2\/product_cat?post=782964"},{"taxonomy":"product_tag","embeddable":true,"href":"https:\/\/roveyayinevi.com.tr\/index.php\/wp-json\/wp\/v2\/product_tag?post=782964"}],"curies":[{"name":"wp","href":"https:\/\/api.w.org\/{rel}","templated":true}]}}