{"id":782960,"date":"2026-02-23T13:08:41","date_gmt":"2026-02-23T10:08:41","guid":{"rendered":"https:\/\/roveyayinevi.com.tr\/index.php\/urun\/mimar-sinanin-hatiralari-mimar-sinanin-yapilari-2-cilt\/"},"modified":"2026-04-15T03:46:37","modified_gmt":"2026-04-15T00:46:37","slug":"mimar-sinanin-hatiralari-mimar-sinanin-yapilari-2-cilt","status":"publish","type":"product","link":"https:\/\/roveyayinevi.com.tr\/index.php\/urun\/mimar-sinanin-hatiralari-mimar-sinanin-yapilari-2-cilt\/","title":{"rendered":"Mimar Sinan&#8217;\u0131n Hat\u0131ralar\u0131 &#8211; Mimar Sinan&#8217;\u0131n Yap\u0131lar\u0131 (2 Cilt)"},"content":{"rendered":"<p>Mimarba\u015f\u0131 olarak Sinan, b\u00fct\u00fcn bir Osmanl\u0131 co\u011frafyas\u0131 \u00fczerinde de\u011fi\u015fik t\u00fcrde d\u00f6rt y\u00fcz\u00fc a\u015fk\u0131n yap\u0131 in\u015fa etmi\u015ftir. \u00d6l\u00fcm\u00fcne kadar mimarl\u0131k mesle\u011fini s\u00fcrd\u00fcren b\u00fcy\u00fck usta, padi\u015fah ve hanedan \u00fcyelerinden ba\u015fka bir\u00e7ok devlet adam\u0131ndan sipari\u015f alm\u0131\u015ft\u0131r. Cami, mescit, medrese, dar\u00fc\u015f\u015fifa, kervansaray, t\u00fcrbe, su kemeri, k\u00f6pr\u00fc, hamam ve bir\u00e7ok \u00e7e\u015fme tasarlam\u0131\u015ft\u0131r. Hayat\u0131n\u0131n sonuna kadar durmadan \u00e7al\u0131\u015fm\u0131\u015f ve 1588 y\u0131l\u0131nda g\u00f6revinin ba\u015f\u0131nda iken hayata veda etmi\u015f, S\u00fcleymaniye K\u00fclliyesinin m\u00fctevaz\u0131 bir k\u00f6\u015fesinde kendisi i\u00e7in tasarlay\u0131p haz\u0131rlad\u0131\u011f\u0131 yal\u0131n ve a\u00e7\u0131k t\u00fcrbesinde topra\u011fa verilmi\u015ftir.T\u00fcrk medeniyetinin bu de\u011ferli mimar\u0131, \u00f6lmeden \u00f6nce hat\u0131ralar\u0131n\u0131 ve yapt\u0131\u011f\u0131 eserlerin d\u00f6k\u00fcm\u00fcn\u00fc yazd\u0131rarak iki ana kaynakta toplatm\u0131\u015ft\u0131r. Sinan kendi anlat\u0131m\u0131 ile nakka\u015f S\u00e2\u00ee Mustafa \u00c7elebi\u2019ye yazd\u0131rd\u0131\u011f\u0131 hat\u0131ralar kitab\u0131na Tezkiret\u00fc\u2019l-b\u00fcnyan ad\u0131n\u0131 vermi\u015ftir. \u0130n\u015fa etti\u011fi yap\u0131lar\u0131n listesini de Tezkiret\u00fc\u2019l-ebniye adl\u0131 kitapta toplam\u0131\u015ft\u0131r.Meslek hayat\u0131 boyunca bir\u00e7ok padi\u015fah ve devlet adam\u0131 ile kar\u015f\u0131 kar\u015f\u0131ya gelen Sinan, onlarla yapt\u0131\u011f\u0131 en heyecanl\u0131 diyalog ve tart\u0131\u015fmalar\u0131 bu eserlerinde anlatm\u0131\u015ft\u0131r. Sinan\u2019\u0131n mimar\u00ee bak\u0131\u015f\u0131, d\u00fcnya g\u00f6r\u00fc\u015f\u00fc ve meslek hayat\u0131nda ya\u015fad\u0131\u011f\u0131 s\u0131k\u0131nt\u0131lar da en yal\u0131n ve a\u00e7\u0131k bi\u00e7imde bu iki yazma kaynakta dile getirilmi\u015ftir. Sergiledi\u011fi meslek ahlak\u0131 ve dik duru\u015f ile de Sinan insanlarda b\u00fcy\u00fck bir hayranl\u0131k uyand\u0131rm\u0131\u015ft\u0131r. Mimarl\u0131k hayat\u0131n\u0131n en ilgi \u00e7ekici yanlar\u0131n\u0131n anlat\u0131ld\u0131\u011f\u0131 bu eserler, mimarlardan ba\u015fka her entelekt\u00fcel insan taraf\u0131ndan mutlaka okunmal\u0131d\u0131r.<\/p>\n","protected":false},"excerpt":{"rendered":"<p>Mimarba\u015f\u0131 olarak Sinan, b\u00fct\u00fcn bir Osmanl\u0131 co\u011frafyas\u0131 \u00fczerinde de\u011fi\u015fik t\u00fcrde d\u00f6rt y\u00fcz\u00fc a\u015fk\u0131n yap\u0131 in\u015fa etmi\u015ftir. \u00d6l\u00fcm\u00fcne kadar mimarl\u0131k mesle\u011fini s\u00fcrd\u00fcren b\u00fcy\u00fck usta, padi\u015fah ve hanedan<span class=\"excerpt-hellip\"> [\u2026]<\/span><\/p>\n","protected":false},"featured_media":0,"template":"","meta":{"_monsterinsights_skip_tracking":false,"_monsterinsights_sitenote_active":false,"_monsterinsights_sitenote_note":"","_monsterinsights_sitenote_category":0},"product_brand":[],"product_cat":[13946,12304],"product_tag":[],"class_list":{"0":"post-782960","1":"product","2":"type-product","3":"status-publish","5":"product_cat-biyografi-otobiyografi","6":"product_cat-tarih","7":"pa_cilt-ciltli","8":"pa_tur-kitap","9":"pa_yayinevi-otuken-nesriyat","10":"pa_yazar-suphi-saatci","12":"first","13":"instock","14":"sale","15":"shipping-taxable","16":"purchasable","17":"product-type-simple"},"_links":{"self":[{"href":"https:\/\/roveyayinevi.com.tr\/index.php\/wp-json\/wp\/v2\/product\/782960","targetHints":{"allow":["GET"]}}],"collection":[{"href":"https:\/\/roveyayinevi.com.tr\/index.php\/wp-json\/wp\/v2\/product"}],"about":[{"href":"https:\/\/roveyayinevi.com.tr\/index.php\/wp-json\/wp\/v2\/types\/product"}],"wp:attachment":[{"href":"https:\/\/roveyayinevi.com.tr\/index.php\/wp-json\/wp\/v2\/media?parent=782960"}],"wp:term":[{"taxonomy":"product_brand","embeddable":true,"href":"https:\/\/roveyayinevi.com.tr\/index.php\/wp-json\/wp\/v2\/product_brand?post=782960"},{"taxonomy":"product_cat","embeddable":true,"href":"https:\/\/roveyayinevi.com.tr\/index.php\/wp-json\/wp\/v2\/product_cat?post=782960"},{"taxonomy":"product_tag","embeddable":true,"href":"https:\/\/roveyayinevi.com.tr\/index.php\/wp-json\/wp\/v2\/product_tag?post=782960"}],"curies":[{"name":"wp","href":"https:\/\/api.w.org\/{rel}","templated":true}]}}