{"id":782952,"date":"2026-02-23T13:08:22","date_gmt":"2026-02-23T10:08:22","guid":{"rendered":"https:\/\/roveyayinevi.com.tr\/index.php\/urun\/hic-kimsenin-kizi\/"},"modified":"2026-04-15T03:46:37","modified_gmt":"2026-04-15T00:46:37","slug":"hic-kimsenin-kizi","status":"publish","type":"product","link":"https:\/\/roveyayinevi.com.tr\/index.php\/urun\/hic-kimsenin-kizi\/","title":{"rendered":"Hi\u00e7 Kimsenin K\u0131z\u0131"},"content":{"rendered":"<p>Jeffrey Epstein ve Ghislaine Maxwell\u2019e kar\u015f\u0131 verdi\u011fi m\u00fccadeleyle tan\u0131nan  Virginia Roberts Giuffre\u2019den cesaret verici bir kitap\u2026 D\u00fcnya Virginia Roberts Giuffre\u2019yi, Jeffrey Epstein ve Ghislaine Maxwell\u2019e kar\u015f\u0131 ba\u015flatt\u0131\u011f\u0131 hukuki m\u00fccadeleyle tan\u0131d\u0131. Konu\u015fma karar\u0131yla her iki seri istismarc\u0131n\u0131n da hapse girmesinde \u00f6nemli rol oynayan Giuffre; Prens Andrew\u2019la \u00e7ekilen foto\u011fraf\u0131yla medyan\u0131n tart\u0131\u015fmas\u0131z en \u00e7ok konu\u015ftu\u011fu isimlerden biriydi. \u00c7\u00fcnk\u00fc tek kare foto\u011frafla tu\u011fladan bir ta\u015f \u00e7ekilmi\u015f, sars\u0131lmaz denilen itibarlar yerle yeksan olmu\u015ftu. Ancak Giuffre\u2019nin hik\u00e2yesi, \u015fimdiye dek hi\u00e7 kendi s\u00f6zleriyle, eksiksiz bi\u00e7imde anlat\u0131lmam\u0131\u015ft\u0131. Ta ki bug\u00fcne kadar\u2026  Giuffre, Nisan 2025\u2019te ya\u015fam\u0131na son verdi. Ard\u0131nda, \u00f6l\u00fcm\u00fcnden \u00f6nceki y\u0131llarda kaleme ald\u0131\u011f\u0131 ve yay\u0131mlanmas\u0131n\u0131 a\u00e7\u0131k\u00e7a istedi\u011fi bir an\u0131 kitab\u0131 b\u0131rakt\u0131.  Hi\u00e7 Kimsenin K\u0131z\u0131, s\u0131radan bir \u00e7ocu\u011fun ola\u011fan\u00fcst\u00fc zorluklarla y\u00fczle\u015fen bir kad\u0131na d\u00f6n\u00fc\u015fmesinin s\u00fcr\u00fckleyici ve g\u00fc\u00e7l\u00fc hik\u00e2yesi olarak okurla bulu\u015fuyor. Giuffre kaleme ald\u0131\u011f\u0131 an\u0131lar\u0131nda, Epstein ve Maxwell\u2019in arac\u0131l\u0131\u011f\u0131yla bir\u00e7ok n\u00fcfuzlu erke\u011fin kendisine ve ba\u015fka kad\u0131nlara uygulad\u0131\u011f\u0131 sistematik istismar\u0131 ger\u00e7e\u011fin yal\u0131n sertli\u011fiyle if\u015fa ediyor.<\/p>\n","protected":false},"excerpt":{"rendered":"<p>Jeffrey Epstein ve Ghislaine Maxwell\u2019e kar\u015f\u0131 verdi\u011fi m\u00fccadeleyle tan\u0131nan Virginia Roberts Giuffre\u2019den cesaret verici bir kitap\u2026 D\u00fcnya Virginia Roberts Giuffre\u2019yi, Jeffrey Epstein ve Ghislaine Maxwell\u2019e kar\u015f\u0131<span class=\"excerpt-hellip\"> [\u2026]<\/span><\/p>\n","protected":false},"featured_media":0,"template":"","meta":{"_monsterinsights_skip_tracking":false,"_monsterinsights_sitenote_active":false,"_monsterinsights_sitenote_note":"","_monsterinsights_sitenote_category":0},"product_brand":[],"product_cat":[31194,12337],"product_tag":[],"class_list":{"0":"post-782952","1":"product","2":"type-product","3":"status-publish","5":"product_cat-guncel-siyaset","6":"product_cat-politika-siyaset","7":"pa_cilt-ciltsiz","8":"pa_tur-kitap","9":"pa_yayinevi-kirmizi-kedi-yayinevi","10":"pa_yazar-virginia-roberts-giuffre","12":"first","13":"instock","14":"sale","15":"shipping-taxable","16":"purchasable","17":"product-type-simple"},"_links":{"self":[{"href":"https:\/\/roveyayinevi.com.tr\/index.php\/wp-json\/wp\/v2\/product\/782952","targetHints":{"allow":["GET"]}}],"collection":[{"href":"https:\/\/roveyayinevi.com.tr\/index.php\/wp-json\/wp\/v2\/product"}],"about":[{"href":"https:\/\/roveyayinevi.com.tr\/index.php\/wp-json\/wp\/v2\/types\/product"}],"wp:attachment":[{"href":"https:\/\/roveyayinevi.com.tr\/index.php\/wp-json\/wp\/v2\/media?parent=782952"}],"wp:term":[{"taxonomy":"product_brand","embeddable":true,"href":"https:\/\/roveyayinevi.com.tr\/index.php\/wp-json\/wp\/v2\/product_brand?post=782952"},{"taxonomy":"product_cat","embeddable":true,"href":"https:\/\/roveyayinevi.com.tr\/index.php\/wp-json\/wp\/v2\/product_cat?post=782952"},{"taxonomy":"product_tag","embeddable":true,"href":"https:\/\/roveyayinevi.com.tr\/index.php\/wp-json\/wp\/v2\/product_tag?post=782952"}],"curies":[{"name":"wp","href":"https:\/\/api.w.org\/{rel}","templated":true}]}}