{"id":782949,"date":"2026-02-23T13:08:16","date_gmt":"2026-02-23T10:08:16","guid":{"rendered":"https:\/\/roveyayinevi.com.tr\/index.php\/urun\/1648-miti\/"},"modified":"2026-04-15T03:46:15","modified_gmt":"2026-04-15T00:46:15","slug":"1648-miti","status":"publish","type":"product","link":"https:\/\/roveyayinevi.com.tr\/index.php\/urun\/1648-miti\/","title":{"rendered":"1648 Miti"},"content":{"rendered":"<p>Bazen belli bir alanda ortaya at\u0131lan bir g\u00f6r\u00fc\u015f bask\u0131n hale gelir, zaman i\u00e7inde neredeyse tart\u0131\u015f\u0131lmaz nitelik kazan\u0131r, sonraki ku\u015faklar\u0131n da ele\u015ftirel bir bak\u0131\u015f getirmemesi sonucunda yeg\u00e2ne ger\u00e7e\u011fe d\u00f6n\u00fc\u015f\u00fcr. Uluslararas\u0131 ili\u015fkiler d\u00fc\u015f\u00fcn\u00fcld\u00fc\u011f\u00fcnde, 1648 tarihi ve bu tarihin \u00e7a\u011fr\u0131\u015ft\u0131rd\u0131\u011f\u0131 Westphalia Bar\u0131\u015f\u0131 b\u00f6yle bir \u00f6zelli\u011fe sahiptir: Ulus-devletin tan\u0131mlanmas\u0131, Orta\u00e7a\u011f\u2019dan modern zamanlara ge\u00e7i\u015f, modern anlam\u0131yla uluslararas\u0131 ili\u015fkilerin olu\u015fumu vb. \u00e7ok uzun y\u0131llar boyunca hep bu ikisiyle ili\u015fkilendirilmi\u015ftir. Benno Teschke bu yayg\u0131n kabule Charles Tilly\u2019nin tabiriyle \u201csosyolojinin tarihle kar\u015f\u0131la\u015ft\u0131\u011f\u0131\u201d yerden, tarihsel sosyoloji penceresinden ele\u015ftirel bir yakla\u015f\u0131m, radikal bir itiraz getiriyor. Teschke\u2019ye g\u00f6re, ya\u015fananlar bir yandan tek bir tarihe, tek bir olguya s\u0131\u011fd\u0131r\u0131lamayacak kadar b\u00fcy\u00fck \u00f6l\u00e7ekli, uzun soluklu, kademeli bir d\u00f6n\u00fc\u015f\u00fcm\u00fcn safhalar\u0131; di\u011fer yandan, \u201cb\u00fcy\u00fck adamlar\u0131n\u201d imza att\u0131klar\u0131 antla\u015fmalar\u0131n \u00e7ok \u00f6tesinde m\u00fclkiyet ili\u015fkileri, s\u0131n\u0131f yap\u0131s\u0131, iktisadi cephe, toplumsal doku, jeopolitik gibi etkenleri i\u00e7eren karma\u015f\u0131k, \u00e7ok boyutlu bir s\u00fcrecin sonucu. Teschke\u2019ningetirdi\u011fi perspektifin, a\u00e7maya \u00e7al\u0131\u015ft\u0131\u011f\u0131 tart\u0131\u015fman\u0131n, uluslararas\u0131 ili\u015fkiler alan\u0131ndaki kimiegemen paradigmalarla girdi\u011fi hesapla\u015fman\u0131n, bu arada kaleme ald\u0131\u011f\u0131 konuya ili\u015fkin literat\u00fcr de\u011ferlendirmesinin ilgiye de\u011fer oldu\u011fu a\u015fik\u00e2r.<\/p>\n","protected":false},"excerpt":{"rendered":"<p>Bazen belli bir alanda ortaya at\u0131lan bir g\u00f6r\u00fc\u015f bask\u0131n hale gelir, zaman i\u00e7inde neredeyse tart\u0131\u015f\u0131lmaz nitelik kazan\u0131r, sonraki ku\u015faklar\u0131n da ele\u015ftirel bir bak\u0131\u015f getirmemesi sonucunda yeg\u00e2ne<span class=\"excerpt-hellip\"> [\u2026]<\/span><\/p>\n","protected":false},"featured_media":0,"template":"","meta":{"_monsterinsights_skip_tracking":false,"_monsterinsights_sitenote_active":false,"_monsterinsights_sitenote_note":"","_monsterinsights_sitenote_category":0},"product_brand":[],"product_cat":[13590,12337],"product_tag":[],"class_list":{"0":"post-782949","1":"product","2":"type-product","3":"status-publish","5":"product_cat-arastirma-inceleme-politika-siyaset","6":"product_cat-politika-siyaset","7":"pa_cilt-ciltsiz","8":"pa_tur-kitap","9":"pa_yayinevi-nika-yayinevi","10":"pa_yazar-benno-teschke","12":"first","13":"instock","14":"sale","15":"shipping-taxable","16":"purchasable","17":"product-type-simple"},"_links":{"self":[{"href":"https:\/\/roveyayinevi.com.tr\/index.php\/wp-json\/wp\/v2\/product\/782949","targetHints":{"allow":["GET"]}}],"collection":[{"href":"https:\/\/roveyayinevi.com.tr\/index.php\/wp-json\/wp\/v2\/product"}],"about":[{"href":"https:\/\/roveyayinevi.com.tr\/index.php\/wp-json\/wp\/v2\/types\/product"}],"wp:attachment":[{"href":"https:\/\/roveyayinevi.com.tr\/index.php\/wp-json\/wp\/v2\/media?parent=782949"}],"wp:term":[{"taxonomy":"product_brand","embeddable":true,"href":"https:\/\/roveyayinevi.com.tr\/index.php\/wp-json\/wp\/v2\/product_brand?post=782949"},{"taxonomy":"product_cat","embeddable":true,"href":"https:\/\/roveyayinevi.com.tr\/index.php\/wp-json\/wp\/v2\/product_cat?post=782949"},{"taxonomy":"product_tag","embeddable":true,"href":"https:\/\/roveyayinevi.com.tr\/index.php\/wp-json\/wp\/v2\/product_tag?post=782949"}],"curies":[{"name":"wp","href":"https:\/\/api.w.org\/{rel}","templated":true}]}}