{"id":782946,"date":"2026-02-23T13:08:09","date_gmt":"2026-02-23T10:08:09","guid":{"rendered":"https:\/\/roveyayinevi.com.tr\/index.php\/urun\/1960lardan-gunumuze-edebiyatimizda-kent-hakki-romanlari\/"},"modified":"2026-04-15T03:46:15","modified_gmt":"2026-04-15T00:46:15","slug":"1960lardan-gunumuze-edebiyatimizda-kent-hakki-romanlari","status":"publish","type":"product","link":"https:\/\/roveyayinevi.com.tr\/index.php\/urun\/1960lardan-gunumuze-edebiyatimizda-kent-hakki-romanlari\/","title":{"rendered":"1960\u2019lardan G\u00fcn\u00fcm\u00fcze Edebiyat\u0131m\u0131zda Kent Hakk\u0131 Romanlar\u0131"},"content":{"rendered":"<p>1960\u2019lardan G\u00fcn\u00fcm\u00fczeEdebiyat\u0131m\u0131zda Kent Hakk\u0131 Romanlar\u0131\u0130stanbul bir yanda Bo\u011faz\u2019\u0131 ve \u0131\u015f\u0131lt\u0131l\u0131 etkinlikleriyle par\u0131ldarken di\u011fer yanda mahalleler kimlik de\u011fi\u015ftiriyor, yoksullar merkezden sessizce \u00e7epere itiliyor, tarih\u00ee semtler h\u0131zla siliniyor. Bu s\u00fcrece, \u2018eski \u0130stanbul\u2019a duyulan nostaljinin, kente sonradan gelenleri d\u0131\u015flayan bir s\u00f6yleme d\u00f6n\u00fc\u015fmesi e\u015flik ediyor.Bu kitap, \u0130stanbul\u2019un bu iki bask\u0131n hik\u00e2yesini \u2014kentsel d\u00f6n\u00fc\u015f\u00fcm\u00fcn sert y\u00fcz\u00fc ile elitist nostaljisinind\u0131\u015flay\u0131c\u0131 dilini\u2014 Lefebvre\u2019in kent hakk\u0131 kavram\u0131 \u00fczerinden yeniden d\u00fc\u015f\u00fcnmeye davet ederken \u0130stanbul romanlar\u0131nda bu olgular\u0131n izini s\u00fcr\u00fcyor. Edebiyat\u0131m\u0131zda, nostaljik damar\u0131n kar\u015f\u0131s\u0131nda, \u0130stanbul\u2019da ya\u015fayan g\u00f6\u00e7men kahramanlar\u0131n bak\u0131\u015f\u0131 ve diliyle \u015fekillenen, \u201ckent hakk\u0131 romanlar\u0131\u201d olarakadland\u0131r\u0131labilecek ba\u015fka bir damar daha geli\u015fti\u011fini g\u00f6steriyor. Orhan Kemal ve Muzaffer \u0130zg\u00fc\u2019den Latife Tekin\u2019e, Ayhan Ge\u00e7gin ve Hatice Meryem\u2019den Orhan Pamuk\u2019a uzanan geni\u015f bir yelpazeyi incelerken,elitist damar\u0131n idealize etti\u011fi kay\u0131p \u0130stanbul\u2019la, bug\u00fcn kentin \u00e7eperinde tutunmaya \u00e7al\u0131\u015fan g\u00f6r\u00fcnmez topluluklar\u0131n sesi aras\u0131ndaki mesafeyi sorguluyor.<\/p>\n","protected":false},"excerpt":{"rendered":"<p>1960\u2019lardan G\u00fcn\u00fcm\u00fczeEdebiyat\u0131m\u0131zda Kent Hakk\u0131 Romanlar\u0131\u0130stanbul bir yanda Bo\u011faz\u2019\u0131 ve \u0131\u015f\u0131lt\u0131l\u0131 etkinlikleriyle par\u0131ldarken di\u011fer yanda mahalleler kimlik de\u011fi\u015ftiriyor, yoksullar merkezden sessizce \u00e7epere itiliyor, tarih\u00ee semtler h\u0131zla siliniyor.<span class=\"excerpt-hellip\"> [\u2026]<\/span><\/p>\n","protected":false},"featured_media":0,"template":"","meta":{"_monsterinsights_skip_tracking":false,"_monsterinsights_sitenote_active":false,"_monsterinsights_sitenote_note":"","_monsterinsights_sitenote_category":0},"product_brand":[],"product_cat":[20225,12291],"product_tag":[],"class_list":{"0":"post-782946","1":"product","2":"type-product","3":"status-publish","5":"product_cat-dil-bilim","6":"product_cat-edebiyat","7":"pa_cilt-ciltsiz","8":"pa_tur-kitap","9":"pa_yayinevi-koc-universitesi-yayinlari","10":"pa_yazar-n-buket-cengiz","12":"first","13":"instock","14":"sale","15":"shipping-taxable","16":"purchasable","17":"product-type-simple"},"_links":{"self":[{"href":"https:\/\/roveyayinevi.com.tr\/index.php\/wp-json\/wp\/v2\/product\/782946","targetHints":{"allow":["GET"]}}],"collection":[{"href":"https:\/\/roveyayinevi.com.tr\/index.php\/wp-json\/wp\/v2\/product"}],"about":[{"href":"https:\/\/roveyayinevi.com.tr\/index.php\/wp-json\/wp\/v2\/types\/product"}],"wp:attachment":[{"href":"https:\/\/roveyayinevi.com.tr\/index.php\/wp-json\/wp\/v2\/media?parent=782946"}],"wp:term":[{"taxonomy":"product_brand","embeddable":true,"href":"https:\/\/roveyayinevi.com.tr\/index.php\/wp-json\/wp\/v2\/product_brand?post=782946"},{"taxonomy":"product_cat","embeddable":true,"href":"https:\/\/roveyayinevi.com.tr\/index.php\/wp-json\/wp\/v2\/product_cat?post=782946"},{"taxonomy":"product_tag","embeddable":true,"href":"https:\/\/roveyayinevi.com.tr\/index.php\/wp-json\/wp\/v2\/product_tag?post=782946"}],"curies":[{"name":"wp","href":"https:\/\/api.w.org\/{rel}","templated":true}]}}