{"id":782945,"date":"2026-02-23T13:08:07","date_gmt":"2026-02-23T10:08:07","guid":{"rendered":"https:\/\/roveyayinevi.com.tr\/index.php\/urun\/kusurlarin-dogal-tarihi-buyuk-patlamadan-dnaya\/"},"modified":"2026-04-15T03:46:15","modified_gmt":"2026-04-15T00:46:15","slug":"kusurlarin-dogal-tarihi-buyuk-patlamadan-dnaya","status":"publish","type":"product","link":"https:\/\/roveyayinevi.com.tr\/index.php\/urun\/kusurlarin-dogal-tarihi-buyuk-patlamadan-dnaya\/","title":{"rendered":"Kusurlar\u0131n Do\u011fal Tarihi B\u00fcy\u00fck Patlama&#8217;dan Dna&#8217;ya"},"content":{"rendered":"<p>B\u00fcy\u00fck Patlama\u2019dan DNA\u2019ya Ya\u015fam sonu mutlu bitmi\u015f kaza ve hatalar\u0131n katalo\u011fudur. Kusurlar\u0131n Do\u011fal Tarihi\u2019nde Telmo Pievani gezegenimizdeki ya\u015fam\u0131n asl\u0131nda kusursuzlu\u011fu sayesinde de\u011fil, tam tersine kusurlulu\u011funa ra\u011fmen (hatta muhtemelen kusurlulu\u011fu sayesinde) serpilip geli\u015fti\u011fini g\u00f6steriyor. Hik\u00e2yesine evrenin \u00e7alkant\u0131l\u0131 (ve elbette birtak\u0131m sapmalara dayal\u0131) do\u011fu\u015f \u00f6yk\u00fcs\u00fcn\u00fc anlatarak ba\u015flayan yazar, ard\u0131ndan evrimi besleyen rastlant\u0131sal DNA kopyalama hatalar\u0131n\u0131, do\u011fal se\u00e7ilim yoluyla baz\u0131 avantajlar\u0131n nas\u0131l dezavantaja d\u00f6n\u00fc\u015febildi\u011fini, insan beyni dedi\u011fimiz o anatomik ke\u015fmeke\u015fin nas\u0131l meydana geldi\u011fini ve bedenimizdeki say\u0131s\u0131z kusur ve uyumsuzlu\u011fu ele al\u0131yor. Yol boyunca Pievani okurlara, devasa boynuzlar\u0131yla kusurlulu\u011fun ilk iki yasas\u0131n\u0131 \u00e7ok iyi \u00f6rnekleyen (binlerce y\u0131l \u00f6nce soyu t\u00fckenmi\u015f) \u0130rlanda musundan Yeni Zelanda\u2019ya \u00f6zg\u00fc kivi ku\u015flar\u0131na, kendi deyi\u015fiyle \u201cevrimin s\u0131f\u0131rdan tasarlanmam\u0131\u015f, donup kalm\u0131\u015f bir tesad\u00fcf\u00fc\u201d olan insan beyninin n\u00f6rokusurlulu\u011fundan insan icad\u0131 olan daktilo klavyelerindeki tuhafl\u0131klara dek do\u011fa ve ya\u015fam\u0131n onlarca anomalisinden bahsederken ilgin\u00e7 sorular sormaktan da geri durmuyor: E\u011fer bedenimizdeki t\u00fcm organ ve yap\u0131lar bir amaca hizmet ediyorsa neden apandisimiz var? Ka\u00e7\u0131n\u0131lmaz olarak bel a\u011fr\u0131s\u0131n\u0131 getirdi\u011fi halde neden iki ayak \u00fczerinde y\u00fcr\u00fcyoruz? Erkekler neden h\u00e2l\u00e2 meme u\u00e7lar\u0131 ta\u015f\u0131yor? Bu b\u00fcy\u00fcleyici anlat\u0131da Pievani, do\u011fadaki kusur ve hatalar\u0131n istisna de\u011fil kural oldu\u011funu g\u00f6steren ve ya\u015fam\u0131n tam da bu kusurlar sayesinde g\u00fczel ve yarat\u0131c\u0131 olabildi\u011fini a\u00e7\u0131klayan ilk kapsaml\u0131 kuramsal \u00e7er\u00e7eveyi bizlerle payla\u015f\u0131yor. Telmo Pievani, Padova \u00dcniversitesi\u2019nde biyoloji ve bilim felsefesi profes\u00f6r\u00fcd\u00fcr.<\/p>\n","protected":false},"excerpt":{"rendered":"<p>B\u00fcy\u00fck Patlama\u2019dan DNA\u2019ya Ya\u015fam sonu mutlu bitmi\u015f kaza ve hatalar\u0131n katalo\u011fudur. Kusurlar\u0131n Do\u011fal Tarihi\u2019nde Telmo Pievani gezegenimizdeki ya\u015fam\u0131n asl\u0131nda kusursuzlu\u011fu sayesinde de\u011fil, tam tersine kusurlulu\u011funa ra\u011fmen<span class=\"excerpt-hellip\"> [\u2026]<\/span><\/p>\n","protected":false},"featured_media":0,"template":"","meta":{"_monsterinsights_skip_tracking":false,"_monsterinsights_sitenote_active":false,"_monsterinsights_sitenote_note":"","_monsterinsights_sitenote_category":0},"product_brand":[],"product_cat":[13005,13006],"product_tag":[],"class_list":{"0":"post-782945","1":"product","2":"type-product","3":"status-publish","5":"product_cat-bilim-muhendislik","6":"product_cat-populer-bilim","7":"pa_cilt-ciltsiz","8":"pa_tur-kitap","9":"pa_yayinevi-koc-universitesi-yayinlari","10":"pa_yazar-telmo-pievani","12":"first","13":"instock","14":"sale","15":"shipping-taxable","16":"purchasable","17":"product-type-simple"},"_links":{"self":[{"href":"https:\/\/roveyayinevi.com.tr\/index.php\/wp-json\/wp\/v2\/product\/782945","targetHints":{"allow":["GET"]}}],"collection":[{"href":"https:\/\/roveyayinevi.com.tr\/index.php\/wp-json\/wp\/v2\/product"}],"about":[{"href":"https:\/\/roveyayinevi.com.tr\/index.php\/wp-json\/wp\/v2\/types\/product"}],"wp:attachment":[{"href":"https:\/\/roveyayinevi.com.tr\/index.php\/wp-json\/wp\/v2\/media?parent=782945"}],"wp:term":[{"taxonomy":"product_brand","embeddable":true,"href":"https:\/\/roveyayinevi.com.tr\/index.php\/wp-json\/wp\/v2\/product_brand?post=782945"},{"taxonomy":"product_cat","embeddable":true,"href":"https:\/\/roveyayinevi.com.tr\/index.php\/wp-json\/wp\/v2\/product_cat?post=782945"},{"taxonomy":"product_tag","embeddable":true,"href":"https:\/\/roveyayinevi.com.tr\/index.php\/wp-json\/wp\/v2\/product_tag?post=782945"}],"curies":[{"name":"wp","href":"https:\/\/api.w.org\/{rel}","templated":true}]}}